{"id":98,"date":"2021-11-19T06:41:22","date_gmt":"2021-11-19T09:41:22","guid":{"rendered":"http:\/\/ppgsc.uea.edu.br\/?page_id=98"},"modified":"2024-07-22T16:31:19","modified_gmt":"2024-07-22T19:31:19","slug":"processo-seletivo","status":"publish","type":"page","link":"https:\/\/ppgsc.uea.edu.br\/index.php\/processo-seletivo\/","title":{"rendered":"Processo Seletivo"},"content":{"rendered":"<p>[et_pb_section fb_built=&#8221;1&#8243; _builder_version=&#8221;4.16&#8243; custom_padding=&#8221;0px||0px|||&#8221; da_disable_devices=&#8221;off|off|off&#8221; global_colors_info=&#8221;{}&#8221; da_is_popup=&#8221;off&#8221; da_exit_intent=&#8221;off&#8221; da_has_close=&#8221;on&#8221; da_alt_close=&#8221;off&#8221; da_dark_close=&#8221;off&#8221; da_not_modal=&#8221;on&#8221; da_is_singular=&#8221;off&#8221; da_with_loader=&#8221;off&#8221; da_has_shadow=&#8221;on&#8221;][et_pb_row _builder_version=&#8221;4.16&#8243; width=&#8221;100%&#8221; max_width=&#8221;100%&#8221; custom_padding=&#8221;0px||3px|||&#8221; global_colors_info=&#8221;{}&#8221;][et_pb_column type=&#8221;4_4&#8243; _builder_version=&#8221;4.16&#8243; global_colors_info=&#8221;{}&#8221;][et_pb_slider _builder_version=&#8221;4.16&#8243; custom_padding=&#8221;6%||||false|false&#8221; global_colors_info=&#8221;{}&#8221;][et_pb_slide heading=&#8221;@ET-DC@eyJkeW5hbWljIjp0cnVlLCJjb250ZW50IjoicG9zdF90aXRsZSIsInNldHRpbmdzIjp7ImJlZm9yZSI6IiIsImFmdGVyIjoiIn19@&#8221; _builder_version=&#8221;4.16&#8243; _dynamic_attributes=&#8221;heading&#8221; header_font=&#8221;|700|||||||&#8221; header_font_size=&#8221;45px&#8221; background_color=&#8221;#d58c3d&#8221; background_enable_color=&#8221;on&#8221; background_image=&#8221;http:\/\/ppgsc.uea.edu.br\/wp-content\/uploads\/2021\/11\/Fundo-titulos@2x.png&#8221; background_enable_image=&#8221;on&#8221; background_position=&#8221;bottom_center&#8221; header_font_size_tablet=&#8221;40px&#8221; header_font_size_phone=&#8221;&#8221; header_font_size_last_edited=&#8221;on|desktop&#8221; global_colors_info=&#8221;{}&#8221; sticky_transition=&#8221;on&#8221;][\/et_pb_slide][\/et_pb_slider][\/et_pb_column][\/et_pb_row][\/et_pb_section][et_pb_section fb_built=&#8221;1&#8243; admin_label=&#8221;Service Section&#8221; _builder_version=&#8221;4.16&#8243; custom_margin=&#8221;|||&#8221; custom_padding=&#8221;35px||226px|||&#8221; da_disable_devices=&#8221;off|off|off&#8221; global_colors_info=&#8221;{}&#8221; da_is_popup=&#8221;off&#8221; da_exit_intent=&#8221;off&#8221; da_has_close=&#8221;on&#8221; da_alt_close=&#8221;off&#8221; da_dark_close=&#8221;off&#8221; da_not_modal=&#8221;on&#8221; da_is_singular=&#8221;off&#8221; da_with_loader=&#8221;off&#8221; da_has_shadow=&#8221;on&#8221;][et_pb_row column_structure=&#8221;1_4,3_4&#8243; use_custom_gutter=&#8221;on&#8221; gutter_width=&#8221;2&#8243; admin_label=&#8221;Service Section Title&#8221; _builder_version=&#8221;4.16&#8243; width=&#8221;100%&#8221; custom_margin=&#8221;20px||||false|false&#8221; custom_padding=&#8221;||20px|20px|false|false&#8221; animation_style=&#8221;fade&#8221; animation_direction=&#8221;top&#8221; border_width_bottom=&#8221;4px&#8221; border_color_bottom=&#8221;#a23123&#8243; border_color_left=&#8221;#a23123&#8243; saved_tabs=&#8221;all&#8221; global_colors_info=&#8221;{}&#8221; custom_margin__hover_enabled=&#8221;off|desktop&#8221;][et_pb_column type=&#8221;1_4&#8243; _builder_version=&#8221;4.16&#8243; custom_padding=&#8221;|||&#8221; global_colors_info=&#8221;{}&#8221; custom_padding__hover=&#8221;|||&#8221;][et_pb_text _builder_version=&#8221;4.24.3&#8243; header_2_font=&#8221;|700||on|||||&#8221; header_2_text_align=&#8221;center&#8221; header_2_font_size=&#8221;30px&#8221; header_2_line_height=&#8221;1.3em&#8221; custom_padding=&#8221;20%||||false|false&#8221; global_colors_info=&#8221;{}&#8221;]<\/p>\n<h2>Turma Regular 2024<\/h2>\n<p>[\/et_pb_text][\/et_pb_column][et_pb_column type=&#8221;3_4&#8243; _builder_version=&#8221;4.16&#8243; custom_padding=&#8221;|||&#8221; global_colors_info=&#8221;{}&#8221; custom_padding__hover=&#8221;|||&#8221;][et_pb_blurb title=&#8221;Detalhes da sele\u00e7\u00e3o&#8221; content_max_width=&#8221;100%&#8221; _builder_version=&#8221;4.24.3&#8243; header_font=&#8221;|700|||||||&#8221; header_font_size=&#8221;18px&#8221; header_line_height=&#8221;1.2em&#8221; body_text_align=&#8221;justify&#8221; global_colors_info=&#8221;{}&#8221;]<\/p>\n<p><strong>T\u00edtulo:<\/strong> Edital N\u00ba48\/2024 -GR\/UEA &#8211; Mestrado em Sa\u00fade Coletiva (PPGSC)<br \/><strong>Edital Abertura:<\/strong> N\u00ba48\/2024<br \/><strong>Unidade:<\/strong> ESCOLA SUPERIOR DE CIENCIAS DA SAUDE<br \/><strong>In\u00edcio Inscri\u00e7\u00e3o:<\/strong> 08\/08\/2024<br \/><strong>T\u00e9rmino Inscri\u00e7\u00e3o:<\/strong> 09\/09\/2024<br \/><strong>Sinopse:<\/strong> O Reitor da Universidade do Estado do Amazonas no uso de suas atribui\u00e7\u00f5es que lhe s\u00e3o conferidas pela legisla\u00e7\u00e3o vigente, torna p\u00fablica a abertura das inscri\u00e7\u00f5es do processo seletivo de candidatos para o curso de Mestrado Acad\u00eamico em Sa\u00fade Coletiva, ingresso 2024.<\/p>\n<p>[\/et_pb_blurb][et_pb_button button_url=&#8221;https:\/\/selecao1.uea.edu.br\/?dest=info&#038;selecao=10408&#8243; url_new_window=&#8221;on&#8221; button_text=&#8221;Edital&#8221; _builder_version=&#8221;4.24.3&#8243; custom_button=&#8221;on&#8221; button_text_size=&#8221;16px&#8221; button_bg_color=&#8221;#a23123&#8243; button_font=&#8221;|600|||||||&#8221; global_colors_info=&#8221;{}&#8221;][\/et_pb_button][\/et_pb_column][\/et_pb_row][et_pb_row column_structure=&#8221;1_4,3_4&#8243; use_custom_gutter=&#8221;on&#8221; gutter_width=&#8221;2&#8243; admin_label=&#8221;Service Section Title&#8221; _builder_version=&#8221;4.16&#8243; width=&#8221;100%&#8221; custom_margin=&#8221;20px||||false|false&#8221; custom_padding=&#8221;||20px|20px|false|false&#8221; animation_style=&#8221;fade&#8221; animation_direction=&#8221;top&#8221; border_width_bottom=&#8221;4px&#8221; border_color_bottom=&#8221;#a23123&#8243; border_color_left=&#8221;#a23123&#8243; saved_tabs=&#8221;all&#8221; global_colors_info=&#8221;{}&#8221; custom_margin__hover_enabled=&#8221;off|desktop&#8221;][et_pb_column type=&#8221;1_4&#8243; _builder_version=&#8221;4.16&#8243; custom_padding=&#8221;|||&#8221; global_colors_info=&#8221;{}&#8221; custom_padding__hover=&#8221;|||&#8221;][et_pb_text _builder_version=&#8221;4.16&#8243; header_2_font=&#8221;|700||on|||||&#8221; header_2_text_align=&#8221;center&#8221; header_2_font_size=&#8221;30px&#8221; header_2_line_height=&#8221;1.3em&#8221; custom_padding=&#8221;20%||||false|false&#8221; global_colors_info=&#8221;{}&#8221;]<\/p>\n<h2>turma regular 2023<\/h2>\n<p>[\/et_pb_text][\/et_pb_column][et_pb_column type=&#8221;3_4&#8243; _builder_version=&#8221;4.16&#8243; custom_padding=&#8221;|||&#8221; global_colors_info=&#8221;{}&#8221; custom_padding__hover=&#8221;|||&#8221;][et_pb_blurb title=&#8221;Detalhes da sele\u00e7\u00e3o&#8221; content_max_width=&#8221;100%&#8221; _builder_version=&#8221;4.24.3&#8243; header_font=&#8221;|700|||||||&#8221; header_font_size=&#8221;18px&#8221; header_line_height=&#8221;1.2em&#8221; body_text_align=&#8221;justify&#8221; global_colors_info=&#8221;{}&#8221;]<\/p>\n<p><strong>T\u00edtulo:<\/strong> Edital N\u00ba 119\/2022 GR\/UEA &#8211; Mestrado em Sa\u00fade Coletiva (PPGSC)<br \/><strong>Edital Abertura:<\/strong> N\u00ba 079\/2021<br \/><strong>Unidade:<\/strong> ESCOLA SUPERIOR DE CIENCIAS DA SAUDE<br \/><strong>In\u00edcio Inscri\u00e7\u00e3o:<\/strong> 03\/10\/2022<br \/><strong>T\u00e9rmino Inscri\u00e7\u00e3o:<\/strong> 16\/11\/2022<br \/><strong>Sinopse:<\/strong> O Reitor da Universidade do Estado do Amazonas no uso das atribui\u00e7\u00f5es que lhe s\u00e3o conferidas pela legisla\u00e7\u00e3o vigente, torna p\u00fablica a realiza\u00e7\u00e3o de sele\u00e7\u00e3o para admiss\u00e3o de alunos para o Curso de Mestrado Acad\u00eamico em Sa\u00fade Coletiva, oferecido pela Universidade, na forma deste Edital.<\/p>\n<p>[\/et_pb_blurb][et_pb_button button_url=&#8221;https:\/\/selecao1.uea.edu.br\/?dest=info&#038;selecao=7023&#8243; url_new_window=&#8221;on&#8221; button_text=&#8221;Edital&#8221; _builder_version=&#8221;4.16&#8243; custom_button=&#8221;on&#8221; button_text_size=&#8221;16px&#8221; button_bg_color=&#8221;#a23123&#8243; button_font=&#8221;|600|||||||&#8221; global_colors_info=&#8221;{}&#8221;][\/et_pb_button][et_pb_button button_url=&#8221;https:\/\/selecao1.uea.edu.br\/?dest=info&#038;selecao=7023&#8243; url_new_window=&#8221;on&#8221; button_text=&#8221;Resultados&#8221; disabled_on=&#8221;on|on|on&#8221; _builder_version=&#8221;4.16&#8243; custom_button=&#8221;on&#8221; button_text_size=&#8221;16px&#8221; button_bg_color=&#8221;#a23123&#8243; button_font=&#8221;|600|||||||&#8221; disabled=&#8221;on&#8221; global_colors_info=&#8221;{}&#8221;][\/et_pb_button][\/et_pb_column][\/et_pb_row][et_pb_row column_structure=&#8221;1_4,3_4&#8243; use_custom_gutter=&#8221;on&#8221; gutter_width=&#8221;2&#8243; admin_label=&#8221;Service Section Title&#8221; _builder_version=&#8221;4.16&#8243; width=&#8221;100%&#8221; custom_margin=&#8221;20px||||false|false&#8221; custom_padding=&#8221;||20px|20px|false|false&#8221; animation_style=&#8221;fade&#8221; animation_direction=&#8221;top&#8221; border_width_bottom=&#8221;4px&#8221; border_color_bottom=&#8221;#a23123&#8243; border_color_left=&#8221;#a23123&#8243; saved_tabs=&#8221;all&#8221; global_colors_info=&#8221;{}&#8221; custom_margin__hover_enabled=&#8221;off|desktop&#8221;][et_pb_column type=&#8221;1_4&#8243; _builder_version=&#8221;4.16&#8243; custom_padding=&#8221;|||&#8221; global_colors_info=&#8221;{}&#8221; custom_padding__hover=&#8221;|||&#8221;][et_pb_text _builder_version=&#8221;4.16&#8243; header_2_font=&#8221;|700||on|||||&#8221; header_2_text_align=&#8221;center&#8221; header_2_font_size=&#8221;30px&#8221; header_2_line_height=&#8221;1.3em&#8221; custom_padding=&#8221;20%||||false|false&#8221; global_colors_info=&#8221;{}&#8221;]<\/p>\n<h2><span>turma regular 2022<\/span><\/h2>\n<p>[\/et_pb_text][\/et_pb_column][et_pb_column type=&#8221;3_4&#8243; _builder_version=&#8221;4.16&#8243; custom_padding=&#8221;|||&#8221; global_colors_info=&#8221;{}&#8221; custom_padding__hover=&#8221;|||&#8221;][et_pb_blurb title=&#8221;Detalhes da sele\u00e7\u00e3o&#8221; content_max_width=&#8221;100%&#8221; _builder_version=&#8221;4.16&#8243; header_font=&#8221;|700|||||||&#8221; header_font_size=&#8221;18px&#8221; header_line_height=&#8221;1.2em&#8221; body_text_align=&#8221;justify&#8221; global_colors_info=&#8221;{}&#8221;]<\/p>\n<p><strong>T\u00edtulo:<\/strong> <span>Edital N\u00ba079\/2021 -GR\/UEA &#8211; Mestrado em Sa\u00fade Coletiva (PPGSC)<\/span><br \/> <strong>Edital Abertura:<\/strong> <span>N\u00ba 079\/2021<\/span><br \/> <strong>Unidade:<\/strong> ESCOLA SUPERIOR DE CIENCIAS DA SAUDE<br \/> <strong>In\u00edcio Inscri\u00e7\u00e3o:<\/strong> <span>03\/12\/2021<\/span><br \/> <strong>T\u00e9rmino Inscri\u00e7\u00e3o:<\/strong> <span>07\/01\/2022<\/span><br \/> <strong>Sinopse:<\/strong> <span>O Reitor da Universidade do Estado do Amazonas no uso das atribui\u00e7\u00f5es que lhe s\u00e3o conferidas pela legisla\u00e7\u00e3o vigente, torna p\u00fablica a realiza\u00e7\u00e3o de sele\u00e7\u00e3o para admiss\u00e3o de alunos para o Curso de Mestrado Acad\u00eamico em Sa\u00fade Coletiva, oferecido pela Universidade, ingresso 2022.<\/span><\/p>\n<p>[\/et_pb_blurb][et_pb_button button_url=&#8221;https:\/\/selecao2.uea.edu.br\/?dest=info&#038;selecao=4901&#8243; url_new_window=&#8221;on&#8221; button_text=&#8221;Edital&#8221; _builder_version=&#8221;4.16&#8243; custom_button=&#8221;on&#8221; button_text_size=&#8221;16px&#8221; button_bg_color=&#8221;#a23123&#8243; button_font=&#8221;|600|||||||&#8221; global_colors_info=&#8221;{}&#8221;][\/et_pb_button][et_pb_button button_url=&#8221;https:\/\/selecao1.uea.edu.br\/?dest=info&#038;selecao=3464%20&#8243; url_new_window=&#8221;on&#8221; button_text=&#8221;Resultados&#8221; disabled_on=&#8221;on|on|on&#8221; _builder_version=&#8221;4.16&#8243; custom_button=&#8221;on&#8221; button_text_size=&#8221;16px&#8221; button_bg_color=&#8221;#a23123&#8243; button_font=&#8221;|600|||||||&#8221; disabled=&#8221;on&#8221; global_colors_info=&#8221;{}&#8221;][\/et_pb_button][\/et_pb_column][\/et_pb_row][et_pb_row column_structure=&#8221;1_4,3_4&#8243; use_custom_gutter=&#8221;on&#8221; gutter_width=&#8221;2&#8243; admin_label=&#8221;Service Section Title&#8221; _builder_version=&#8221;4.16&#8243; width=&#8221;100%&#8221; custom_margin=&#8221;20px||||false|false&#8221; custom_padding=&#8221;||20px|20px|false|false&#8221; animation_style=&#8221;fade&#8221; animation_direction=&#8221;top&#8221; border_width_bottom=&#8221;4px&#8221; border_color_bottom=&#8221;#a23123&#8243; border_color_left=&#8221;#a23123&#8243; saved_tabs=&#8221;all&#8221; global_colors_info=&#8221;{}&#8221; custom_margin__hover_enabled=&#8221;off|desktop&#8221;][et_pb_column type=&#8221;1_4&#8243; _builder_version=&#8221;4.16&#8243; custom_padding=&#8221;|||&#8221; global_colors_info=&#8221;{}&#8221; custom_padding__hover=&#8221;|||&#8221;][et_pb_text _builder_version=&#8221;4.16&#8243; header_2_font=&#8221;|700||on|||||&#8221; header_2_text_align=&#8221;center&#8221; header_2_font_size=&#8221;30px&#8221; header_2_line_height=&#8221;1.3em&#8221; custom_padding=&#8221;20%||||false|false&#8221; global_colors_info=&#8221;{}&#8221;]<\/p>\n<h2>Aluno Especial 2021\/1<\/h2>\n<p>[\/et_pb_text][\/et_pb_column][et_pb_column type=&#8221;3_4&#8243; _builder_version=&#8221;4.16&#8243; custom_padding=&#8221;|||&#8221; global_colors_info=&#8221;{}&#8221; custom_padding__hover=&#8221;|||&#8221;][et_pb_blurb title=&#8221;Detalhes da sele\u00e7\u00e3o&#8221; content_max_width=&#8221;100%&#8221; _builder_version=&#8221;4.16&#8243; header_font=&#8221;|700|||||||&#8221; header_font_size=&#8221;18px&#8221; header_line_height=&#8221;1.2em&#8221; body_text_align=&#8221;justify&#8221; global_colors_info=&#8221;{}&#8221;]<\/p>\n<p><strong>T\u00edtulo:<\/strong> Processo Seletivo ALUNO ESPECIAL 2021\/1 &#8211; Mestrado em Sa\u00fade Coletiva (PPGSC)<br \/> <strong>Edital Abertura:<\/strong> Chamada P\u00fablica<br \/> <strong>Unidade:<\/strong> ESCOLA SUPERIOR DE CIENCIAS DA SAUDE<br \/> <strong>In\u00edcio Inscri\u00e7\u00e3o:<\/strong> 18\/02\/2021<br \/> <strong>T\u00e9rmino Inscri\u00e7\u00e3o:<\/strong> 24\/02\/2021<br \/> <strong>Sinopse:<\/strong> O Programa de P\u00f3s-Gradua\u00e7\u00e3o em Sa\u00fade Coletiva da Universidade do Estado do Amazonas (PPGSC\/UEA) no uso de suas atribui\u00e7\u00f5es legais, torna p\u00fablico e estabelece as normas do processo seletivo para candidatos externos interessados em cursar as disciplinas oferecidas para o primeiro semestre de 2021.<\/p>\n<p>[\/et_pb_blurb][et_pb_button button_url=&#8221;https:\/\/selecao1.uea.edu.br\/?dest=info&#038;selecao=3464&#8243; url_new_window=&#8221;on&#8221; button_text=&#8221;Edital&#8221; _builder_version=&#8221;4.16&#8243; custom_button=&#8221;on&#8221; button_text_size=&#8221;16px&#8221; button_bg_color=&#8221;#a23123&#8243; button_font=&#8221;|600|||||||&#8221; global_colors_info=&#8221;{}&#8221;][\/et_pb_button][et_pb_button button_url=&#8221;https:\/\/selecao1.uea.edu.br\/?dest=info&#038;selecao=3464%20&#8243; url_new_window=&#8221;on&#8221; button_text=&#8221;Resultados&#8221; _builder_version=&#8221;4.16&#8243; custom_button=&#8221;on&#8221; button_text_size=&#8221;16px&#8221; button_bg_color=&#8221;#a23123&#8243; button_font=&#8221;|600|||||||&#8221; global_colors_info=&#8221;{}&#8221;][\/et_pb_button][\/et_pb_column][\/et_pb_row][et_pb_row column_structure=&#8221;1_4,3_4&#8243; use_custom_gutter=&#8221;on&#8221; gutter_width=&#8221;2&#8243; admin_label=&#8221;Service Section Title&#8221; _builder_version=&#8221;4.16&#8243; width=&#8221;100%&#8221; custom_margin=&#8221;20px||||false|false&#8221; custom_padding=&#8221;||20px|20px|false|false&#8221; animation_style=&#8221;fade&#8221; animation_direction=&#8221;top&#8221; border_width_bottom=&#8221;4px&#8221; border_color_bottom=&#8221;#a23123&#8243; border_color_left=&#8221;#a23123&#8243; saved_tabs=&#8221;all&#8221; global_colors_info=&#8221;{}&#8221; custom_margin__hover_enabled=&#8221;off|desktop&#8221;][et_pb_column type=&#8221;1_4&#8243; _builder_version=&#8221;4.16&#8243; custom_padding=&#8221;|||&#8221; global_colors_info=&#8221;{}&#8221; custom_padding__hover=&#8221;|||&#8221;][et_pb_text _builder_version=&#8221;4.16&#8243; header_2_font=&#8221;|700||on|||||&#8221; header_2_text_align=&#8221;center&#8221; header_2_font_size=&#8221;30px&#8221; header_2_line_height=&#8221;1.3em&#8221; custom_padding=&#8221;20%||||false|false&#8221; global_colors_info=&#8221;{}&#8221;]<\/p>\n<h2>Turma Regular 2021<\/h2>\n<p>[\/et_pb_text][\/et_pb_column][et_pb_column type=&#8221;3_4&#8243; _builder_version=&#8221;4.16&#8243; custom_padding=&#8221;|||&#8221; global_colors_info=&#8221;{}&#8221; custom_padding__hover=&#8221;|||&#8221;][et_pb_blurb title=&#8221;Detalhes da sele\u00e7\u00e3o&#8221; content_max_width=&#8221;100%&#8221; _builder_version=&#8221;4.16&#8243; header_font=&#8221;|700|||||||&#8221; header_font_size=&#8221;18px&#8221; header_line_height=&#8221;1.2em&#8221; body_text_align=&#8221;justify&#8221; global_colors_info=&#8221;{}&#8221;]<\/p>\n<p><strong>T\u00edtulo:<\/strong> Edital N\u00ba043\/2020 -GR\/UEA &#8211; Mestrado em Sa\u00fade Coletiva (PPGSC)<br \/> <strong>Edital Abertura:<\/strong> N\u00ba043\/2020<br \/> <strong>Unidade:<\/strong> ESCOLA SUPERIOR DE CIENCIAS DA SAUDE<br \/> <strong>In\u00edcio Inscri\u00e7\u00e3o:<\/strong> 04\/08\/2020<br \/> <strong>T\u00e9rmino Inscri\u00e7\u00e3o:<\/strong> 24\/09\/2020<br \/> <strong>Sinopse:<\/strong> O Reitor da Universidade do Estado do Amazonas no uso de suas atribui\u00e7\u00f5es que lhe s\u00e3o conferidas pela legisla\u00e7\u00e3o vigente, torna p\u00fablica a abertura das inscri\u00e7\u00f5es do processo seletivo de candidatos para o curso de Mestrado Acad\u00eamico em Sa\u00fade Coletiva, ingresso 2021.<\/p>\n<p>[\/et_pb_blurb][et_pb_button button_url=&#8221;https:\/\/selecao1.uea.edu.br\/?dest=info&#038;selecao=2902&#8243; url_new_window=&#8221;on&#8221; button_text=&#8221;Edital&#8221; _builder_version=&#8221;4.16&#8243; custom_button=&#8221;on&#8221; button_text_size=&#8221;16px&#8221; button_bg_color=&#8221;#a23123&#8243; button_font=&#8221;|600|||||||&#8221; global_colors_info=&#8221;{}&#8221;][\/et_pb_button][et_pb_button button_url=&#8221;https:\/\/selecao1.uea.edu.br\/?dest=info&#038;selecao=2902%20&#8243; url_new_window=&#8221;on&#8221; button_text=&#8221;Resultados&#8221; _builder_version=&#8221;4.16&#8243; custom_button=&#8221;on&#8221; button_text_size=&#8221;16px&#8221; button_bg_color=&#8221;#a23123&#8243; button_font=&#8221;|600|||||||&#8221; global_colors_info=&#8221;{}&#8221;][\/et_pb_button][\/et_pb_column][\/et_pb_row][\/et_pb_section]<\/p>\n","protected":false},"excerpt":{"rendered":"<p>Turma Regular 2024T\u00edtulo: Edital N\u00ba48\/2024 -GR\/UEA &#8211; Mestrado em Sa\u00fade Coletiva (PPGSC)Edital Abertura: N\u00ba48\/2024Unidade: ESCOLA SUPERIOR DE CIENCIAS DA SAUDEIn\u00edcio Inscri\u00e7\u00e3o: 08\/08\/2024T\u00e9rmino Inscri\u00e7\u00e3o: 09\/09\/2024Sinopse: O Reitor da Universidade do Estado do Amazonas no uso de suas atribui\u00e7\u00f5es que lhe s\u00e3o conferidas pela legisla\u00e7\u00e3o vigente, torna p\u00fablica a abertura das inscri\u00e7\u00f5es do processo seletivo de candidatos [&hellip;]<\/p>\n","protected":false},"author":1,"featured_media":0,"parent":0,"menu_order":0,"comment_status":"closed","ping_status":"closed","template":"","meta":{"_et_pb_use_builder":"on","_et_pb_old_content":"","_et_gb_content_width":"","om_disable_all_campaigns":false,"footnotes":""},"class_list":["post-98","page","type-page","status-publish","hentry"],"aioseo_notices":[],"_links":{"self":[{"href":"https:\/\/ppgsc.uea.edu.br\/index.php\/wp-json\/wp\/v2\/pages\/98","targetHints":{"allow":["GET"]}}],"collection":[{"href":"https:\/\/ppgsc.uea.edu.br\/index.php\/wp-json\/wp\/v2\/pages"}],"about":[{"href":"https:\/\/ppgsc.uea.edu.br\/index.php\/wp-json\/wp\/v2\/types\/page"}],"author":[{"embeddable":true,"href":"https:\/\/ppgsc.uea.edu.br\/index.php\/wp-json\/wp\/v2\/users\/1"}],"replies":[{"embeddable":true,"href":"https:\/\/ppgsc.uea.edu.br\/index.php\/wp-json\/wp\/v2\/comments?post=98"}],"version-history":[{"count":12,"href":"https:\/\/ppgsc.uea.edu.br\/index.php\/wp-json\/wp\/v2\/pages\/98\/revisions"}],"predecessor-version":[{"id":278281,"href":"https:\/\/ppgsc.uea.edu.br\/index.php\/wp-json\/wp\/v2\/pages\/98\/revisions\/278281"}],"wp:attachment":[{"href":"https:\/\/ppgsc.uea.edu.br\/index.php\/wp-json\/wp\/v2\/media?parent=98"}],"curies":[{"name":"wp","href":"https:\/\/api.w.org\/{rel}","templated":true}]}}