{"id":71,"date":"2021-11-19T06:32:15","date_gmt":"2021-11-19T09:32:15","guid":{"rendered":"http:\/\/ppgsc.uea.edu.br\/?page_id=71"},"modified":"2021-12-17T12:09:21","modified_gmt":"2021-12-17T15:09:21","slug":"infraestrutura","status":"publish","type":"page","link":"https:\/\/ppgsc.uea.edu.br\/index.php\/infraestrutura\/","title":{"rendered":"Infraestrutura"},"content":{"rendered":"<p>[et_pb_section fb_built=&#8221;1&#8243; _builder_version=&#8221;4.11.4&#8243; custom_padding=&#8221;0px||0px|||&#8221; da_disable_devices=&#8221;off|off|off&#8221; da_is_popup=&#8221;off&#8221; da_exit_intent=&#8221;off&#8221; da_has_close=&#8221;on&#8221; da_alt_close=&#8221;off&#8221; da_dark_close=&#8221;off&#8221; da_not_modal=&#8221;on&#8221; da_is_singular=&#8221;off&#8221; da_with_loader=&#8221;off&#8221; da_has_shadow=&#8221;on&#8221;][et_pb_row _builder_version=&#8221;4.11.4&#8243; width=&#8221;100%&#8221; max_width=&#8221;100%&#8221; custom_padding=&#8221;0px||3px|||&#8221;][et_pb_column type=&#8221;4_4&#8243; _builder_version=&#8221;4.11.4&#8243;][et_pb_slider _builder_version=&#8221;4.4.8&#8243; custom_padding=&#8221;6%||||false|false&#8221;][et_pb_slide heading=&#8221;@ET-DC@eyJkeW5hbWljIjp0cnVlLCJjb250ZW50IjoicG9zdF90aXRsZSIsInNldHRpbmdzIjp7ImJlZm9yZSI6IiIsImFmdGVyIjoiIn19@&#8221; _builder_version=&#8221;4.4.8&#8243; _dynamic_attributes=&#8221;heading&#8221; header_font=&#8221;|700|||||||&#8221; header_font_size=&#8221;45px&#8221; background_color=&#8221;#d58c3d&#8221; background_enable_color=&#8221;on&#8221; background_image=&#8221;http:\/\/ppgsc.uea.edu.br\/wp-content\/uploads\/2021\/11\/Fundo-titulos@2x.png&#8221; background_enable_image=&#8221;on&#8221; background_position=&#8221;bottom_center&#8221; header_font_size_tablet=&#8221;40px&#8221; header_font_size_phone=&#8221;&#8221; header_font_size_last_edited=&#8221;on|desktop&#8221;][\/et_pb_slide][\/et_pb_slider][\/et_pb_column][\/et_pb_row][\/et_pb_section][et_pb_section fb_built=&#8221;1&#8243; admin_label=&#8221;Service Section&#8221; _builder_version=&#8221;3.22&#8243; custom_margin=&#8221;|||&#8221; custom_padding=&#8221;35px||110px|||&#8221; da_disable_devices=&#8221;off|off|off&#8221; da_is_popup=&#8221;off&#8221; da_exit_intent=&#8221;off&#8221; da_has_close=&#8221;on&#8221; da_alt_close=&#8221;off&#8221; da_dark_close=&#8221;off&#8221; da_not_modal=&#8221;on&#8221; da_is_singular=&#8221;off&#8221; da_with_loader=&#8221;off&#8221; da_has_shadow=&#8221;on&#8221;][et_pb_row admin_label=&#8221;Service Section Title&#8221; _builder_version=&#8221;3.25&#8243; custom_margin=&#8221;|auto|-2px|auto||&#8221; custom_padding=&#8221;||5px|||&#8221; animation_style=&#8221;fade&#8221; animation_direction=&#8221;top&#8221; saved_tabs=&#8221;all&#8221;][et_pb_column type=&#8221;4_4&#8243; _builder_version=&#8221;3.25&#8243; custom_padding=&#8221;|||&#8221; custom_padding__hover=&#8221;|||&#8221;][et_pb_text admin_label=&#8221;Title&#8221; _builder_version=&#8221;4.4.8&#8243; text_font=&#8221;Noto Sans||||||||&#8221; text_font_size=&#8221;16px&#8221; text_line_height=&#8221;1.4em&#8221; header_font=&#8221;||||||||&#8221; header_2_font=&#8221;Noto Sans|700||on|||||&#8221; header_2_font_size=&#8221;30px&#8221; header_2_line_height=&#8221;1.3em&#8221; text_orientation=&#8221;justified&#8221; module_alignment=&#8221;center&#8221; custom_margin=&#8221;||46px|||&#8221; animation_style=&#8221;slide&#8221; animation_direction=&#8221;bottom&#8221; animation_intensity_slide=&#8221;4%&#8221; hover_enabled=&#8221;0&#8243;]<\/p>\n<p><strong>Biblioteca ligada \u00e0 rede mundial de computadores:<\/strong><\/p>\n<p>Sistema Integrado de Bibliotecas &#8211; SIB\/ UEA \u00e9 estruturado em (01) uma Biblioteca Central e 24 (vinte e quatro) Bibliotecas Setoriais localizadas nas Escolas.<\/p>\n<p>Superiores, Centros de Estudos Superiores e N\u00facleos de Estudos Superiores, todas elas diretamente interligadas \u00e0 Biblioteca Central que promove a integra\u00e7\u00e3o, padroniza\u00e7\u00e3o dos servi\u00e7os e processos: cataloga\u00e7\u00e3o, classifica\u00e7\u00e3o, registro, al\u00e9m do atendimento in loco e on-line do acervo bibliogr\u00e1fico pela comunidade atrav\u00e9s do Pergamum, um sistema que permite ao aluno pesquisar e fazer reservas e renova\u00e7\u00f5es de t\u00edtulos via internet. O Pergamum j\u00e1 \u00e9 utilizado em cerca de 48 institui\u00e7\u00f5es de n\u00edvel superior do pa\u00eds, o que possibilita aos alunos da UEA consulta ao acervo dessas institui\u00e7\u00f5es. O acervo bibliogr\u00e1fico \u00e9 composto por 59.723 t\u00edtulos, 157.560 exemplares e 2.725 materiais adicionais.<\/p>\n<p>A Biblioteca Setorial de Ci\u00eancias da Sa\u00fade 692 m2 de \u00e1rea constru\u00edda, com 3.250 t\u00edtulos e 8.704 exemplares em seu acervo bibliogr\u00e1fico, al\u00e9m do acesso \u00e0 base de dados UpToDate, Biblioteca Virtual da Pearson e ao Portal de Peri\u00f3dicos CAPES. Sua estrutura f\u00edsica \u00e9 composta por 02 sal\u00f5es de leitura com capacidade para 120 lugares, laborat\u00f3rio de inform\u00e1tica para 16 lugares, 35 cabines de estudo individual, 36 lugares para estudo em grupo, 08 esta\u00e7\u00f5es para produ\u00e7\u00e3o cient\u00edfica, wi-fi em todo espa\u00e7o, ambiente de acessibilidade e interatividade, acervo, espa\u00e7o retr\u00f4, administra\u00e7\u00e3o e atendimento ao usu\u00e1rio. Conta com o apoio de tr\u00eas bibliotec\u00e1rias, e est\u00e1 aberta a comunidade acad\u00eamica das 07:30h \u00e0s 21:00h.<\/p>\n<p>O empr\u00e9stimo do acervo \u00e9 realizado por autoatendimento em cabines que utilizam a tecnologia RFID (Radio Frequency Identification \u2013 Identifica\u00e7\u00e3o por R\u00e1dio Frequ\u00eancia) composta por transponders (RF tags), leitores com antenas conectadas a um computador controlador. A RFID \u00e9 uma tecnologia de identifica\u00e7\u00e3o que utiliza a radiofrequ\u00eancia para capturar os dados, permitindo que uma tag seja lida sem a necessidade de campo visual, atrav\u00e9s de barreiras e objetos tais como madeira, pl\u00e1stico, papel etc. O sistema foi implantado para o controle digital do empr\u00e9stimo desde a identifica\u00e7\u00e3o da obra, rastreio e gerenciamento de todo o fluxo de entrada e sa\u00edda dos t\u00edtulos, sem contato e sem a necessidade de balc\u00e3o e pessoal para dispensa\u00e7\u00e3o, dinamizando assim o tempo das transa\u00e7\u00f5es, a seguran\u00e7a do acesso ao acervo e a qualidade do atendimento \u00e0 comunidade acad\u00eamica.<\/p>\n<p>J\u00e1 os servi\u00e7os de suporte \u00e0 microinform\u00e1tica a distribui\u00e7\u00e3o dos equipamentos de inform\u00e1tica e audiovisuais dispon\u00edveis na Escola Superior de Ci\u00eancias da Sa\u00fade \u00e9 de 277 computadores, sendo 83 em laborat\u00f3rios, 14 impressoras, 35 projetores de multim\u00eddia.<\/p>\n<p>&#8211; Recursos de inform\u00e1tica<\/p>\n<p>&#8211; Comit\u00ea de \u00e9tica<\/p>\n<p>&#8211; Restaurante Universit\u00e1rio<\/p>\n<p>[\/et_pb_text][et_pb_button button_url=&#8221;http:\/\/biblioteca.uea.edu.br\/biblioteca\/index.php%20&#8243; url_new_window=&#8221;on&#8221; button_text=&#8221;Acesse agora&#8221; _builder_version=&#8221;4.4.8&#8243; custom_button=&#8221;on&#8221; button_text_size=&#8221;18px&#8221; button_border_width=&#8221;4px&#8221; button_border_radius=&#8221;60px&#8221; button_font=&#8221;|600|||||||&#8221;][\/et_pb_button][\/et_pb_column][\/et_pb_row][\/et_pb_section]<\/p>\n","protected":false},"excerpt":{"rendered":"<p>Biblioteca ligada \u00e0 rede mundial de computadores: Sistema Integrado de Bibliotecas &#8211; SIB\/ UEA \u00e9 estruturado em (01) uma Biblioteca Central e 24 (vinte e quatro) Bibliotecas Setoriais localizadas nas Escolas. Superiores, Centros de Estudos Superiores e N\u00facleos de Estudos Superiores, todas elas diretamente interligadas \u00e0 Biblioteca Central que promove a integra\u00e7\u00e3o, padroniza\u00e7\u00e3o dos servi\u00e7os [&hellip;]<\/p>\n","protected":false},"author":1,"featured_media":0,"parent":0,"menu_order":0,"comment_status":"closed","ping_status":"closed","template":"","meta":{"_et_pb_use_builder":"on","_et_pb_old_content":"","_et_gb_content_width":"","om_disable_all_campaigns":false,"footnotes":""},"class_list":["post-71","page","type-page","status-publish","hentry"],"aioseo_notices":[],"_links":{"self":[{"href":"https:\/\/ppgsc.uea.edu.br\/index.php\/wp-json\/wp\/v2\/pages\/71","targetHints":{"allow":["GET"]}}],"collection":[{"href":"https:\/\/ppgsc.uea.edu.br\/index.php\/wp-json\/wp\/v2\/pages"}],"about":[{"href":"https:\/\/ppgsc.uea.edu.br\/index.php\/wp-json\/wp\/v2\/types\/page"}],"author":[{"embeddable":true,"href":"https:\/\/ppgsc.uea.edu.br\/index.php\/wp-json\/wp\/v2\/users\/1"}],"replies":[{"embeddable":true,"href":"https:\/\/ppgsc.uea.edu.br\/index.php\/wp-json\/wp\/v2\/comments?post=71"}],"version-history":[{"count":4,"href":"https:\/\/ppgsc.uea.edu.br\/index.php\/wp-json\/wp\/v2\/pages\/71\/revisions"}],"predecessor-version":[{"id":275016,"href":"https:\/\/ppgsc.uea.edu.br\/index.php\/wp-json\/wp\/v2\/pages\/71\/revisions\/275016"}],"wp:attachment":[{"href":"https:\/\/ppgsc.uea.edu.br\/index.php\/wp-json\/wp\/v2\/media?parent=71"}],"curies":[{"name":"wp","href":"https:\/\/api.w.org\/{rel}","templated":true}]}}