{"id":63,"date":"2021-11-19T06:30:48","date_gmt":"2021-11-19T09:30:48","guid":{"rendered":"http:\/\/ppgsc.uea.edu.br\/?page_id=63"},"modified":"2021-12-21T08:57:22","modified_gmt":"2021-12-21T11:57:22","slug":"linhas-de-pesquisa","status":"publish","type":"page","link":"https:\/\/ppgsc.uea.edu.br\/index.php\/linhas-de-pesquisa\/","title":{"rendered":"Linhas de Pesquisa"},"content":{"rendered":"<p>[et_pb_section fb_built=&#8221;1&#8243; _builder_version=&#8221;4.11.4&#8243; custom_padding=&#8221;0px||0px|||&#8221; da_disable_devices=&#8221;off|off|off&#8221; da_is_popup=&#8221;off&#8221; da_exit_intent=&#8221;off&#8221; da_has_close=&#8221;on&#8221; da_alt_close=&#8221;off&#8221; da_dark_close=&#8221;off&#8221; da_not_modal=&#8221;on&#8221; da_is_singular=&#8221;off&#8221; da_with_loader=&#8221;off&#8221; da_has_shadow=&#8221;on&#8221;][et_pb_row _builder_version=&#8221;4.11.4&#8243; width=&#8221;100%&#8221; max_width=&#8221;100%&#8221; custom_padding=&#8221;0px||3px|||&#8221;][et_pb_column type=&#8221;4_4&#8243; _builder_version=&#8221;4.11.4&#8243;][et_pb_slider _builder_version=&#8221;4.4.8&#8243; custom_padding=&#8221;6%||||false|false&#8221;][et_pb_slide heading=&#8221;@ET-DC@eyJkeW5hbWljIjp0cnVlLCJjb250ZW50IjoicG9zdF90aXRsZSIsInNldHRpbmdzIjp7ImJlZm9yZSI6IiIsImFmdGVyIjoiIn19@&#8221; _builder_version=&#8221;4.4.8&#8243; _dynamic_attributes=&#8221;heading&#8221; header_font=&#8221;|700|||||||&#8221; header_font_size=&#8221;45px&#8221; background_color=&#8221;#d58c3d&#8221; background_enable_color=&#8221;on&#8221; background_image=&#8221;http:\/\/ppgsc.uea.edu.br\/wp-content\/uploads\/2021\/11\/Fundo-titulos@2x.png&#8221; background_enable_image=&#8221;on&#8221; background_position=&#8221;bottom_center&#8221; header_font_size_tablet=&#8221;40px&#8221; header_font_size_phone=&#8221;&#8221; header_font_size_last_edited=&#8221;on|desktop&#8221;][\/et_pb_slide][\/et_pb_slider][\/et_pb_column][\/et_pb_row][\/et_pb_section][et_pb_section fb_built=&#8221;1&#8243; admin_label=&#8221;Service Section&#8221; _builder_version=&#8221;3.22&#8243; custom_margin=&#8221;|||&#8221; custom_padding=&#8221;35px||226px|||&#8221; da_disable_devices=&#8221;off|off|off&#8221; da_is_popup=&#8221;off&#8221; da_exit_intent=&#8221;off&#8221; da_has_close=&#8221;on&#8221; da_alt_close=&#8221;off&#8221; da_dark_close=&#8221;off&#8221; da_not_modal=&#8221;on&#8221; da_is_singular=&#8221;off&#8221; da_with_loader=&#8221;off&#8221; da_has_shadow=&#8221;on&#8221;][et_pb_row admin_label=&#8221;Service Section Title&#8221; _builder_version=&#8221;4.4.8&#8243; custom_margin=&#8221;|auto|-2px|auto||&#8221; custom_padding=&#8221;||5px|20px|false|false&#8221; animation_style=&#8221;fade&#8221; animation_direction=&#8221;top&#8221; border_width_left=&#8221;4px&#8221; border_color_left=&#8221;#a23123&#8243; saved_tabs=&#8221;all&#8221;][et_pb_column type=&#8221;4_4&#8243; _builder_version=&#8221;3.25&#8243; custom_padding=&#8221;|||&#8221; custom_padding__hover=&#8221;|||&#8221;][et_pb_blurb title=&#8221;Linha 1: Distribui\u00e7\u00e3o e determina\u00e7\u00e3o dos agravos em sa\u00fade na regi\u00e3o amaz\u00f4nica &#8221; content_max_width=&#8221;100%&#8221; _builder_version=&#8221;4.4.8&#8243; header_font=&#8221;|700|||||||&#8221; header_font_size=&#8221;18px&#8221; header_line_height=&#8221;1.2em&#8221; body_text_align=&#8221;justify&#8221; body_font_size=&#8221;16px&#8221;]<\/p>\n<p>Estuda o processo sa\u00fade-doen\u00e7a, considerando a distribui\u00e7\u00e3o da ocorr\u00eancia dos agravos e seus condicionantes de ordem social, demogr\u00e1fica, econ\u00f4mica, ocupacional, cultural e ambiental ou relacionados aos comportamentos e modos de vida das popula\u00e7\u00f5es, atrav\u00e9s da aplica\u00e7\u00e3o de diversos modelos de estudo epidemiol\u00f3gicos e ferramentas estat\u00edsticas, bem como a avalia\u00e7\u00e3o das interven\u00e7\u00f5es, servi\u00e7os e pol\u00edticas de sa\u00fade, com foco na aten\u00e7\u00e3o prim\u00e1ria. Pretende contribuir para a formula\u00e7\u00e3o e aprimoramento de estrat\u00e9gias de controle e defini\u00e7\u00e3o de prioridades em pol\u00edticas p\u00fablicas de sa\u00fade no contexto amaz\u00f4nico.<\/p>\n<p>[\/et_pb_blurb][\/et_pb_column][\/et_pb_row][et_pb_row admin_label=&#8221;Service Section Title&#8221; _builder_version=&#8221;4.4.8&#8243; custom_margin=&#8221;20px||||false|false&#8221; custom_padding=&#8221;||5px|20px|false|false&#8221; animation_style=&#8221;fade&#8221; animation_direction=&#8221;top&#8221; border_color_all=&#8221;#233126&#8243; border_width_left=&#8221;4px&#8221; saved_tabs=&#8221;all&#8221;][et_pb_column type=&#8221;4_4&#8243; _builder_version=&#8221;3.25&#8243; custom_padding=&#8221;|||&#8221; custom_padding__hover=&#8221;|||&#8221;][et_pb_blurb title=&#8221;Linha 2: Pol\u00edtica, Planejamento e Gest\u00e3o em Sa\u00fade &#8221; content_max_width=&#8221;100%&#8221; _builder_version=&#8221;4.4.8&#8243; header_font=&#8221;|700|||||||&#8221; header_font_size=&#8221;18px&#8221; header_line_height=&#8221;1.2em&#8221; body_text_align=&#8221;justify&#8221; body_font_size=&#8221;16px&#8221;]<\/p>\n<p>Compreende a discuss\u00e3o te\u00f3rica e estudos relativos \u00e0s pol\u00edticas sociais, \u00e0s pol\u00edticas p\u00fablicas de sa\u00fade, ao planejamento e gest\u00e3o em institui\u00e7\u00f5es e a an\u00e1lise das informa\u00e7\u00f5es dos sistemas de sa\u00fade nos seus diversos aspectos: as condi\u00e7\u00f5es sociais, a diversidade regional, escopos de pr\u00e1tica, tecnologia, produ\u00e7\u00e3o e difus\u00e3o do conhecimento, financiamento, regula\u00e7\u00e3o e a organiza\u00e7\u00e3o do Estado, articulando-os com a forma\u00e7\u00e3o, educa\u00e7\u00e3o permanente e fixa\u00e7\u00e3o de profissionais no territ\u00f3rio amaz\u00f4nico. Abrange, ainda, estudos de natureza avaliativa voltados a aspectos metodol\u00f3gicos, epidemiol\u00f3gicos, de incorpora\u00e7\u00e3o tecnol\u00f3gica e de organiza\u00e7\u00e3o de servi\u00e7os de sa\u00fade, que inclui as etapas de defini\u00e7\u00e3o e prioriza\u00e7\u00e3o de problemas, das interven\u00e7\u00f5es e estrat\u00e9gias de abordagem escolhidas, suas determina\u00e7\u00f5es, os recursos envolvidos, os resultados alcan\u00e7ados, esperados e n\u00e3o esperados, bem com a influ\u00eancia do contexto no processo.<\/p>\n<p>[\/et_pb_blurb][\/et_pb_column][\/et_pb_row][et_pb_row admin_label=&#8221;Service Section Title&#8221; _builder_version=&#8221;4.4.8&#8243; custom_margin=&#8221;20px||||false|false&#8221; custom_padding=&#8221;||5px|20px|false|false&#8221; animation_style=&#8221;fade&#8221; animation_direction=&#8221;top&#8221; border_width_left=&#8221;4px&#8221; border_color_left=&#8221;#d68d3e&#8221; saved_tabs=&#8221;all&#8221;][et_pb_column type=&#8221;4_4&#8243; _builder_version=&#8221;3.25&#8243; custom_padding=&#8221;|||&#8221; custom_padding__hover=&#8221;|||&#8221;][et_pb_blurb title=&#8221;Linha 3: Diversidade sociocultural das pr\u00e1ticas e direitos na sa\u00fade na regi\u00e3o amaz\u00f4nica: atores, contextos institucionais e rela\u00e7\u00f5es com os saberes &#8221; content_max_width=&#8221;100%&#8221; _builder_version=&#8221;4.4.8&#8243; header_font=&#8221;|700|||||||&#8221; header_font_size=&#8221;18px&#8221; header_line_height=&#8221;1.2em&#8221; body_text_align=&#8221;justify&#8221; body_font_size=&#8221;16px&#8221;]<\/p>\n<p>Investiga as pr\u00e1ticas concretas de atores sociais no campo da sa\u00fade, os sentidos, os significados e valores atribu\u00eddos e que delas emergem, como parte de inter-rela\u00e7\u00f5es complexas, incluindo a pluralidade das demandas por cuidado e suas formas de reivindica\u00e7\u00f5es e respostas (relacionadas \u00e0s quest\u00f5es de g\u00eanero, ra\u00e7a, etnias, identidades sociais e racionalidades), a diversidade dos atores (estatais, profissionais, da sociedade civil e do \u00e2mbito supra estatal), cen\u00e1rios institucionais (justi\u00e7a, educa\u00e7\u00e3o, ambiente e sa\u00fade) e saberes relacionados \u00e0 efetiva\u00e7\u00e3o dos direitos humanos das popula\u00e7\u00f5es amaz\u00f4nicas.<\/p>\n<p>[\/et_pb_blurb][\/et_pb_column][\/et_pb_row][\/et_pb_section]<\/p>\n","protected":false},"excerpt":{"rendered":"<p>Estuda o processo sa\u00fade-doen\u00e7a, considerando a distribui\u00e7\u00e3o da ocorr\u00eancia dos agravos e seus condicionantes de ordem social, demogr\u00e1fica, econ\u00f4mica, ocupacional, cultural e ambiental ou relacionados aos comportamentos e modos de vida das popula\u00e7\u00f5es, atrav\u00e9s da aplica\u00e7\u00e3o de diversos modelos de estudo epidemiol\u00f3gicos e ferramentas estat\u00edsticas, bem como a avalia\u00e7\u00e3o das interven\u00e7\u00f5es, servi\u00e7os e pol\u00edticas de [&hellip;]<\/p>\n","protected":false},"author":1,"featured_media":0,"parent":0,"menu_order":0,"comment_status":"closed","ping_status":"closed","template":"","meta":{"_et_pb_use_builder":"on","_et_pb_old_content":"","_et_gb_content_width":"","om_disable_all_campaigns":false,"footnotes":""},"class_list":["post-63","page","type-page","status-publish","hentry"],"aioseo_notices":[],"_links":{"self":[{"href":"https:\/\/ppgsc.uea.edu.br\/index.php\/wp-json\/wp\/v2\/pages\/63","targetHints":{"allow":["GET"]}}],"collection":[{"href":"https:\/\/ppgsc.uea.edu.br\/index.php\/wp-json\/wp\/v2\/pages"}],"about":[{"href":"https:\/\/ppgsc.uea.edu.br\/index.php\/wp-json\/wp\/v2\/types\/page"}],"author":[{"embeddable":true,"href":"https:\/\/ppgsc.uea.edu.br\/index.php\/wp-json\/wp\/v2\/users\/1"}],"replies":[{"embeddable":true,"href":"https:\/\/ppgsc.uea.edu.br\/index.php\/wp-json\/wp\/v2\/comments?post=63"}],"version-history":[{"count":4,"href":"https:\/\/ppgsc.uea.edu.br\/index.php\/wp-json\/wp\/v2\/pages\/63\/revisions"}],"predecessor-version":[{"id":275020,"href":"https:\/\/ppgsc.uea.edu.br\/index.php\/wp-json\/wp\/v2\/pages\/63\/revisions\/275020"}],"wp:attachment":[{"href":"https:\/\/ppgsc.uea.edu.br\/index.php\/wp-json\/wp\/v2\/media?parent=63"}],"curies":[{"name":"wp","href":"https:\/\/api.w.org\/{rel}","templated":true}]}}