{"id":55,"date":"2021-11-19T06:30:29","date_gmt":"2021-11-19T09:30:29","guid":{"rendered":"http:\/\/ppgsc.uea.edu.br\/?page_id=55"},"modified":"2021-12-14T09:11:16","modified_gmt":"2021-12-14T12:11:16","slug":"area-de-concentracao","status":"publish","type":"page","link":"https:\/\/ppgsc.uea.edu.br\/index.php\/area-de-concentracao\/","title":{"rendered":"\u00c1rea de Concentra\u00e7\u00e3o"},"content":{"rendered":"<p>[et_pb_section fb_built=&#8221;1&#8243; _builder_version=&#8221;4.11.4&#8243; custom_padding=&#8221;0px||0px|||&#8221; da_disable_devices=&#8221;off|off|off&#8221; da_is_popup=&#8221;off&#8221; da_exit_intent=&#8221;off&#8221; da_has_close=&#8221;on&#8221; da_alt_close=&#8221;off&#8221; da_dark_close=&#8221;off&#8221; da_not_modal=&#8221;on&#8221; da_is_singular=&#8221;off&#8221; da_with_loader=&#8221;off&#8221; da_has_shadow=&#8221;on&#8221;][et_pb_row _builder_version=&#8221;4.11.4&#8243; width=&#8221;100%&#8221; max_width=&#8221;100%&#8221; custom_padding=&#8221;0px||3px|||&#8221;][et_pb_column type=&#8221;4_4&#8243; _builder_version=&#8221;4.11.4&#8243;][et_pb_slider _builder_version=&#8221;4.4.8&#8243; custom_padding=&#8221;6%||||false|false&#8221;][et_pb_slide heading=&#8221;@ET-DC@eyJkeW5hbWljIjp0cnVlLCJjb250ZW50IjoicG9zdF90aXRsZSIsInNldHRpbmdzIjp7ImJlZm9yZSI6IiIsImFmdGVyIjoiIn19@&#8221; _builder_version=&#8221;4.4.8&#8243; _dynamic_attributes=&#8221;heading&#8221; header_font=&#8221;|700|||||||&#8221; header_font_size=&#8221;45px&#8221; background_color=&#8221;#d58c3d&#8221; background_enable_color=&#8221;on&#8221; background_image=&#8221;http:\/\/ppgsc.uea.edu.br\/wp-content\/uploads\/2021\/11\/Fundo-titulos@2x.png&#8221; background_enable_image=&#8221;on&#8221; background_position=&#8221;bottom_center&#8221; header_font_size_tablet=&#8221;40px&#8221; header_font_size_phone=&#8221;&#8221; header_font_size_last_edited=&#8221;on|desktop&#8221;][\/et_pb_slide][\/et_pb_slider][\/et_pb_column][\/et_pb_row][\/et_pb_section][et_pb_section fb_built=&#8221;1&#8243; admin_label=&#8221;Service Section&#8221; _builder_version=&#8221;3.22&#8243; custom_margin=&#8221;|||&#8221; custom_padding=&#8221;35px||226px|||&#8221; da_disable_devices=&#8221;off|off|off&#8221; da_is_popup=&#8221;off&#8221; da_exit_intent=&#8221;off&#8221; da_has_close=&#8221;on&#8221; da_alt_close=&#8221;off&#8221; da_dark_close=&#8221;off&#8221; da_not_modal=&#8221;on&#8221; da_is_singular=&#8221;off&#8221; da_with_loader=&#8221;off&#8221; da_has_shadow=&#8221;on&#8221;][et_pb_row admin_label=&#8221;Service Section Title&#8221; _builder_version=&#8221;3.25&#8243; custom_margin=&#8221;|auto|-2px|auto||&#8221; custom_padding=&#8221;||5px|||&#8221; animation_style=&#8221;fade&#8221; animation_direction=&#8221;top&#8221; saved_tabs=&#8221;all&#8221;][et_pb_column type=&#8221;4_4&#8243; _builder_version=&#8221;3.25&#8243; custom_padding=&#8221;|||&#8221; custom_padding__hover=&#8221;|||&#8221;][et_pb_text admin_label=&#8221;Title&#8221; _builder_version=&#8221;4.4.8&#8243; text_font=&#8221;Noto Sans||||||||&#8221; text_font_size=&#8221;16px&#8221; text_line_height=&#8221;1.9em&#8221; header_font=&#8221;||||||||&#8221; header_2_font=&#8221;Noto Sans|700||on|||||&#8221; header_2_font_size=&#8221;30px&#8221; header_2_line_height=&#8221;1.3em&#8221; text_orientation=&#8221;justified&#8221; module_alignment=&#8221;center&#8221; custom_margin=&#8221;||12px|||&#8221; animation_style=&#8221;slide&#8221; animation_direction=&#8221;bottom&#8221; animation_intensity_slide=&#8221;4%&#8221;]<\/p>\n<p>O curso estrutura-se me torno de uma \u00fanica \u00e1rea de concentra\u00e7\u00e3o, SA\u00daDE COLETIVA. A \u00e1rea produz saberes e conhecimentos acerca do objeto \u201csa\u00fade\u201d, articulando distintas disciplinas (epidemiologia; ci\u00eancias sociais e humanas em sa\u00fade; pol\u00edticas, planejamento e gest\u00e3o de sistemas e servi\u00e7os de sa\u00fade) que o contemplam sob v\u00e1rios \u00e2ngulos; e um \u00e2mbito de pr\u00e1ticas, onde se realizam a\u00e7\u00f5es em diferentes contextos por diversos atores, dentro e fora do espa\u00e7o convencionalmente reconhecido como &#8220;setor sa\u00fade&#8221;. Como campo de conhecimento, a Sa\u00fade Coletiva estuda o fen\u00f4meno sa\u00fade-doen\u00e7a enquanto processo social em popula\u00e7\u00f5es; investiga a produ\u00e7\u00e3o e distribui\u00e7\u00e3o das doen\u00e7as na sociedade como resultado de processos de produ\u00e7\u00e3o e reprodu\u00e7\u00e3o social; analisa as pr\u00e1ticas de sa\u00fade na sua articula\u00e7\u00e3o com as demais pr\u00e1ticas sociais; procura compreender as formas pelas quais a sociedade identifica suas necessidades e problemas de sa\u00fade, busca sua explica\u00e7\u00e3o e se organiza para enfrent\u00e1-los. O programa se prop\u00f5e a aprofundar o conhecimento t\u00e9cnico e acad\u00eamico na sa\u00fade coletiva no contexto amaz\u00f4nico, aliado ao desenvolvimento de compet\u00eancias e habilidades na condu\u00e7\u00e3o de estudos na \u00e1rea de Sa\u00fade Coletiva.<\/p>\n<p>[\/et_pb_text][\/et_pb_column][\/et_pb_row][\/et_pb_section]<\/p>\n","protected":false},"excerpt":{"rendered":"<p>O curso estrutura-se me torno de uma \u00fanica \u00e1rea de concentra\u00e7\u00e3o, SA\u00daDE COLETIVA. A \u00e1rea produz saberes e conhecimentos acerca do objeto \u201csa\u00fade\u201d, articulando distintas disciplinas (epidemiologia; ci\u00eancias sociais e humanas em sa\u00fade; pol\u00edticas, planejamento e gest\u00e3o de sistemas e servi\u00e7os de sa\u00fade) que o contemplam sob v\u00e1rios \u00e2ngulos; e um \u00e2mbito de pr\u00e1ticas, onde [&hellip;]<\/p>\n","protected":false},"author":1,"featured_media":28,"parent":0,"menu_order":0,"comment_status":"closed","ping_status":"closed","template":"","meta":{"_et_pb_use_builder":"on","_et_pb_old_content":"","_et_gb_content_width":"","om_disable_all_campaigns":false,"footnotes":""},"class_list":["post-55","page","type-page","status-publish","has-post-thumbnail","hentry"],"aioseo_notices":[],"_links":{"self":[{"href":"https:\/\/ppgsc.uea.edu.br\/index.php\/wp-json\/wp\/v2\/pages\/55","targetHints":{"allow":["GET"]}}],"collection":[{"href":"https:\/\/ppgsc.uea.edu.br\/index.php\/wp-json\/wp\/v2\/pages"}],"about":[{"href":"https:\/\/ppgsc.uea.edu.br\/index.php\/wp-json\/wp\/v2\/types\/page"}],"author":[{"embeddable":true,"href":"https:\/\/ppgsc.uea.edu.br\/index.php\/wp-json\/wp\/v2\/users\/1"}],"replies":[{"embeddable":true,"href":"https:\/\/ppgsc.uea.edu.br\/index.php\/wp-json\/wp\/v2\/comments?post=55"}],"version-history":[{"count":4,"href":"https:\/\/ppgsc.uea.edu.br\/index.php\/wp-json\/wp\/v2\/pages\/55\/revisions"}],"predecessor-version":[{"id":274631,"href":"https:\/\/ppgsc.uea.edu.br\/index.php\/wp-json\/wp\/v2\/pages\/55\/revisions\/274631"}],"wp:featuredmedia":[{"embeddable":true,"href":"https:\/\/ppgsc.uea.edu.br\/index.php\/wp-json\/wp\/v2\/media\/28"}],"wp:attachment":[{"href":"https:\/\/ppgsc.uea.edu.br\/index.php\/wp-json\/wp\/v2\/media?parent=55"}],"curies":[{"name":"wp","href":"https:\/\/api.w.org\/{rel}","templated":true}]}}