{"id":50,"date":"2021-11-18T15:23:26","date_gmt":"2021-11-18T18:23:26","guid":{"rendered":"http:\/\/ppgsc.uea.edu.br\/?page_id=50"},"modified":"2021-12-21T08:55:34","modified_gmt":"2021-12-21T11:55:34","slug":"legislacao","status":"publish","type":"page","link":"https:\/\/ppgsc.uea.edu.br\/index.php\/legislacao\/","title":{"rendered":"Legisla\u00e7\u00e3o"},"content":{"rendered":"<p>[et_pb_section fb_built=&#8221;1&#8243; _builder_version=&#8221;4.11.4&#8243; custom_padding=&#8221;0px||0px|||&#8221; da_disable_devices=&#8221;off|off|off&#8221; da_is_popup=&#8221;off&#8221; da_exit_intent=&#8221;off&#8221; da_has_close=&#8221;on&#8221; da_alt_close=&#8221;off&#8221; da_dark_close=&#8221;off&#8221; da_not_modal=&#8221;on&#8221; da_is_singular=&#8221;off&#8221; da_with_loader=&#8221;off&#8221; da_has_shadow=&#8221;on&#8221;][et_pb_row _builder_version=&#8221;4.11.4&#8243; width=&#8221;100%&#8221; max_width=&#8221;100%&#8221; custom_padding=&#8221;0px||3px|||&#8221;][et_pb_column type=&#8221;4_4&#8243; _builder_version=&#8221;4.11.4&#8243;][et_pb_slider _builder_version=&#8221;4.4.8&#8243; custom_padding=&#8221;6%||||false|false&#8221;][et_pb_slide heading=&#8221;@ET-DC@eyJkeW5hbWljIjp0cnVlLCJjb250ZW50IjoicG9zdF90aXRsZSIsInNldHRpbmdzIjp7ImJlZm9yZSI6IiIsImFmdGVyIjoiIn19@&#8221; _builder_version=&#8221;4.4.8&#8243; _dynamic_attributes=&#8221;heading&#8221; header_font=&#8221;|700|||||||&#8221; header_font_size=&#8221;45px&#8221; background_color=&#8221;#d58c3d&#8221; background_enable_color=&#8221;on&#8221; background_image=&#8221;http:\/\/ppgsc.uea.edu.br\/wp-content\/uploads\/2021\/11\/Fundo-titulos@2x.png&#8221; background_enable_image=&#8221;on&#8221; background_position=&#8221;bottom_center&#8221; header_font_size_tablet=&#8221;40px&#8221; header_font_size_phone=&#8221;&#8221; header_font_size_last_edited=&#8221;on|desktop&#8221;][\/et_pb_slide][\/et_pb_slider][\/et_pb_column][\/et_pb_row][\/et_pb_section][et_pb_section fb_built=&#8221;1&#8243; admin_label=&#8221;Service Section&#8221; _builder_version=&#8221;3.22&#8243; custom_margin=&#8221;|||&#8221; custom_padding=&#8221;35px||110px|||&#8221; da_disable_devices=&#8221;off|off|off&#8221; da_is_popup=&#8221;off&#8221; da_exit_intent=&#8221;off&#8221; da_has_close=&#8221;on&#8221; da_alt_close=&#8221;off&#8221; da_dark_close=&#8221;off&#8221; da_not_modal=&#8221;on&#8221; da_is_singular=&#8221;off&#8221; da_with_loader=&#8221;off&#8221; da_has_shadow=&#8221;on&#8221;][et_pb_row admin_label=&#8221;Service Section Title&#8221; _builder_version=&#8221;3.25&#8243; custom_margin=&#8221;|auto|-2px|auto||&#8221; custom_padding=&#8221;||5px|||&#8221; animation_style=&#8221;fade&#8221; animation_direction=&#8221;top&#8221; saved_tabs=&#8221;all&#8221;][et_pb_column type=&#8221;4_4&#8243; _builder_version=&#8221;3.25&#8243; custom_padding=&#8221;|||&#8221; custom_padding__hover=&#8221;|||&#8221;][et_pb_text admin_label=&#8221;Title&#8221; _builder_version=&#8221;4.4.8&#8243; text_font=&#8221;Noto Sans||||||||&#8221; text_font_size=&#8221;16px&#8221; text_line_height=&#8221;1.9em&#8221; header_font=&#8221;||||||||&#8221; header_2_font=&#8221;Noto Sans|700||on|||||&#8221; header_2_font_size=&#8221;30px&#8221; header_2_line_height=&#8221;1.3em&#8221; text_orientation=&#8221;justified&#8221; module_alignment=&#8221;center&#8221; custom_margin=&#8221;||12px|||&#8221; animation_style=&#8221;slide&#8221; animation_direction=&#8221;bottom&#8221; animation_intensity_slide=&#8221;4%&#8221;]<\/p>\n<p><strong>Resolu\u00e7\u00e3o<\/strong><\/p>\n<p><a href=\"https:\/\/drive.google.com\/file\/d\/1AtTnUokyV_tRYGIo8GS4N--AI8GXWUj4\/view\">Resolu\u00e7\u00e3o n\u00ba 10-2017-CONSUNIV revalida\u00e7\u00e3o de diplomas de cursos de gradua\u00e7\u00e3o e p\u00f3s gradua\u00e7\u00e3o stricto sensu<\/a><\/p>\n<p><a href=\"https:\/\/drive.google.com\/file\/d\/1hk1tlsE_2BnoBR9UxmaLW4fAfGmpbEIN\/view?usp=sharing\">Resolu\u00e7\u00e3o n\u00ba 011-2020-GR-UEA &#8211; Aprova ad referendum &#8211; Autoavalia\u00e7\u00e3o da P\u00f3s-Gradua\u00e7\u00e3o Stricto Sensu da UEA)<\/a><\/p>\n<p><a href=\"https:\/\/drive.google.com\/file\/d\/1A54R6o4HvcHRHXQd2IatTdaPDqxhJI3q\/view?usp=sharing\"><strong>Regimento<\/strong><\/a><\/p>\n<p><a href=\"https:\/\/drive.google.com\/file\/d\/1eLnjN57kuKLq-55zg1zvFyaaqMxAek81\/view?usp=sharing\">Documento de \u00e1rea da CAPES &#8211; Sa\u00fade Coletiva<\/a><\/p>\n<p><a href=\"https:\/\/drive.google.com\/file\/d\/1-mw5MH2MXQ2qVAqYBPM9ruFUN74sQFVt\/view?usp=sharing\">Ficha de avalia\u00e7\u00e3o da CAPES &#8211; Sa\u00fade Coletiva<\/a><\/p>\n<p><strong>Legisla\u00e7\u00e3o 2021<\/strong><\/p>\n<p><strong>2020<\/strong><\/p>\n<p><a href=\"https:\/\/drive.google.com\/file\/d\/1wuQiDJIp252Rar1embRDgnRqPtyqUmkX\/view?usp=sharing\">Comiss\u00e3o de sele\u00e7\u00e3o do PPGSC<\/a><\/p>\n<p><a href=\"https:\/\/drive.google.com\/file\/d\/1sAYGr0xDMocq6HFhVXGV28YITEmKK9aF\/view?usp=sharing\">Coordena\u00e7\u00e3o do PPGSC<\/a><\/p>\n<p><a href=\"https:\/\/drive.google.com\/file\/d\/15PV36vAbFo-bJhSkk8zTFxTR_mSXIrol\/view?usp=sharing\">Avalia\u00e7\u00e3o do curso<\/a><\/p>\n<p>[\/et_pb_text][\/et_pb_column][\/et_pb_row][\/et_pb_section]<\/p>\n","protected":false},"excerpt":{"rendered":"<p>Resolu\u00e7\u00e3o Resolu\u00e7\u00e3o n\u00ba 10-2017-CONSUNIV revalida\u00e7\u00e3o de diplomas de cursos de gradua\u00e7\u00e3o e p\u00f3s gradua\u00e7\u00e3o stricto sensu Resolu\u00e7\u00e3o n\u00ba 011-2020-GR-UEA &#8211; Aprova ad referendum &#8211; Autoavalia\u00e7\u00e3o da P\u00f3s-Gradua\u00e7\u00e3o Stricto Sensu da UEA) Regimento Documento de \u00e1rea da CAPES &#8211; Sa\u00fade Coletiva Ficha de avalia\u00e7\u00e3o da CAPES &#8211; Sa\u00fade Coletiva Legisla\u00e7\u00e3o 2021 2020 Comiss\u00e3o de sele\u00e7\u00e3o do [&hellip;]<\/p>\n","protected":false},"author":1,"featured_media":0,"parent":0,"menu_order":0,"comment_status":"closed","ping_status":"closed","template":"","meta":{"_et_pb_use_builder":"on","_et_pb_old_content":"","_et_gb_content_width":"","om_disable_all_campaigns":false,"footnotes":""},"class_list":["post-50","page","type-page","status-publish","hentry"],"aioseo_notices":[],"_links":{"self":[{"href":"https:\/\/ppgsc.uea.edu.br\/index.php\/wp-json\/wp\/v2\/pages\/50","targetHints":{"allow":["GET"]}}],"collection":[{"href":"https:\/\/ppgsc.uea.edu.br\/index.php\/wp-json\/wp\/v2\/pages"}],"about":[{"href":"https:\/\/ppgsc.uea.edu.br\/index.php\/wp-json\/wp\/v2\/types\/page"}],"author":[{"embeddable":true,"href":"https:\/\/ppgsc.uea.edu.br\/index.php\/wp-json\/wp\/v2\/users\/1"}],"replies":[{"embeddable":true,"href":"https:\/\/ppgsc.uea.edu.br\/index.php\/wp-json\/wp\/v2\/comments?post=50"}],"version-history":[{"count":5,"href":"https:\/\/ppgsc.uea.edu.br\/index.php\/wp-json\/wp\/v2\/pages\/50\/revisions"}],"predecessor-version":[{"id":275019,"href":"https:\/\/ppgsc.uea.edu.br\/index.php\/wp-json\/wp\/v2\/pages\/50\/revisions\/275019"}],"wp:attachment":[{"href":"https:\/\/ppgsc.uea.edu.br\/index.php\/wp-json\/wp\/v2\/media?parent=50"}],"curies":[{"name":"wp","href":"https:\/\/api.w.org\/{rel}","templated":true}]}}