{"id":42,"date":"2021-11-18T15:22:13","date_gmt":"2021-11-18T18:22:13","guid":{"rendered":"http:\/\/ppgsc.uea.edu.br\/?page_id=42"},"modified":"2024-07-12T11:26:05","modified_gmt":"2024-07-12T14:26:05","slug":"apresentacao","status":"publish","type":"page","link":"https:\/\/ppgsc.uea.edu.br\/index.php\/apresentacao\/","title":{"rendered":"Apresenta\u00e7\u00e3o"},"content":{"rendered":"<p>[et_pb_section fb_built=&#8221;1&#8243; _builder_version=&#8221;4.16&#8243; custom_padding=&#8221;0px||0px|||&#8221; da_disable_devices=&#8221;off|off|off&#8221; global_colors_info=&#8221;{}&#8221; da_is_popup=&#8221;off&#8221; da_exit_intent=&#8221;off&#8221; da_has_close=&#8221;on&#8221; da_alt_close=&#8221;off&#8221; da_dark_close=&#8221;off&#8221; da_not_modal=&#8221;on&#8221; da_is_singular=&#8221;off&#8221; da_with_loader=&#8221;off&#8221; da_has_shadow=&#8221;on&#8221;][et_pb_row _builder_version=&#8221;4.16&#8243; width=&#8221;100%&#8221; max_width=&#8221;100%&#8221; custom_padding=&#8221;0px||3px|||&#8221; global_colors_info=&#8221;{}&#8221;][et_pb_column type=&#8221;4_4&#8243; _builder_version=&#8221;4.16&#8243; global_colors_info=&#8221;{}&#8221;][et_pb_slider _builder_version=&#8221;4.16&#8243; custom_padding=&#8221;6%||||false|false&#8221; global_colors_info=&#8221;{}&#8221;][et_pb_slide heading=&#8221;@ET-DC@eyJkeW5hbWljIjp0cnVlLCJjb250ZW50IjoicG9zdF90aXRsZSIsInNldHRpbmdzIjp7ImJlZm9yZSI6IiIsImFmdGVyIjoiIn19@&#8221; _builder_version=&#8221;4.16&#8243; _dynamic_attributes=&#8221;heading&#8221; header_font=&#8221;|700|||||||&#8221; header_font_size=&#8221;45px&#8221; background_color=&#8221;#d58c3d&#8221; background_enable_color=&#8221;on&#8221; background_image=&#8221;http:\/\/ppgsc.uea.edu.br\/wp-content\/uploads\/2021\/11\/Fundo-titulos@2x.png&#8221; background_enable_image=&#8221;on&#8221; background_position=&#8221;bottom_center&#8221; header_font_size_tablet=&#8221;40px&#8221; header_font_size_phone=&#8221;&#8221; header_font_size_last_edited=&#8221;on|desktop&#8221; global_colors_info=&#8221;{}&#8221; sticky_transition=&#8221;on&#8221;][\/et_pb_slide][\/et_pb_slider][\/et_pb_column][\/et_pb_row][\/et_pb_section][et_pb_section fb_built=&#8221;1&#8243; admin_label=&#8221;Service Section&#8221; _builder_version=&#8221;4.16&#8243; custom_margin=&#8221;|||&#8221; custom_padding=&#8221;35px||110px|||&#8221; da_disable_devices=&#8221;off|off|off&#8221; global_colors_info=&#8221;{}&#8221; da_is_popup=&#8221;off&#8221; da_exit_intent=&#8221;off&#8221; da_has_close=&#8221;on&#8221; da_alt_close=&#8221;off&#8221; da_dark_close=&#8221;off&#8221; da_not_modal=&#8221;on&#8221; da_is_singular=&#8221;off&#8221; da_with_loader=&#8221;off&#8221; da_has_shadow=&#8221;on&#8221;][et_pb_row admin_label=&#8221;Service Section Title&#8221; _builder_version=&#8221;4.16&#8243; custom_margin=&#8221;|auto|-2px|auto||&#8221; custom_padding=&#8221;||5px|||&#8221; animation_style=&#8221;fade&#8221; animation_direction=&#8221;top&#8221; saved_tabs=&#8221;all&#8221; global_colors_info=&#8221;{}&#8221;][et_pb_column type=&#8221;4_4&#8243; _builder_version=&#8221;4.16&#8243; custom_padding=&#8221;|||&#8221; global_colors_info=&#8221;{}&#8221; custom_padding__hover=&#8221;|||&#8221;][et_pb_text admin_label=&#8221;Title&#8221; _builder_version=&#8221;4.24.3&#8243; text_font=&#8221;Noto Sans||||||||&#8221; text_font_size=&#8221;16px&#8221; text_line_height=&#8221;1.9em&#8221; header_font=&#8221;||||||||&#8221; header_2_font=&#8221;Noto Sans|700||on|||||&#8221; header_2_font_size=&#8221;30px&#8221; header_2_line_height=&#8221;1.3em&#8221; text_orientation=&#8221;justified&#8221; module_alignment=&#8221;center&#8221; custom_margin=&#8221;||12px|||&#8221; animation_style=&#8221;slide&#8221; animation_direction=&#8221;bottom&#8221; animation_intensity_slide=&#8221;4%&#8221; hover_enabled=&#8221;0&#8243; global_colors_info=&#8221;{}&#8221; sticky_enabled=&#8221;0&#8243;]<\/p>\n<p><span style=\"color: #000000;\">Reconhecendo o papel estrat\u00e9gico da Sa\u00fade Coletiva para o desenvolvimento regional foi definida de uma agenda de prioridades de pesquisa, no intuito de criar e fortalecer os grupos de pesquisa em Sa\u00fade Coletiva na UEA em integra\u00e7\u00e3o com os grupos de pesquisa do Instituto de Medicina Social da Universidade do Estado do Rio de Janeiro (IMS-UERJ). O processo de coopera\u00e7\u00e3o entre as duas institui\u00e7\u00f5es incluiu a qualifica\u00e7\u00e3o de docentes em n\u00edvel de doutorado capazes de atuar na articula\u00e7\u00e3o entre pesquisa e coopera\u00e7\u00e3o t\u00e9cnico-cient\u00edfica no campo da Sa\u00fade Coletiva, a partir de uma perspectiva cr\u00edtica e reflexiva, em conson\u00e2ncia com as prioridades de pesquisa do Brasil e das demandas e necessidades das pol\u00edticas p\u00fablicas, com destaque para o SUS. Dentro do planejamento estrat\u00e9gico, fruto da qualifica\u00e7\u00e3o dos docentes, do interc\u00e2mbio de experi\u00eancias e de projetos e do fortalecimento dos grupos de pesquisa da universidade, inseriu-se a proposta de cria\u00e7\u00e3o de um curso de p\u00f3s-gradua\u00e7\u00e3o stricto sensu. A iniciativa foi tamb\u00e9m fruto do amadurecimento das discuss\u00f5es institucionais em rela\u00e7\u00e3o \u00e0 necessidade de qualifica\u00e7\u00e3o de recursos humanos na \u00e1rea de sa\u00fade coletiva, com olhar voltado aos problemas priorit\u00e1rios de sa\u00fade p\u00fablica na regi\u00e3o amaz\u00f4nica.<\/span><\/p>\n<p><span style=\"color: #000000;\">O curso de mestrado acad\u00eamico em Sa\u00fade Coletiva da Universidade do Estado do Amazonas foi reconhecido pela Portaria do Ministro de Estado da Educa\u00e7\u00e3o no 540 de 15 de junho de 2020, cuja proposta de curso foi recomendada na 190\u00aa Reuni\u00e3o do Conselho T\u00e9cnico-Cient\u00edfico da Educa\u00e7\u00e3o Superior &#8211; CTC-ES da Coordena\u00e7\u00e3o de Aperfei\u00e7oamento de Pessoal de N\u00edvel Superior \u2013 Capes.<\/span><\/p>\n<p><strong>Nossa Miss\u00e3o<\/strong><\/p>\n<p>Qualificar docentes e profissionais capazes de atuar a articula\u00e7\u00e3o entre pesquisa e coopera\u00e7\u00e3o t\u00e9cnico-cient\u00edfica no campo da sa\u00fade coletiva por meio de uma perspectiva cr\u00edtica, reflexiva e interdisciplinar em conson\u00e2ncia com as demandas das pol\u00edticas p\u00fablicas e as prioridades de pesquisas da regi\u00e3o amaz\u00f4nica.<\/p>\n<p><strong>Nossa Vis\u00e3o<\/strong><\/p>\n<p>Ser um programa de refer\u00eancia local regional e nacional a forma\u00e7\u00e3o interdisciplinar de docentes e profissionais capazes de contribuir com a constru\u00e7\u00e3o de conhecimento no campo da sa\u00fade coletiva na redu\u00e7\u00e3o das iniquidades da regi\u00e3o amaz\u00f4nica.<\/p>\n<p><strong>Valores<\/strong><\/p>\n<ul>\n<li>Interdisciplinaridade<\/li>\n<li>Compromisso \u00e9tico, pol\u00edtico e social<\/li>\n<li>Sustentabilidade<\/li>\n<li>Inova\u00e7\u00e3o<\/li>\n<li>Valoriza\u00e7\u00e3o da ci\u00eancia<\/li>\n<li>Acolhimento<\/li>\n<li>Interculturalidade<\/li>\n<li>Equidade<\/li>\n<\/ul>\n<p>[\/et_pb_text][\/et_pb_column][\/et_pb_row][\/et_pb_section]<\/p>\n","protected":false},"excerpt":{"rendered":"<p>Reconhecendo o papel estrat\u00e9gico da Sa\u00fade Coletiva para o desenvolvimento regional foi definida de uma agenda de prioridades de pesquisa, no intuito de criar e fortalecer os grupos de pesquisa em Sa\u00fade Coletiva na UEA em integra\u00e7\u00e3o com os grupos de pesquisa do Instituto de Medicina Social da Universidade do Estado do Rio de Janeiro [&hellip;]<\/p>\n","protected":false},"author":1,"featured_media":28,"parent":0,"menu_order":0,"comment_status":"closed","ping_status":"closed","template":"","meta":{"_et_pb_use_builder":"on","_et_pb_old_content":"","_et_gb_content_width":"","om_disable_all_campaigns":false,"footnotes":""},"class_list":["post-42","page","type-page","status-publish","has-post-thumbnail","hentry"],"aioseo_notices":[],"_links":{"self":[{"href":"https:\/\/ppgsc.uea.edu.br\/index.php\/wp-json\/wp\/v2\/pages\/42","targetHints":{"allow":["GET"]}}],"collection":[{"href":"https:\/\/ppgsc.uea.edu.br\/index.php\/wp-json\/wp\/v2\/pages"}],"about":[{"href":"https:\/\/ppgsc.uea.edu.br\/index.php\/wp-json\/wp\/v2\/types\/page"}],"author":[{"embeddable":true,"href":"https:\/\/ppgsc.uea.edu.br\/index.php\/wp-json\/wp\/v2\/users\/1"}],"replies":[{"embeddable":true,"href":"https:\/\/ppgsc.uea.edu.br\/index.php\/wp-json\/wp\/v2\/comments?post=42"}],"version-history":[{"count":8,"href":"https:\/\/ppgsc.uea.edu.br\/index.php\/wp-json\/wp\/v2\/pages\/42\/revisions"}],"predecessor-version":[{"id":278243,"href":"https:\/\/ppgsc.uea.edu.br\/index.php\/wp-json\/wp\/v2\/pages\/42\/revisions\/278243"}],"wp:featuredmedia":[{"embeddable":true,"href":"https:\/\/ppgsc.uea.edu.br\/index.php\/wp-json\/wp\/v2\/media\/28"}],"wp:attachment":[{"href":"https:\/\/ppgsc.uea.edu.br\/index.php\/wp-json\/wp\/v2\/media?parent=42"}],"curies":[{"name":"wp","href":"https:\/\/api.w.org\/{rel}","templated":true}]}}