{"id":277720,"date":"2024-04-08T16:18:45","date_gmt":"2024-04-08T19:18:45","guid":{"rendered":"https:\/\/ppgsc.uea.edu.br\/?page_id=277720"},"modified":"2024-04-10T20:01:48","modified_gmt":"2024-04-10T23:01:48","slug":"teses","status":"publish","type":"page","link":"https:\/\/ppgsc.uea.edu.br\/index.php\/teses\/","title":{"rendered":"Teses"},"content":{"rendered":"<p>[et_pb_section fb_built=&#8221;1&#8243; _builder_version=&#8221;4.16&#8243; custom_padding=&#8221;0px||0px|||&#8221; da_disable_devices=&#8221;off|off|off&#8221; global_colors_info=&#8221;{}&#8221; da_is_popup=&#8221;off&#8221; da_exit_intent=&#8221;off&#8221; da_has_close=&#8221;on&#8221; da_alt_close=&#8221;off&#8221; da_dark_close=&#8221;off&#8221; da_not_modal=&#8221;on&#8221; da_is_singular=&#8221;off&#8221; da_with_loader=&#8221;off&#8221; da_has_shadow=&#8221;on&#8221;][et_pb_row _builder_version=&#8221;4.16&#8243; width=&#8221;100%&#8221; max_width=&#8221;100%&#8221; custom_padding=&#8221;0px||3px|||&#8221; global_colors_info=&#8221;{}&#8221;][et_pb_column type=&#8221;4_4&#8243; _builder_version=&#8221;4.16&#8243; global_colors_info=&#8221;{}&#8221;][et_pb_slider _builder_version=&#8221;4.16&#8243; custom_padding=&#8221;6%||||false|false&#8221; global_colors_info=&#8221;{}&#8221;][et_pb_slide heading=&#8221;@ET-DC@eyJkeW5hbWljIjp0cnVlLCJjb250ZW50IjoicG9zdF90aXRsZSIsInNldHRpbmdzIjp7ImJlZm9yZSI6IiIsImFmdGVyIjoiIn19@&#8221; _builder_version=&#8221;4.16&#8243; _dynamic_attributes=&#8221;heading&#8221; header_font=&#8221;|700|||||||&#8221; header_font_size=&#8221;45px&#8221; background_color=&#8221;#d58c3d&#8221; background_enable_color=&#8221;on&#8221; background_image=&#8221;http:\/\/ppgsc.uea.edu.br\/wp-content\/uploads\/2021\/11\/Fundo-titulos@2x.png&#8221; background_enable_image=&#8221;on&#8221; background_position=&#8221;bottom_center&#8221; header_font_size_tablet=&#8221;40px&#8221; header_font_size_phone=&#8221;&#8221; header_font_size_last_edited=&#8221;on|desktop&#8221; global_colors_info=&#8221;{}&#8221; sticky_transition=&#8221;on&#8221;][\/et_pb_slide][\/et_pb_slider][\/et_pb_column][\/et_pb_row][\/et_pb_section][et_pb_section fb_built=&#8221;1&#8243; admin_label=&#8221;Service Section&#8221; _builder_version=&#8221;4.16&#8243; custom_margin=&#8221;|||&#8221; custom_padding=&#8221;35px||110px|||&#8221; da_disable_devices=&#8221;off|off|off&#8221; global_colors_info=&#8221;{}&#8221; da_is_popup=&#8221;off&#8221; da_exit_intent=&#8221;off&#8221; da_has_close=&#8221;on&#8221; da_alt_close=&#8221;off&#8221; da_dark_close=&#8221;off&#8221; da_not_modal=&#8221;on&#8221; da_is_singular=&#8221;off&#8221; da_with_loader=&#8221;off&#8221; da_has_shadow=&#8221;on&#8221;][et_pb_row _builder_version=&#8221;4.24.3&#8243; _module_preset=&#8221;default&#8221; locked=&#8221;off&#8221; global_colors_info=&#8221;{}&#8221;][et_pb_column type=&#8221;4_4&#8243; _builder_version=&#8221;4.16&#8243; _module_preset=&#8221;default&#8221; global_colors_info=&#8221;{}&#8221;][et_pb_text _builder_version=&#8221;4.24.3&#8243; _module_preset=&#8221;default&#8221; global_colors_info=&#8221;{}&#8221;]<\/p>\n<blockquote>\n<h4><strong>Rela\u00e7\u00e3o Discentes Titulados<\/strong><\/h4>\n<\/blockquote>\n<p>[\/et_pb_text][et_pb_blurb use_icon=&#8221;on&#8221; font_icon=&#8221;&#x69;||divi||400&#8243; icon_placement=&#8221;left&#8221; content_max_width=&#8221;1100px&#8221; _builder_version=&#8221;4.24.3&#8243; _module_preset=&#8221;default&#8221; body_link_text_color=&#8221;#077c13&#8243; hover_enabled=&#8221;0&#8243; global_colors_info=&#8221;{}&#8221; sticky_enabled=&#8221;0&#8243;]<\/p>\n<p><strong>Discente:<\/strong> Diana Andreza Rebou\u00e7as de Almeida<\/p>\n<p><strong>Docente:<\/strong> S\u00f4nia Maria Lemos<\/p>\n<p><strong>T\u00edtulo da Disserta\u00e7\u00e3o de Mestrado: <\/strong>Cuidados em sa\u00fade no contexto da Pandemia de Covid-19: estrat\u00e9gias e desafios a partir das narrativas das trabalhadoras e dos trabalhadores da Aten\u00e7\u00e3o B\u00e1sica \u00e0 Sa\u00fade em um munic\u00edpio do interior do Amazonas<\/p>\n<p>[\/et_pb_blurb][et_pb_blurb use_icon=&#8221;on&#8221; font_icon=&#8221;&#x69;||divi||400&#8243; icon_placement=&#8221;left&#8221; content_max_width=&#8221;1100px&#8221; _builder_version=&#8221;4.24.3&#8243; _module_preset=&#8221;default&#8221; body_link_text_color=&#8221;#077c13&#8243; hover_enabled=&#8221;0&#8243; global_colors_info=&#8221;{}&#8221; sticky_enabled=&#8221;0&#8243;]<\/p>\n<p><strong>Discente:<\/strong> Juliana Pereira de Ara\u00fajo<\/p>\n<p><strong>Docente:<\/strong> Rita de C\u00e1ssia Fraga Machado<\/p>\n<p><strong>T\u00edtulo da Disserta\u00e7\u00e3o de Mestrado: <\/strong>A floresta como cura: mulheres, conhecimentos tradicionais e a promo\u00e7\u00e3o da sa\u00fade em comunidades da floresta nacional de Tef\u00e9<\/p>\n<p>[\/et_pb_blurb][et_pb_blurb use_icon=&#8221;on&#8221; font_icon=&#8221;&#x69;||divi||400&#8243; icon_placement=&#8221;left&#8221; content_max_width=&#8221;1100px&#8221; _builder_version=&#8221;4.24.3&#8243; _module_preset=&#8221;default&#8221; body_link_text_color=&#8221;#077c13&#8243; hover_enabled=&#8221;0&#8243; global_colors_info=&#8221;{}&#8221; sticky_enabled=&#8221;0&#8243;]<\/p>\n<p><strong>Discente:<\/strong> Lara Suellen Bezerra Lopes<\/p>\n<p><strong>Docente:<\/strong> Gl\u00e1ucia Maria de Ara\u00fajo Ribeiro<\/p>\n<p><strong>T\u00edtulo da Disserta\u00e7\u00e3o de Mestrado: <\/strong>Pandemia de COVID-19 e SUS: dimens\u00f5es das pol\u00edticas p\u00fablicas em sa\u00fade no Amazonas<\/p>\n<p>[\/et_pb_blurb][et_pb_blurb use_icon=&#8221;on&#8221; font_icon=&#8221;&#x69;||divi||400&#8243; icon_placement=&#8221;left&#8221; content_max_width=&#8221;1100px&#8221; _builder_version=&#8221;4.24.3&#8243; _module_preset=&#8221;default&#8221; body_link_text_color=&#8221;#077c13&#8243; hover_enabled=&#8221;0&#8243; global_colors_info=&#8221;{}&#8221; sticky_enabled=&#8221;0&#8243;]<\/p>\n<p><strong>Discente:<\/strong> Lorena Cavalcante L\u00f4bo<\/p>\n<p><strong>Docente:<\/strong> Giane Zupellari dos Santos Melo<\/p>\n<p><strong>T\u00edtulo da Disserta\u00e7\u00e3o de Mestrado: <\/strong>Enfrentamento da COVID-19 na fronteira: estudo de caso em cidade de tr\u00edplice fronteira do arco norte do Brasil<\/p>\n<p>[\/et_pb_blurb][et_pb_blurb use_icon=&#8221;on&#8221; font_icon=&#8221;&#x69;||divi||400&#8243; icon_placement=&#8221;left&#8221; content_max_width=&#8221;1100px&#8221; _builder_version=&#8221;4.24.3&#8243; _module_preset=&#8221;default&#8221; body_link_text_color=&#8221;#077c13&#8243; hover_enabled=&#8221;0&#8243; global_colors_info=&#8221;{}&#8221; sticky_enabled=&#8221;0&#8243;]<\/p>\n<p><strong>Discente:<\/strong> Priscilla Farias Naiff<\/p>\n<p><strong>Docente:<\/strong> T\u00e2nia Fran\u00e7a<\/p>\n<p><strong>T\u00edtulo da Disserta\u00e7\u00e3o de Mestrado: <\/strong>As implica\u00e7\u00f5es da pandemia da COVID-19 nos servi\u00e7os odontol\u00f3gicos, na vida e na atua\u00e7\u00e3o profissional dos cirurgi\u00f5es-dentistas da rede p\u00fablica municipal de Manaus &#8211; Amazonas<\/p>\n<p>[\/et_pb_blurb][et_pb_blurb use_icon=&#8221;on&#8221; font_icon=&#8221;&#x69;||divi||400&#8243; icon_placement=&#8221;left&#8221; content_max_width=&#8221;1100px&#8221; _builder_version=&#8221;4.24.3&#8243; _module_preset=&#8221;default&#8221; body_link_text_color=&#8221;#077c13&#8243; hover_enabled=&#8221;0&#8243; global_colors_info=&#8221;{}&#8221; sticky_enabled=&#8221;0&#8243;]<\/p>\n<p><strong>Discente:<\/strong> Rachel Geber Corr\u00eaa<\/p>\n<p><strong>Docente:<\/strong> Munique Therense Costa de Morais Pontes<\/p>\n<p><strong>T\u00edtulo da Disserta\u00e7\u00e3o de Mestrado: <\/strong>Etnografia documental sobre as mortes maternas no estado do Amazonas: a precariedade e a desimport\u00e2ncia da vida<\/p>\n<p>[\/et_pb_blurb][et_pb_blurb use_icon=&#8221;on&#8221; font_icon=&#8221;&#x69;||divi||400&#8243; icon_placement=&#8221;left&#8221; content_max_width=&#8221;1100px&#8221; _builder_version=&#8221;4.24.3&#8243; _module_preset=&#8221;default&#8221; body_link_text_color=&#8221;#077c13&#8243; hover_enabled=&#8221;0&#8243; global_colors_info=&#8221;{}&#8221; sticky_enabled=&#8221;0&#8243;]<\/p>\n<p><strong>Discente:<\/strong> Rayssa da Concei\u00e7\u00e3o Brito de Souza<\/p>\n<p><strong>Docente:<\/strong> S\u00e2mia Feitoza Miguez<\/p>\n<p><strong>T\u00edtulo da Disserta\u00e7\u00e3o de Mestrado: <\/strong>GEST\u00c3O SOCIOAMBIENTAL E EDUCA\u00c7\u00c3O EM SA\u00daDE NA RDS RIO NEGRO: condi\u00e7\u00f5es de vida e sa\u00fade em \u00e1reas de Unidade de Conserva\u00e7\u00e3o<\/p>\n<p>[\/et_pb_blurb][et_pb_blurb use_icon=&#8221;on&#8221; font_icon=&#8221;&#x69;||divi||400&#8243; icon_placement=&#8221;left&#8221; content_max_width=&#8221;1100px&#8221; _builder_version=&#8221;4.24.3&#8243; _module_preset=&#8221;default&#8221; body_link_text_color=&#8221;#077c13&#8243; hover_enabled=&#8221;0&#8243; global_colors_info=&#8221;{}&#8221; sticky_enabled=&#8221;0&#8243;]<\/p>\n<p><strong>Discente:<\/strong> Rayza de Sousa Ramos<\/p>\n<p><strong>Docente:<\/strong> Leonardo Naves dos Reis<\/p>\n<p><strong>T\u00edtulo da Disserta\u00e7\u00e3o de Mestrado: <\/strong>O exame preventivo do c\u00e2ncer de colo uterino como espa\u00e7o de identifica\u00e7\u00e3o e assist\u00eancia \u00e0 viol\u00eancia por parceiro \u00edntimo contra mulher<\/p>\n<p>[\/et_pb_blurb][et_pb_blurb use_icon=&#8221;on&#8221; font_icon=&#8221;&#x69;||divi||400&#8243; icon_placement=&#8221;left&#8221; content_max_width=&#8221;1100px&#8221; _builder_version=&#8221;4.24.3&#8243; _module_preset=&#8221;default&#8221; body_link_text_color=&#8221;#077c13&#8243; hover_enabled=&#8221;0&#8243; global_colors_info=&#8221;{}&#8221; sticky_enabled=&#8221;0&#8243;]<\/p>\n<p><strong>Discente:<\/strong> Renato da Cunha Ara\u00fajo<\/p>\n<p><strong>Docente:<\/strong> Fernando Jos\u00e9 Herkrath<\/p>\n<p><strong>T\u00edtulo da Disserta\u00e7\u00e3o de Mestrado: <\/strong>Uso dos servi\u00e7os da aten\u00e7\u00e3o prim\u00e1ria \u00e0 sa\u00fade por indiv\u00edduos adultos em \u00e1reas rurais e urbanas do Brasil: uma an\u00e1lise dos dados da Pesquisa Nacional de Sa\u00fade 2019<\/p>\n<p>[\/et_pb_blurb][et_pb_blurb use_icon=&#8221;on&#8221; font_icon=&#8221;&#x69;||divi||400&#8243; icon_placement=&#8221;left&#8221; content_max_width=&#8221;1100px&#8221; _builder_version=&#8221;4.24.3&#8243; _module_preset=&#8221;default&#8221; body_link_text_color=&#8221;#077c13&#8243; hover_enabled=&#8221;0&#8243; global_colors_info=&#8221;{}&#8221; sticky_enabled=&#8221;0&#8243;]<\/p>\n<p><strong>Discente:<\/strong> S\u00e9rgio Ant\u00f4nio Saldanha Rodrigues Tamborini<\/p>\n<p><strong>Docente:<\/strong> Andr\u00e9 Luiz Machado das Neves<\/p>\n<p><strong>T\u00edtulo da Disserta\u00e7\u00e3o de Mestrado: <\/strong>Circuitos est\u00e9ticos de pessoas trans no Ambulat\u00f3rio de Diversidade Sexual e G\u00eanero de Manaus\/AM<\/p>\n<p>[\/et_pb_blurb][et_pb_blurb use_icon=&#8221;on&#8221; font_icon=&#8221;&#x69;||divi||400&#8243; icon_placement=&#8221;left&#8221; content_max_width=&#8221;1100px&#8221; _builder_version=&#8221;4.24.3&#8243; _module_preset=&#8221;default&#8221; body_link_text_color=&#8221;#077c13&#8243; hover_enabled=&#8221;0&#8243; global_colors_info=&#8221;{}&#8221; sticky_enabled=&#8221;0&#8243;]<\/p>\n<p><strong>Discente:<\/strong> Suellen Moura Rocha Ferezin<\/p>\n<p><strong>Docente:<\/strong> Camila Helena Aguiar B\u00f4tto de Menezes<\/p>\n<p><strong>T\u00edtulo da Disserta\u00e7\u00e3o de Mestrado: <\/strong>Letalidade por S\u00edndrome Respirat\u00f3ria Aguda Grave por COVID-19 em ind\u00edgenas hospitalizados no estado do Amazonas, 2020-2021<\/p>\n<p>[\/et_pb_blurb][et_pb_blurb use_icon=&#8221;on&#8221; font_icon=&#8221;&#x69;||divi||400&#8243; icon_placement=&#8221;left&#8221; content_max_width=&#8221;1100px&#8221; _builder_version=&#8221;4.24.3&#8243; _module_preset=&#8221;default&#8221; body_link_text_color=&#8221;#077c13&#8243; hover_enabled=&#8221;0&#8243; global_colors_info=&#8221;{}&#8221; sticky_enabled=&#8221;0&#8243;]<\/p>\n<p><strong>Discente:<\/strong> Vanderlane de Souza Duarte<\/p>\n<p><strong>Docente:<\/strong> \u00c2ngela Xavier Monteiro<\/p>\n<p><strong>T\u00edtulo da Disserta\u00e7\u00e3o de Mestrado:<\/strong>Atua\u00e7\u00e3o das equipes de sa\u00fade da fam\u00edlia no cuidado aos pacientes com hipertens\u00e3o arterial sist\u00eamica e Diabetes Mellitus nos distritos de sa\u00fade Leste e Sul de Manaus durante a pandemia de COVID-19<\/p>\n<p>[\/et_pb_blurb][\/et_pb_column][\/et_pb_row][et_pb_row disabled_on=&#8221;on|on|on&#8221; _builder_version=&#8221;4.16&#8243; disabled=&#8221;on&#8221; global_colors_info=&#8221;{}&#8221;][et_pb_column type=&#8221;4_4&#8243; _builder_version=&#8221;4.16&#8243; global_colors_info=&#8221;{}&#8221;][et_pb_toggle title=&#8221;2022&#8243; _builder_version=&#8221;4.16&#8243; title_text_color=&#8221;#000000&#8243; title_font=&#8221;|600|||||||&#8221; border_radii=&#8221;on|7px|7px|7px|7px&#8221; global_colors_info=&#8221;{}&#8221;]<\/p>\n<table id=\"tablepress-19\" class=\"tablepress tablepress-id-19 dataTable no-footer\" style=\"border-color: #cccccc;\" role=\"grid\" border=\"1\">\n<thead>\n<tr class=\"row-1 odd\" role=\"row\">\n<th class=\"column-1 sorting_disabled\" colspan=\"1\" rowspan=\"1\">EGRESSO<\/th>\n<th class=\"column-2 sorting_disabled\" colspan=\"1\" rowspan=\"1\">ORIENTADOR(A)<\/th>\n<th class=\"column-3 sorting_disabled\" colspan=\"1\" rowspan=\"1\">TITULO<\/th>\n<th class=\"column-4 sorting_disabled\" colspan=\"1\" rowspan=\"1\">LINK<\/th>\n<\/tr>\n<\/thead>\n<tbody class=\"row-hover\">\n<tr class=\"row-2 even\">\n<td class=\"column-1\">\u00a0<\/td>\n<td class=\"column-2\">\u00a0<\/td>\n<td class=\"column-3\">\u00a0<\/td>\n<td class=\"column-4\">\u00a0<\/td>\n<\/tr>\n<tr class=\"row-2 even\">\n<td class=\"column-1\">\u00a0<\/td>\n<td class=\"column-2\">\u00a0<\/td>\n<td class=\"column-3\">\u00a0<\/td>\n<td class=\"column-4\">\u00a0<\/td>\n<\/tr>\n<\/tbody>\n<\/table>\n<p>[\/et_pb_toggle][et_pb_toggle title=&#8221;2021&#8243; _builder_version=&#8221;4.16&#8243; title_text_color=&#8221;#000000&#8243; title_font=&#8221;|600|||||||&#8221; border_radii=&#8221;on|7px|7px|7px|7px&#8221; global_colors_info=&#8221;{}&#8221;]<\/p>\n<table id=\"tablepress-19\" class=\"tablepress tablepress-id-19 dataTable no-footer\" style=\"border-color: #cccccc;\" role=\"grid\" border=\"1\">\n<thead>\n<tr class=\"row-1 odd\" role=\"row\">\n<th class=\"column-1 sorting_disabled\" colspan=\"1\" rowspan=\"1\">EGRESSO<\/th>\n<th class=\"column-2 sorting_disabled\" colspan=\"1\" rowspan=\"1\">ORIENTADOR(A)<\/th>\n<th class=\"column-3 sorting_disabled\" colspan=\"1\" rowspan=\"1\">TITULO<\/th>\n<th class=\"column-4 sorting_disabled\" colspan=\"1\" rowspan=\"1\">LINK<\/th>\n<\/tr>\n<\/thead>\n<tbody class=\"row-hover\">\n<tr class=\"row-2 even\">\n<td class=\"column-1\">\u00a0<\/td>\n<td class=\"column-2\">\u00a0<\/td>\n<td class=\"column-3\">\u00a0<\/td>\n<td class=\"column-4\">\u00a0<\/td>\n<\/tr>\n<tr class=\"row-2 even\">\n<td class=\"column-1\">\u00a0<\/td>\n<td class=\"column-2\">\u00a0<\/td>\n<td class=\"column-3\">\u00a0<\/td>\n<td class=\"column-4\">\u00a0<\/td>\n<\/tr>\n<\/tbody>\n<\/table>\n<p>[\/et_pb_toggle][\/et_pb_column][\/et_pb_row][et_pb_row _builder_version=&#8221;4.16&#8243; global_colors_info=&#8221;{}&#8221;][et_pb_column type=&#8221;4_4&#8243; _builder_version=&#8221;4.16&#8243; global_colors_info=&#8221;{}&#8221;][et_pb_divider show_divider=&#8221;off&#8221; _builder_version=&#8221;4.16&#8243; min_height=&#8221;210px&#8221; global_colors_info=&#8221;{}&#8221;][\/et_pb_divider][\/et_pb_column][\/et_pb_row][\/et_pb_section]<\/p>\n","protected":false},"excerpt":{"rendered":"<p>Rela\u00e7\u00e3o Discentes Titulados Discente: Diana Andreza Rebou\u00e7as de Almeida Docente: S\u00f4nia Maria Lemos T\u00edtulo da Disserta\u00e7\u00e3o de Mestrado: Cuidados em sa\u00fade no contexto da Pandemia de Covid-19: estrat\u00e9gias e desafios a partir das narrativas das trabalhadoras e dos trabalhadores da Aten\u00e7\u00e3o B\u00e1sica \u00e0 Sa\u00fade em um munic\u00edpio do interior do AmazonasDiscente: Juliana Pereira de Ara\u00fajo [&hellip;]<\/p>\n","protected":false},"author":6,"featured_media":0,"parent":0,"menu_order":0,"comment_status":"closed","ping_status":"closed","template":"","meta":{"_et_pb_use_builder":"on","_et_pb_old_content":"","_et_gb_content_width":"","om_disable_all_campaigns":false,"footnotes":""},"class_list":["post-277720","page","type-page","status-publish","hentry"],"aioseo_notices":[],"_links":{"self":[{"href":"https:\/\/ppgsc.uea.edu.br\/index.php\/wp-json\/wp\/v2\/pages\/277720","targetHints":{"allow":["GET"]}}],"collection":[{"href":"https:\/\/ppgsc.uea.edu.br\/index.php\/wp-json\/wp\/v2\/pages"}],"about":[{"href":"https:\/\/ppgsc.uea.edu.br\/index.php\/wp-json\/wp\/v2\/types\/page"}],"author":[{"embeddable":true,"href":"https:\/\/ppgsc.uea.edu.br\/index.php\/wp-json\/wp\/v2\/users\/6"}],"replies":[{"embeddable":true,"href":"https:\/\/ppgsc.uea.edu.br\/index.php\/wp-json\/wp\/v2\/comments?post=277720"}],"version-history":[{"count":4,"href":"https:\/\/ppgsc.uea.edu.br\/index.php\/wp-json\/wp\/v2\/pages\/277720\/revisions"}],"predecessor-version":[{"id":277728,"href":"https:\/\/ppgsc.uea.edu.br\/index.php\/wp-json\/wp\/v2\/pages\/277720\/revisions\/277728"}],"wp:attachment":[{"href":"https:\/\/ppgsc.uea.edu.br\/index.php\/wp-json\/wp\/v2\/media?parent=277720"}],"curies":[{"name":"wp","href":"https:\/\/api.w.org\/{rel}","templated":true}]}}