{"id":277654,"date":"2024-04-01T00:24:19","date_gmt":"2024-04-01T03:24:19","guid":{"rendered":"https:\/\/ppgsc.uea.edu.br\/?page_id=277654"},"modified":"2024-04-01T00:28:49","modified_gmt":"2024-04-01T03:28:49","slug":"autoevaluacion","status":"publish","type":"page","link":"https:\/\/ppgsc.uea.edu.br\/index.php\/es\/autoevaluacion\/","title":{"rendered":"Autoevaluaci\u00f3n"},"content":{"rendered":"<p>[et_pb_section fb_built=&#8221;1&#8243; _builder_version=&#8221;4.16&#8243; custom_padding=&#8221;0px||0px|||&#8221; da_disable_devices=&#8221;off|off|off&#8221; global_colors_info=&#8221;{}&#8221; collapsed=&#8221;on&#8221; admin_label=&#8221;Se\u00e7\u00e3o&#8221; locked=&#8221;off&#8221; theme_builder_area=&#8221;post_content&#8221; da_is_popup=&#8221;off&#8221; da_exit_intent=&#8221;off&#8221; da_has_close=&#8221;on&#8221; da_alt_close=&#8221;off&#8221; da_dark_close=&#8221;off&#8221; da_not_modal=&#8221;on&#8221; da_is_singular=&#8221;off&#8221; da_with_loader=&#8221;off&#8221; da_has_shadow=&#8221;on&#8221;][et_pb_row _builder_version=&#8221;4.16&#8243; width=&#8221;100%&#8221; max_width=&#8221;100%&#8221; custom_padding=&#8221;0px||3px|||&#8221; global_colors_info=&#8221;{}&#8221; theme_builder_area=&#8221;post_content&#8221;][et_pb_column type=&#8221;4_4&#8243; _builder_version=&#8221;4.16&#8243; global_colors_info=&#8221;{}&#8221; theme_builder_area=&#8221;post_content&#8221;][et_pb_slider _builder_version=&#8221;4.16&#8243; custom_padding=&#8221;6%||||false|false&#8221; global_colors_info=&#8221;{}&#8221; theme_builder_area=&#8221;post_content&#8221;][et_pb_slide heading=&#8221;@ET-DC@eyJkeW5hbWljIjp0cnVlLCJjb250ZW50IjoicG9zdF90aXRsZSIsInNldHRpbmdzIjp7ImJlZm9yZSI6IiIsImFmdGVyIjoiIn19@&#8221; _builder_version=&#8221;4.16&#8243; _dynamic_attributes=&#8221;heading&#8221; header_font=&#8221;|700|||||||&#8221; header_font_size=&#8221;45px&#8221; background_color=&#8221;#d58c3d&#8221; background_enable_color=&#8221;on&#8221; background_image=&#8221;http:\/\/ppgsc.uea.edu.br\/wp-content\/uploads\/2021\/11\/Fundo-titulos@2x.png&#8221; background_enable_image=&#8221;on&#8221; background_position=&#8221;bottom_center&#8221; header_font_size_tablet=&#8221;40px&#8221; header_font_size_phone=&#8221;&#8221; header_font_size_last_edited=&#8221;on|desktop&#8221; global_colors_info=&#8221;{}&#8221; sticky_transition=&#8221;on&#8221; theme_builder_area=&#8221;post_content&#8221;][\/et_pb_slide][\/et_pb_slider][\/et_pb_column][\/et_pb_row][\/et_pb_section][et_pb_section fb_built=&#8221;1&#8243; admin_label=&#8221;Service Section&#8221; _builder_version=&#8221;4.16&#8243; custom_margin=&#8221;|||&#8221; custom_padding=&#8221;35px||110px|||&#8221; da_disable_devices=&#8221;off|off|off&#8221; global_colors_info=&#8221;{}&#8221; collapsed=&#8221;on&#8221; locked=&#8221;off&#8221; theme_builder_area=&#8221;post_content&#8221; da_is_popup=&#8221;off&#8221; da_exit_intent=&#8221;off&#8221; da_has_close=&#8221;on&#8221; da_alt_close=&#8221;off&#8221; da_dark_close=&#8221;off&#8221; da_not_modal=&#8221;on&#8221; da_is_singular=&#8221;off&#8221; da_with_loader=&#8221;off&#8221; da_has_shadow=&#8221;on&#8221;][et_pb_row admin_label=&#8221;Service Section Title&#8221; _builder_version=&#8221;4.16&#8243; custom_margin=&#8221;|auto|-2px|auto||&#8221; custom_padding=&#8221;||5px|||&#8221; animation_style=&#8221;fade&#8221; animation_direction=&#8221;top&#8221; saved_tabs=&#8221;all&#8221; global_colors_info=&#8221;{}&#8221; theme_builder_area=&#8221;post_content&#8221;][et_pb_column type=&#8221;4_4&#8243; _builder_version=&#8221;4.16&#8243; custom_padding=&#8221;|||&#8221; global_colors_info=&#8221;{}&#8221; custom_padding__hover=&#8221;|||&#8221; theme_builder_area=&#8221;post_content&#8221;][et_pb_text admin_label=&#8221;Title&#8221; _builder_version=&#8221;4.19.4&#8243; text_font=&#8221;Noto Sans||||||||&#8221; text_font_size=&#8221;16px&#8221; text_line_height=&#8221;1.9em&#8221; header_font=&#8221;||||||||&#8221; header_2_font=&#8221;Noto Sans|700||on|||||&#8221; header_2_font_size=&#8221;30px&#8221; header_2_line_height=&#8221;1.3em&#8221; text_orientation=&#8221;justified&#8221; module_alignment=&#8221;center&#8221; custom_margin=&#8221;||12px|||&#8221; animation_style=&#8221;slide&#8221; animation_direction=&#8221;bottom&#8221; animation_intensity_slide=&#8221;4%&#8221; global_colors_info=&#8221;{}&#8221; theme_builder_area=&#8221;post_content&#8221;][\/et_pb_text][\/et_pb_column][\/et_pb_row][et_pb_row column_structure=&#8221;1_4,3_4&#8243; use_custom_gutter=&#8221;on&#8221; gutter_width=&#8221;2&#8243; admin_label=&#8221;Service Section Title&#8221; _builder_version=&#8221;4.16&#8243; width=&#8221;100%&#8221; custom_margin=&#8221;20px||||false|false&#8221; custom_padding=&#8221;||20px|20px|false|false&#8221; animation_style=&#8221;fade&#8221; animation_direction=&#8221;top&#8221; border_width_bottom=&#8221;4px&#8221; border_color_bottom=&#8221;#a23123&#8243; border_color_left=&#8221;#a23123&#8243; saved_tabs=&#8221;all&#8221; locked=&#8221;off&#8221; global_colors_info=&#8221;{}&#8221; custom_margin__hover_enabled=&#8221;off|desktop&#8221; theme_builder_area=&#8221;post_content&#8221;][et_pb_column type=&#8221;1_4&#8243; _builder_version=&#8221;4.16&#8243; custom_padding=&#8221;|||&#8221; global_colors_info=&#8221;{}&#8221; custom_padding__hover=&#8221;|||&#8221; theme_builder_area=&#8221;post_content&#8221;][et_pb_text _builder_version=&#8221;4.19.4&#8243; header_2_font=&#8221;|700||on|||||&#8221; header_2_text_align=&#8221;center&#8221; header_2_font_size=&#8221;30px&#8221; header_2_line_height=&#8221;1.3em&#8221; use_background_color_gradient=&#8221;on&#8221; background_color_gradient_stops=&#8221;rgba(255,255,255,0) 0%|rgba(255,255,255,0) 100%&#8221; background_enable_image=&#8221;off&#8221; custom_padding=&#8221;20%||||false|false&#8221; global_colors_info=&#8221;{}&#8221; theme_builder_area=&#8221;post_content&#8221;]<\/p>\n<p><img loading=\"lazy\" decoding=\"async\" class=\"wp-image-276775 alignnone size-full\" src=\"https:\/\/ppgsc.uea.edu.br\/wp-content\/uploads\/2023\/01\/Design-sem-nome-74.png\" alt=\"\" width=\"400\" height=\"500\" srcset=\"https:\/\/ppgsc.uea.edu.br\/wp-content\/uploads\/2023\/01\/Design-sem-nome-74.png 400w, https:\/\/ppgsc.uea.edu.br\/wp-content\/uploads\/2023\/01\/Design-sem-nome-74-240x300.png 240w\" sizes=\"auto, (max-width: 400px) 100vw, 400px\" \/><\/p>\n<p>[\/et_pb_text][\/et_pb_column][et_pb_column type=&#8221;3_4&#8243; _builder_version=&#8221;4.16&#8243; custom_padding=&#8221;|||&#8221; global_colors_info=&#8221;{}&#8221; custom_padding__hover=&#8221;|||&#8221; theme_builder_area=&#8221;post_content&#8221;][et_pb_blurb content_max_width=&#8221;100%&#8221; _builder_version=&#8221;4.19.4&#8243; header_font=&#8221;|700|||||||&#8221; header_font_size=&#8221;18px&#8221; header_line_height=&#8221;1.2em&#8221; body_text_align=&#8221;justify&#8221; global_colors_info=&#8221;{}&#8221; theme_builder_area=&#8221;post_content&#8221;]<\/p>\n<h2 style=\"text-align: left;\">Autoevaluaci\u00f3n y Planificaci\u00f3n Estrat\u00e9gica<\/h2>\n<p>La evaluaci\u00f3n interna institucional (autoevaluaci\u00f3n) se inserta en el contexto del Sistema Nacional de Evaluaci\u00f3n de la Educaci\u00f3n Superior (Sinaes) que, establecido por la Ley N\u00ba 10.861 del 14 de abril de 2004, tiene entre sus fines el mejoramiento de la calidad de la educaci\u00f3n superior y la ampliaci\u00f3n de su oferta.<\/p>\n<p>La autoevaluaci\u00f3n, en l\u00ednea con el Plan de Desarrollo Institucional (PDI) de la IES, debe ser vista como un proceso de autoconocimiento realizado por el Comit\u00e9 de Evaluaci\u00f3n Propia (CPA), pero que involucra a todos los actores que trabajan en la instituci\u00f3n, con el fin de analizar las actividades acad\u00e9micas desarrolladas. Es un proceso de inducci\u00f3n de calidad en la instituci\u00f3n, que debe aprovechar los resultados de las evaluaciones externas y la informaci\u00f3n recolectada y organizada desde el PDI, transform\u00e1ndolos en conocimiento y posibilitando su apropiaci\u00f3n por parte de los actores involucrados. Al fin y al cabo, las acciones de mejora a implementar por parte de la instituci\u00f3n dependen de su propia comprensi\u00f3n, de su propio autoconocimiento.<\/p>\n<p>El proceso de autoevaluaci\u00f3n de las IES debe consolidarse en el Informe de Autoevaluaci\u00f3n Institucional, que tiene como objetivo fomentar la cultura de la evaluaci\u00f3n institucional y subvencionar los procesos de evaluaci\u00f3n externa. Para colaborar con las IES en este proceso, la Direcci\u00f3n de Evaluaci\u00f3n de la Educaci\u00f3n Superior (DAES), del Instituto Nacional de Estudios e Investigaciones Educativas An\u00edsio Teixeira (INEP), autarqu\u00eda del Ministerio de Educaci\u00f3n (MEC), con la orientaci\u00f3n de la Comisi\u00f3n Nacional de Evaluaci\u00f3n de la Educaci\u00f3n Superior (CONAES) sugiere, a continuaci\u00f3n, la hoja de ruta para la elaboraci\u00f3n del Informe de Autoevaluaci\u00f3n Institucional siguiendo la Nota T\u00e9cnica N\u00ba 065 INEP\/DAES\/CONAES del 9 de octubre de 2014.<\/p>\n<p>&nbsp;<\/p>\n<p>[\/et_pb_blurb][\/et_pb_column][\/et_pb_row][et_pb_row column_structure=&#8221;1_5,1_5,1_5,1_5,1_5&#8243; use_custom_gutter=&#8221;on&#8221; gutter_width=&#8221;2&#8243; admin_label=&#8221;Service Section Title&#8221; _builder_version=&#8221;4.16&#8243; width=&#8221;100%&#8221; custom_margin=&#8221;20px||||false|false&#8221; custom_padding=&#8221;||20px|20px|false|false&#8221; animation_style=&#8221;fade&#8221; animation_direction=&#8221;top&#8221; border_width_bottom=&#8221;4px&#8221; border_color_bottom=&#8221;#a23123&#8243; border_color_left=&#8221;#a23123&#8243; saved_tabs=&#8221;all&#8221; locked=&#8221;off&#8221; global_colors_info=&#8221;{}&#8221; custom_margin__hover_enabled=&#8221;off|desktop&#8221; theme_builder_area=&#8221;post_content&#8221;][et_pb_column type=&#8221;1_5&#8243; _builder_version=&#8221;4.16&#8243; custom_padding=&#8221;|||&#8221; global_colors_info=&#8221;{}&#8221; custom_padding__hover=&#8221;|||&#8221; theme_builder_area=&#8221;post_content&#8221;][et_pb_text _builder_version=&#8221;4.19.4&#8243; header_2_font=&#8221;|700||on|||||&#8221; header_2_text_align=&#8221;center&#8221; header_2_font_size=&#8221;30px&#8221; header_2_line_height=&#8221;1.3em&#8221; custom_padding=&#8221;20%||||false|false&#8221; global_colors_info=&#8221;{}&#8221; theme_builder_area=&#8221;post_content&#8221;]<\/p>\n<h4 _msttexthash=\"155948\" _msthash=\"236\">Cuadrienio<\/h4>\n<h4 style=\"text-align: left;\"><strong>2021-2024<\/strong><\/h4>\n<p>[\/et_pb_text][\/et_pb_column][et_pb_column type=&#8221;1_5&#8243; _builder_version=&#8221;4.16&#8243; custom_padding=&#8221;|||&#8221; global_colors_info=&#8221;{}&#8221; custom_padding__hover=&#8221;|||&#8221; theme_builder_area=&#8221;post_content&#8221;][et_pb_blurb title=&#8221;2021&#8243; content_max_width=&#8221;100%&#8221; admin_label=&#8221;2021&#8243; _builder_version=&#8221;4.19.4&#8243; header_font=&#8221;|700|||||||&#8221; header_font_size=&#8221;18px&#8221; header_line_height=&#8221;1.2em&#8221; body_text_align=&#8221;justify&#8221; global_colors_info=&#8221;{}&#8221; theme_builder_area=&#8221;post_content&#8221;][\/et_pb_blurb][et_pb_button button_url=&#8221;https:\/\/selecao1.uea.edu.br\/?dest=info&#038;selecao=7023&#8243; url_new_window=&#8221;on&#8221; button_text=&#8221;Proyecto&#8221; _builder_version=&#8221;4.24.2&#8243; custom_button=&#8221;on&#8221; button_text_size=&#8221;16px&#8221; button_bg_color=&#8221;#a23123&#8243; button_font=&#8221;|600|||||||&#8221; hover_enabled=&#8221;0&#8243; global_colors_info=&#8221;{}&#8221; theme_builder_area=&#8221;post_content&#8221; sticky_enabled=&#8221;0&#8243;][\/et_pb_button][et_pb_button button_url=&#8221;https:\/\/selecao1.uea.edu.br\/?dest=info&#038;selecao=7023&#8243; url_new_window=&#8221;on&#8221; button_text=&#8221;Conserje&#8221; _builder_version=&#8221;4.24.2&#8243; custom_button=&#8221;on&#8221; button_text_size=&#8221;16px&#8221; button_bg_color=&#8221;#a23123&#8243; button_font=&#8221;|600|||||||&#8221; hover_enabled=&#8221;0&#8243; global_colors_info=&#8221;{}&#8221; theme_builder_area=&#8221;post_content&#8221; sticky_enabled=&#8221;0&#8243;][\/et_pb_button][et_pb_button button_url=&#8221;https:\/\/selecao1.uea.edu.br\/?dest=info&#038;selecao=7023&#8243; url_new_window=&#8221;on&#8221; button_text=&#8221;Informe&#8221; _builder_version=&#8221;4.24.2&#8243; custom_button=&#8221;on&#8221; button_text_size=&#8221;16px&#8221; button_bg_color=&#8221;#a23123&#8243; button_font=&#8221;|600|||||||&#8221; hover_enabled=&#8221;0&#8243; global_colors_info=&#8221;{}&#8221; theme_builder_area=&#8221;post_content&#8221; sticky_enabled=&#8221;0&#8243;][\/et_pb_button][\/et_pb_column][et_pb_column type=&#8221;1_5&#8243; _builder_version=&#8221;4.16&#8243; custom_padding=&#8221;|||&#8221; global_colors_info=&#8221;{}&#8221; custom_padding__hover=&#8221;|||&#8221; theme_builder_area=&#8221;post_content&#8221;][et_pb_blurb title=&#8221;2022&#8243; content_max_width=&#8221;100%&#8221; admin_label=&#8221;2022&#8243; _builder_version=&#8221;4.19.4&#8243; header_font=&#8221;|700|||||||&#8221; header_font_size=&#8221;18px&#8221; header_line_height=&#8221;1.2em&#8221; body_text_align=&#8221;justify&#8221; global_colors_info=&#8221;{}&#8221; theme_builder_area=&#8221;post_content&#8221;][\/et_pb_blurb][et_pb_button button_url=&#8221;https:\/\/selecao1.uea.edu.br\/?dest=info&#038;selecao=7023&#8243; url_new_window=&#8221;on&#8221; button_text=&#8221;Proyecto&#8221; _builder_version=&#8221;4.24.2&#8243; custom_button=&#8221;on&#8221; button_text_size=&#8221;16px&#8221; button_bg_color=&#8221;#a23123&#8243; button_font=&#8221;|600|||||||&#8221; global_colors_info=&#8221;{}&#8221; theme_builder_area=&#8221;post_content&#8221;][\/et_pb_button][et_pb_button button_url=&#8221;https:\/\/selecao1.uea.edu.br\/?dest=info&#038;selecao=7023&#8243; url_new_window=&#8221;on&#8221; button_text=&#8221;Conserje&#8221; _builder_version=&#8221;4.24.2&#8243; custom_button=&#8221;on&#8221; button_text_size=&#8221;16px&#8221; button_bg_color=&#8221;#a23123&#8243; button_font=&#8221;|600|||||||&#8221; hover_enabled=&#8221;0&#8243; global_colors_info=&#8221;{}&#8221; theme_builder_area=&#8221;post_content&#8221; sticky_enabled=&#8221;0&#8243;][\/et_pb_button][et_pb_button button_url=&#8221;https:\/\/selecao1.uea.edu.br\/?dest=info&#038;selecao=7023&#8243; url_new_window=&#8221;on&#8221; button_text=&#8221;Informe&#8221; _builder_version=&#8221;4.24.2&#8243; custom_button=&#8221;on&#8221; button_text_size=&#8221;16px&#8221; button_bg_color=&#8221;#a23123&#8243; button_font=&#8221;|600|||||||&#8221; hover_enabled=&#8221;0&#8243; global_colors_info=&#8221;{}&#8221; theme_builder_area=&#8221;post_content&#8221; sticky_enabled=&#8221;0&#8243;][\/et_pb_button][\/et_pb_column][et_pb_column type=&#8221;1_5&#8243; _builder_version=&#8221;4.16&#8243; custom_padding=&#8221;|||&#8221; global_colors_info=&#8221;{}&#8221; custom_padding__hover=&#8221;|||&#8221; theme_builder_area=&#8221;post_content&#8221;][et_pb_blurb title=&#8221;2023&#8243; content_max_width=&#8221;100%&#8221; admin_label=&#8221;2023&#8243; _builder_version=&#8221;4.19.4&#8243; header_font=&#8221;|700|||||||&#8221; header_font_size=&#8221;18px&#8221; header_line_height=&#8221;1.2em&#8221; body_text_align=&#8221;justify&#8221; global_colors_info=&#8221;{}&#8221; theme_builder_area=&#8221;post_content&#8221;][\/et_pb_blurb][et_pb_button button_url=&#8221;https:\/\/selecao1.uea.edu.br\/?dest=info&#038;selecao=7023&#8243; url_new_window=&#8221;on&#8221; button_text=&#8221;Proyecto&#8221; _builder_version=&#8221;4.19.4&#8243; custom_button=&#8221;on&#8221; button_text_size=&#8221;16px&#8221; button_bg_color=&#8221;#a23123&#8243; button_font=&#8221;|600|||||||&#8221; hover_enabled=&#8221;0&#8243; global_colors_info=&#8221;{}&#8221; theme_builder_area=&#8221;post_content&#8221; sticky_enabled=&#8221;0&#8243;][\/et_pb_button][et_pb_button button_url=&#8221;https:\/\/selecao1.uea.edu.br\/?dest=info&#038;selecao=7023&#8243; url_new_window=&#8221;on&#8221; button_text=&#8221;Conserje&#8221; _builder_version=&#8221;4.24.2&#8243; custom_button=&#8221;on&#8221; button_text_size=&#8221;16px&#8221; button_bg_color=&#8221;#a23123&#8243; button_font=&#8221;|600|||||||&#8221; hover_enabled=&#8221;0&#8243; global_colors_info=&#8221;{}&#8221; theme_builder_area=&#8221;post_content&#8221; sticky_enabled=&#8221;0&#8243;][\/et_pb_button][et_pb_button button_url=&#8221;https:\/\/selecao1.uea.edu.br\/?dest=info&#038;selecao=7023&#8243; url_new_window=&#8221;on&#8221; button_text=&#8221;Informe&#8221; _builder_version=&#8221;4.24.2&#8243; custom_button=&#8221;on&#8221; button_text_size=&#8221;16px&#8221; button_bg_color=&#8221;#a23123&#8243; button_font=&#8221;|600|||||||&#8221; hover_enabled=&#8221;0&#8243; global_colors_info=&#8221;{}&#8221; theme_builder_area=&#8221;post_content&#8221; sticky_enabled=&#8221;0&#8243;][\/et_pb_button][\/et_pb_column][et_pb_column type=&#8221;1_5&#8243; _builder_version=&#8221;4.16&#8243; custom_padding=&#8221;|||&#8221; global_colors_info=&#8221;{}&#8221; custom_padding__hover=&#8221;|||&#8221; theme_builder_area=&#8221;post_content&#8221;][et_pb_blurb title=&#8221;2024&#8243; content_max_width=&#8221;100%&#8221; admin_label=&#8221;2024&#8243; _builder_version=&#8221;4.19.4&#8243; header_font=&#8221;|700|||||||&#8221; header_font_size=&#8221;18px&#8221; header_line_height=&#8221;1.2em&#8221; body_text_align=&#8221;justify&#8221; global_colors_info=&#8221;{}&#8221; theme_builder_area=&#8221;post_content&#8221;][\/et_pb_blurb][et_pb_button button_url=&#8221;https:\/\/selecao1.uea.edu.br\/?dest=info&#038;selecao=7023&#8243; url_new_window=&#8221;on&#8221; button_text=&#8221;Projeto&#8221; _builder_version=&#8221;4.19.4&#8243; custom_button=&#8221;on&#8221; button_text_size=&#8221;16px&#8221; button_bg_color=&#8221;#a23123&#8243; button_font=&#8221;|600|||||||&#8221; global_colors_info=&#8221;{}&#8221; theme_builder_area=&#8221;post_content&#8221;][\/et_pb_button][et_pb_button button_url=&#8221;https:\/\/selecao1.uea.edu.br\/?dest=info&#038;selecao=7023&#8243; url_new_window=&#8221;on&#8221; button_text=&#8221;Portaria&#8221; _builder_version=&#8221;4.19.4&#8243; custom_button=&#8221;on&#8221; button_text_size=&#8221;16px&#8221; button_bg_color=&#8221;#a23123&#8243; button_font=&#8221;|600|||||||&#8221; global_colors_info=&#8221;{}&#8221; theme_builder_area=&#8221;post_content&#8221;][\/et_pb_button][et_pb_button button_url=&#8221;https:\/\/selecao1.uea.edu.br\/?dest=info&#038;selecao=7023&#8243; url_new_window=&#8221;on&#8221; button_text=&#8221;Relat\u00f3rio&#8221; _builder_version=&#8221;4.19.4&#8243; custom_button=&#8221;on&#8221; button_text_size=&#8221;16px&#8221; button_bg_color=&#8221;#a23123&#8243; button_font=&#8221;|600|||||||&#8221; global_colors_info=&#8221;{}&#8221; theme_builder_area=&#8221;post_content&#8221;][\/et_pb_button][\/et_pb_column][\/et_pb_row][\/et_pb_section]<\/p>\n","protected":false},"excerpt":{"rendered":"<p>Autoevaluaci\u00f3n y Planificaci\u00f3n Estrat\u00e9gica La evaluaci\u00f3n interna institucional (autoevaluaci\u00f3n) se inserta en el contexto del Sistema Nacional de Evaluaci\u00f3n de la Educaci\u00f3n Superior (Sinaes) que, establecido por la Ley N\u00ba 10.861 del 14 de abril de 2004, tiene entre sus fines el mejoramiento de la calidad de la educaci\u00f3n superior y la ampliaci\u00f3n de su [&hellip;]<\/p>\n","protected":false},"author":6,"featured_media":0,"parent":0,"menu_order":0,"comment_status":"closed","ping_status":"closed","template":"","meta":{"_et_pb_use_builder":"on","_et_pb_old_content":"","_et_gb_content_width":"","om_disable_all_campaigns":false,"footnotes":""},"class_list":["post-277654","page","type-page","status-publish","hentry"],"aioseo_notices":[],"_links":{"self":[{"href":"https:\/\/ppgsc.uea.edu.br\/index.php\/wp-json\/wp\/v2\/pages\/277654","targetHints":{"allow":["GET"]}}],"collection":[{"href":"https:\/\/ppgsc.uea.edu.br\/index.php\/wp-json\/wp\/v2\/pages"}],"about":[{"href":"https:\/\/ppgsc.uea.edu.br\/index.php\/wp-json\/wp\/v2\/types\/page"}],"author":[{"embeddable":true,"href":"https:\/\/ppgsc.uea.edu.br\/index.php\/wp-json\/wp\/v2\/users\/6"}],"replies":[{"embeddable":true,"href":"https:\/\/ppgsc.uea.edu.br\/index.php\/wp-json\/wp\/v2\/comments?post=277654"}],"version-history":[{"count":2,"href":"https:\/\/ppgsc.uea.edu.br\/index.php\/wp-json\/wp\/v2\/pages\/277654\/revisions"}],"predecessor-version":[{"id":277661,"href":"https:\/\/ppgsc.uea.edu.br\/index.php\/wp-json\/wp\/v2\/pages\/277654\/revisions\/277661"}],"wp:attachment":[{"href":"https:\/\/ppgsc.uea.edu.br\/index.php\/wp-json\/wp\/v2\/media?parent=277654"}],"curies":[{"name":"wp","href":"https:\/\/api.w.org\/{rel}","templated":true}]}}