{"id":275978,"date":"2021-11-18T15:22:13","date_gmt":"2021-11-18T18:22:13","guid":{"rendered":"https:\/\/ppgsc.uea.edu.br\/index.php\/presentacion\/"},"modified":"2024-03-31T23:03:15","modified_gmt":"2024-04-01T02:03:15","slug":"presentacion","status":"publish","type":"page","link":"https:\/\/ppgsc.uea.edu.br\/index.php\/es\/presentacion\/","title":{"rendered":"Presentaci\u00f3n (ES)"},"content":{"rendered":"<p>[et_pb_section fb_built=&#8221;1&#8243; _builder_version=&#8221;4.11.4&#8243; custom_padding=&#8221;0px||0px|||&#8221; da_disable_devices=&#8221;off|off|off&#8221; da_is_popup=&#8221;off&#8221; da_exit_intent=&#8221;off&#8221; da_has_close=&#8221;on&#8221; da_alt_close=&#8221;off&#8221; da_dark_close=&#8221;off&#8221; da_not_modal=&#8221;on&#8221; da_is_singular=&#8221;off&#8221; da_with_loader=&#8221;off&#8221; da_has_shadow=&#8221;on&#8221;][et_pb_row _builder_version=&#8221;4.11.4&#8243; width=&#8221;100%&#8221; max_width=&#8221;100%&#8221; custom_padding=&#8221;0px||3px|||&#8221;][et_pb_column type=&#8221;4_4&#8243; _builder_version=&#8221;4.11.4&#8243;][et_pb_slider _builder_version=&#8221;4.4.8&#8243; custom_padding=&#8221;6%||||false|false&#8221;][et_pb_slide heading=&#8221;@ET-DC@eyJkeW5hbWljIjp0cnVlLCJjb250ZW50IjoicG9zdF90aXRsZSIsInNldHRpbmdzIjp7ImJlZm9yZSI6IiIsImFmdGVyIjoiIn19@&#8221; _builder_version=&#8221;4.4.8&#8243; _dynamic_attributes=&#8221;heading&#8221; header_font=&#8221;|700|||||||&#8221; header_font_size=&#8221;45px&#8221; background_color=&#8221;#d58c3d&#8221; background_enable_color=&#8221;on&#8221; background_image=&#8221;http:\/\/ppgsc.uea.edu.br\/wp-content\/uploads\/2021\/11\/Fundo-titulos@2x.png&#8221; background_enable_image=&#8221;on&#8221; background_position=&#8221;bottom_center&#8221; header_font_size_tablet=&#8221;40px&#8221; header_font_size_phone=&#8221;&#8221; header_font_size_last_edited=&#8221;on|desktop&#8221;][\/et_pb_slide][\/et_pb_slider][\/et_pb_column][\/et_pb_row][\/et_pb_section][et_pb_section fb_built=&#8221;1&#8243; admin_label=&#8221;Service Section&#8221; _builder_version=&#8221;3.22&#8243; custom_margin=&#8221;|||&#8221; custom_padding=&#8221;35px||110px|||&#8221; da_disable_devices=&#8221;off|off|off&#8221; da_is_popup=&#8221;off&#8221; da_exit_intent=&#8221;off&#8221; da_has_close=&#8221;on&#8221; da_alt_close=&#8221;off&#8221; da_dark_close=&#8221;off&#8221; da_not_modal=&#8221;on&#8221; da_is_singular=&#8221;off&#8221; da_with_loader=&#8221;off&#8221; da_has_shadow=&#8221;on&#8221;][et_pb_row admin_label=&#8221;Service Section Title&#8221; _builder_version=&#8221;3.25&#8243; custom_margin=&#8221;|auto|-2px|auto||&#8221; custom_padding=&#8221;||5px|||&#8221; animation_style=&#8221;fade&#8221; animation_direction=&#8221;top&#8221; saved_tabs=&#8221;all&#8221;][et_pb_column type=&#8221;4_4&#8243; _builder_version=&#8221;3.25&#8243; custom_padding=&#8221;|||&#8221; custom_padding__hover=&#8221;|||&#8221;][et_pb_text admin_label=&#8221;Title&#8221; _builder_version=&#8221;4.4.8&#8243; text_font=&#8221;Noto Sans||||||||&#8221; text_font_size=&#8221;16px&#8221; text_line_height=&#8221;1.9em&#8221; header_font=&#8221;||||||||&#8221; header_2_font=&#8221;Noto Sans|700||on|||||&#8221; header_2_font_size=&#8221;30px&#8221; header_2_line_height=&#8221;1.3em&#8221; text_orientation=&#8221;justified&#8221; module_alignment=&#8221;center&#8221; custom_margin=&#8221;||12px|||&#8221; animation_style=&#8221;slide&#8221; animation_direction=&#8221;bottom&#8221; animation_intensity_slide=&#8221;4%&#8221;]<\/p>\n<p>Reconociendo el rol estrat\u00e9gico de la Salud Colectiva para el desarrollo regional, se defini\u00f3 una agenda de prioridades de investigaci\u00f3n, con el fin de crear y fortalecer grupos de investigaci\u00f3n en Salud Colectiva en la UEA en integraci\u00f3n con los grupos de investigaci\u00f3n del Instituto de Medicina Social de la Universidad del Estado. de R\u00edo de Janeiro (IMS-UERJ). El proceso de cooperaci\u00f3n entre ambas instituciones incluy\u00f3 la formaci\u00f3n de profesores a nivel de doctorado capaces de trabajar en la articulaci\u00f3n entre la investigaci\u00f3n y la cooperaci\u00f3n t\u00e9cnico-cient\u00edfica en el campo de la Salud P\u00fablica, desde una perspectiva cr\u00edtica y reflexiva, en consonancia con las prioridades de investigaci\u00f3n. en Brasil y las demandas y necesidades de las pol\u00edticas p\u00fablicas, con \u00e9nfasis en el SUS. Dentro de la planificaci\u00f3n estrat\u00e9gica, como resultado de la calificaci\u00f3n de profesores, el intercambio de experiencias y proyectos y el fortalecimiento de los grupos de investigaci\u00f3n de la universidad, se insert\u00f3 la propuesta de creaci\u00f3n de un posgrado stricto sensu. La iniciativa tambi\u00e9n fue resultado de la maduraci\u00f3n de discusiones institucionales sobre la necesidad de cualificar recursos humanos en el \u00e1rea de la salud p\u00fablica, con foco en los problemas prioritarios de salud p\u00fablica en la regi\u00f3n amaz\u00f3nica.<\/p>\n<p>El curso de maestr\u00eda acad\u00e9mica en Salud P\u00fablica de la Universidade do Estado do Amazonas fue reconocido por la Ordenanza del Ministro de Estado de Educaci\u00f3n n\u00ba &#8211; CTC-ES de la Coordinaci\u00f3n de Perfeccionamiento del Personal de Educaci\u00f3n Superior \u2013 Capes.<\/p>\n<p>El Programa de Postgrado en Salud Colectiva (PPGSC) se propone promover un conjunto de actividades que posibiliten la formaci\u00f3n de graduados capaces de actuar como profesores e investigadores en el campo de la Salud Colectiva, que contribuyan a la producci\u00f3n de conocimiento te\u00f3rico, epidemiol\u00f3gico y en gesti\u00f3n en salud . Se espera que los egresados \u200b\u200bpuedan dise\u00f1ar y ejecutar proyectos y programas de investigaci\u00f3n, as\u00ed como desarrollar habilidades para la docencia en el \u00e1rea de Salud P\u00fablica.<\/p>\n<p>[\/et_pb_text][\/et_pb_column][\/et_pb_row][\/et_pb_section]<\/p>\n","protected":false},"excerpt":{"rendered":"<p>Reconociendo el rol estrat\u00e9gico de la Salud Colectiva para el desarrollo regional, se defini\u00f3 una agenda de prioridades de investigaci\u00f3n, con el fin de crear y fortalecer grupos de investigaci\u00f3n en Salud Colectiva en la UEA en integraci\u00f3n con los grupos de investigaci\u00f3n del Instituto de Medicina Social de la Universidad del Estado. de R\u00edo [&hellip;]<\/p>\n","protected":false},"author":1,"featured_media":275711,"parent":0,"menu_order":0,"comment_status":"closed","ping_status":"closed","template":"","meta":{"_et_pb_use_builder":"on","_et_pb_old_content":"","_et_gb_content_width":"","om_disable_all_campaigns":false,"footnotes":""},"class_list":["post-275978","page","type-page","status-publish","has-post-thumbnail","hentry"],"aioseo_notices":[],"_links":{"self":[{"href":"https:\/\/ppgsc.uea.edu.br\/index.php\/wp-json\/wp\/v2\/pages\/275978","targetHints":{"allow":["GET"]}}],"collection":[{"href":"https:\/\/ppgsc.uea.edu.br\/index.php\/wp-json\/wp\/v2\/pages"}],"about":[{"href":"https:\/\/ppgsc.uea.edu.br\/index.php\/wp-json\/wp\/v2\/types\/page"}],"author":[{"embeddable":true,"href":"https:\/\/ppgsc.uea.edu.br\/index.php\/wp-json\/wp\/v2\/users\/1"}],"replies":[{"embeddable":true,"href":"https:\/\/ppgsc.uea.edu.br\/index.php\/wp-json\/wp\/v2\/comments?post=275978"}],"version-history":[{"count":5,"href":"https:\/\/ppgsc.uea.edu.br\/index.php\/wp-json\/wp\/v2\/pages\/275978\/revisions"}],"predecessor-version":[{"id":277564,"href":"https:\/\/ppgsc.uea.edu.br\/index.php\/wp-json\/wp\/v2\/pages\/275978\/revisions\/277564"}],"wp:featuredmedia":[{"embeddable":true,"href":"https:\/\/ppgsc.uea.edu.br\/index.php\/wp-json\/wp\/v2\/media\/275711"}],"wp:attachment":[{"href":"https:\/\/ppgsc.uea.edu.br\/index.php\/wp-json\/wp\/v2\/media?parent=275978"}],"curies":[{"name":"wp","href":"https:\/\/api.w.org\/{rel}","templated":true}]}}