{"id":275951,"date":"2021-11-19T06:32:15","date_gmt":"2021-11-19T09:32:15","guid":{"rendered":"https:\/\/ppgsc.uea.edu.br\/index.php\/infraestructura\/"},"modified":"2024-03-31T23:03:37","modified_gmt":"2024-04-01T02:03:37","slug":"infraestructura","status":"publish","type":"page","link":"https:\/\/ppgsc.uea.edu.br\/index.php\/es\/infraestructura\/","title":{"rendered":"Infraestructura (ES)"},"content":{"rendered":"<p>[et_pb_section fb_built=&#8221;1&#8243; _builder_version=&#8221;4.11.4&#8243; custom_padding=&#8221;0px||0px|||&#8221; da_disable_devices=&#8221;off|off|off&#8221; da_is_popup=&#8221;off&#8221; da_exit_intent=&#8221;off&#8221; da_has_close=&#8221;on&#8221; da_alt_close=&#8221;off&#8221; da_dark_close=&#8221;off&#8221; da_not_modal=&#8221;on&#8221; da_is_singular=&#8221;off&#8221; da_with_loader=&#8221;off&#8221; da_has_shadow=&#8221;on&#8221;][et_pb_row _builder_version=&#8221;4.11.4&#8243; width=&#8221;100%&#8221; max_width=&#8221;100%&#8221; custom_padding=&#8221;0px||3px|||&#8221;][et_pb_column type=&#8221;4_4&#8243; _builder_version=&#8221;4.11.4&#8243;][et_pb_slider _builder_version=&#8221;4.4.8&#8243; custom_padding=&#8221;6%||||false|false&#8221;][et_pb_slide heading=&#8221;@ET-DC@eyJkeW5hbWljIjp0cnVlLCJjb250ZW50IjoicG9zdF90aXRsZSIsInNldHRpbmdzIjp7ImJlZm9yZSI6IiIsImFmdGVyIjoiIn19@&#8221; _builder_version=&#8221;4.4.8&#8243; _dynamic_attributes=&#8221;heading&#8221; header_font=&#8221;|700|||||||&#8221; header_font_size=&#8221;45px&#8221; background_color=&#8221;#d58c3d&#8221; background_enable_color=&#8221;on&#8221; background_image=&#8221;http:\/\/ppgsc.uea.edu.br\/wp-content\/uploads\/2021\/11\/Fundo-titulos@2x.png&#8221; background_enable_image=&#8221;on&#8221; background_position=&#8221;bottom_center&#8221; header_font_size_tablet=&#8221;40px&#8221; header_font_size_phone=&#8221;&#8221; header_font_size_last_edited=&#8221;on|desktop&#8221;][\/et_pb_slide][\/et_pb_slider][\/et_pb_column][\/et_pb_row][\/et_pb_section][et_pb_section fb_built=&#8221;1&#8243; admin_label=&#8221;Service Section&#8221; _builder_version=&#8221;3.22&#8243; custom_margin=&#8221;|||&#8221; custom_padding=&#8221;35px||110px|||&#8221; da_disable_devices=&#8221;off|off|off&#8221; da_is_popup=&#8221;off&#8221; da_exit_intent=&#8221;off&#8221; da_has_close=&#8221;on&#8221; da_alt_close=&#8221;off&#8221; da_dark_close=&#8221;off&#8221; da_not_modal=&#8221;on&#8221; da_is_singular=&#8221;off&#8221; da_with_loader=&#8221;off&#8221; da_has_shadow=&#8221;on&#8221;][et_pb_row admin_label=&#8221;Service Section Title&#8221; _builder_version=&#8221;3.25&#8243; custom_margin=&#8221;|auto|-2px|auto||&#8221; custom_padding=&#8221;||5px|||&#8221; animation_style=&#8221;fade&#8221; animation_direction=&#8221;top&#8221; saved_tabs=&#8221;all&#8221;][et_pb_column type=&#8221;4_4&#8243; _builder_version=&#8221;3.25&#8243; custom_padding=&#8221;|||&#8221; custom_padding__hover=&#8221;|||&#8221;][et_pb_text admin_label=&#8221;Title&#8221; _builder_version=&#8221;4.4.8&#8243; text_font=&#8221;Noto Sans||||||||&#8221; text_font_size=&#8221;16px&#8221; text_line_height=&#8221;1.4em&#8221; header_font=&#8221;||||||||&#8221; header_2_font=&#8221;Noto Sans|700||on|||||&#8221; header_2_font_size=&#8221;30px&#8221; header_2_line_height=&#8221;1.3em&#8221; text_orientation=&#8221;justified&#8221; module_alignment=&#8221;center&#8221; custom_margin=&#8221;||46px|||&#8221; animation_style=&#8221;slide&#8221; animation_direction=&#8221;bottom&#8221; animation_intensity_slide=&#8221;4%&#8221; hover_enabled=&#8221;0&#8243;]<\/p>\n<p><strong>Biblioteca conectada a la red mundial:<\/strong><\/p>\n<p>El Sistema Integrado de Bibliotecas &#8211; SIB\/ UEA est\u00e1 estructurado en (01) una Biblioteca Central y 24 (veinticuatro) Bibliotecas Sectoriales ubicadas en las Escuelas.<\/p>\n<p>Superiores, Centros de Estudios Superiores y Centros de Estudios Superiores, todos ellos conectados directamente con la Biblioteca Central que promueve la integraci\u00f3n y estandarizaci\u00f3n de servicios y procesos: catalogaci\u00f3n, clasificaci\u00f3n, registro, adem\u00e1s del servicio in loco y en l\u00ednea de la colecci\u00f3n bibliogr\u00e1fica por parte de la comunidad a trav\u00e9s de Pergamum, un sistema que permite a los estudiantes buscar y hacer reservas y renovaciones de t\u00edtulos a trav\u00e9s de Internet. Pergamum ya se utiliza en unas 48 instituciones de educaci\u00f3n superior del pa\u00eds, lo que permite a los estudiantes de la UEA consultar la colecci\u00f3n de estas instituciones. La colecci\u00f3n bibliogr\u00e1fica comprende 59.723 t\u00edtulos, 157.560 ejemplares y 2.725 materiales complementarios.<\/p>\n<p>Biblioteca Sectorial de Ciencias de la Salud 692 m2 de \u00e1rea construida, con 3.250 t\u00edtulos y 8.704 ejemplares en su acervo bibliogr\u00e1fico, adem\u00e1s de acceso a la base de datos UpToDate, Biblioteca Virtual Pearson y Portal de Revistas de la CAPES. Su estructura f\u00edsica est\u00e1 compuesta por 02 salas de lectura con capacidad para 120 puestos, laboratorio de computaci\u00f3n para 16 puestos, 35 cabinas de estudio individual, 36 puestos de estudio en grupo, 08 puestos de producci\u00f3n cient\u00edfica, wi-fi en todo el espacio, accesibilidad e interactividad , cobro, espacio retro, administraci\u00f3n y atenci\u00f3n al usuario. Cuenta con el apoyo de tres bibliotecarios, y est\u00e1 abierto a la comunidad acad\u00e9mica de 7:30 am a 9:00 pm.<\/p>\n<p>La colecci\u00f3n se presta por autoservicio en cabinas que utilizan tecnolog\u00eda RFID (Identificaci\u00f3n por Radio Frecuencia), compuesta por transpondedores (tags RF), lectores con antenas conectadas a una computadora controladora. RFID es una tecnolog\u00eda de identificaci\u00f3n que utiliza radiofrecuencia para la captura de datos, permitiendo leer una etiqueta sin necesidad de un campo visual, a trav\u00e9s de barreras y objetos como madera, pl\u00e1stico, papel, etc. Se implement\u00f3 el sistema para el control digital del pr\u00e9stamo desde la identificaci\u00f3n de la obra, seguimiento y gesti\u00f3n de todo el flujo de entrada y salida de los t\u00edtulos, sin contacto y sin necesidad de sucursal y personal para dispensar, agilizando as\u00ed la tiempo de las transacciones, la seguridad de acceso a la colecci\u00f3n y la calidad del servicio a la comunidad acad\u00e9mica.<\/p>\n<p>En cuanto a los servicios de apoyo microinform\u00e1tico, la distribuci\u00f3n de equipos inform\u00e1ticos y audiovisuales con que cuenta la Facultad de Ciencias de la Salud comprende 277 computadoras, de las cuales 83 en laboratorios, 14 impresoras, 35 proyectores multimedia.<\/p>\n<p>&#8211; Recursos de TI<\/p>\n<p>&#8211; Comit\u00e9 de \u00c9tica<\/p>\n<p>&#8211; Restaurante universitario<\/p>\n<p>[\/et_pb_text][et_pb_button button_url=&#8221;http:\/\/biblioteca.uea.edu.br\/biblioteca\/index.php%20&#8243; url_new_window=&#8221;on&#8221; button_text=&#8221;Inicia sesi\u00f3n ahora&#8221; _builder_version=&#8221;4.4.8&#8243; custom_button=&#8221;on&#8221; button_text_size=&#8221;18px&#8221; button_border_width=&#8221;4px&#8221; button_border_radius=&#8221;60px&#8221; button_font=&#8221;|600|||||||&#8221;][\/et_pb_button][\/et_pb_column][\/et_pb_row][\/et_pb_section]<\/p>\n","protected":false},"excerpt":{"rendered":"<p>Biblioteca conectada a la red mundial: El Sistema Integrado de Bibliotecas &#8211; SIB\/ UEA est\u00e1 estructurado en (01) una Biblioteca Central y 24 (veinticuatro) Bibliotecas Sectoriales ubicadas en las Escuelas. Superiores, Centros de Estudios Superiores y Centros de Estudios Superiores, todos ellos conectados directamente con la Biblioteca Central que promueve la integraci\u00f3n y estandarizaci\u00f3n de [&hellip;]<\/p>\n","protected":false},"author":1,"featured_media":0,"parent":0,"menu_order":0,"comment_status":"closed","ping_status":"closed","template":"","meta":{"_et_pb_use_builder":"on","_et_pb_old_content":"","_et_gb_content_width":"","om_disable_all_campaigns":false,"footnotes":""},"class_list":["post-275951","page","type-page","status-publish","hentry"],"aioseo_notices":[],"_links":{"self":[{"href":"https:\/\/ppgsc.uea.edu.br\/index.php\/wp-json\/wp\/v2\/pages\/275951","targetHints":{"allow":["GET"]}}],"collection":[{"href":"https:\/\/ppgsc.uea.edu.br\/index.php\/wp-json\/wp\/v2\/pages"}],"about":[{"href":"https:\/\/ppgsc.uea.edu.br\/index.php\/wp-json\/wp\/v2\/types\/page"}],"author":[{"embeddable":true,"href":"https:\/\/ppgsc.uea.edu.br\/index.php\/wp-json\/wp\/v2\/users\/1"}],"replies":[{"embeddable":true,"href":"https:\/\/ppgsc.uea.edu.br\/index.php\/wp-json\/wp\/v2\/comments?post=275951"}],"version-history":[{"count":3,"href":"https:\/\/ppgsc.uea.edu.br\/index.php\/wp-json\/wp\/v2\/pages\/275951\/revisions"}],"predecessor-version":[{"id":277571,"href":"https:\/\/ppgsc.uea.edu.br\/index.php\/wp-json\/wp\/v2\/pages\/275951\/revisions\/277571"}],"wp:attachment":[{"href":"https:\/\/ppgsc.uea.edu.br\/index.php\/wp-json\/wp\/v2\/media?parent=275951"}],"curies":[{"name":"wp","href":"https:\/\/api.w.org\/{rel}","templated":true}]}}