{"id":275945,"date":"2021-11-19T06:41:35","date_gmt":"2021-11-19T09:41:35","guid":{"rendered":"https:\/\/ppgsc.uea.edu.br\/index.php\/grupos-de-investigacion\/"},"modified":"2024-03-31T23:03:45","modified_gmt":"2024-04-01T02:03:45","slug":"grupos-de-investigacion","status":"publish","type":"page","link":"https:\/\/ppgsc.uea.edu.br\/index.php\/es\/grupos-de-investigacion\/","title":{"rendered":"Grupos de investigaci\u00f3n (ES)"},"content":{"rendered":"<p>[et_pb_section fb_built=&#8221;1&#8243; _builder_version=&#8221;4.11.4&#8243; custom_padding=&#8221;0px||0px|||&#8221; da_disable_devices=&#8221;off|off|off&#8221; da_is_popup=&#8221;off&#8221; da_exit_intent=&#8221;off&#8221; da_has_close=&#8221;on&#8221; da_alt_close=&#8221;off&#8221; da_dark_close=&#8221;off&#8221; da_not_modal=&#8221;on&#8221; da_is_singular=&#8221;off&#8221; da_with_loader=&#8221;off&#8221; da_has_shadow=&#8221;on&#8221;][et_pb_row _builder_version=&#8221;4.11.4&#8243; width=&#8221;100%&#8221; max_width=&#8221;100%&#8221; custom_padding=&#8221;0px||3px|||&#8221;][et_pb_column type=&#8221;4_4&#8243; _builder_version=&#8221;4.11.4&#8243;][et_pb_slider _builder_version=&#8221;4.4.8&#8243; custom_padding=&#8221;6%||||false|false&#8221;][et_pb_slide heading=&#8221;@ET-DC@eyJkeW5hbWljIjp0cnVlLCJjb250ZW50IjoicG9zdF90aXRsZSIsInNldHRpbmdzIjp7ImJlZm9yZSI6IiIsImFmdGVyIjoiIn19@&#8221; _builder_version=&#8221;4.4.8&#8243; _dynamic_attributes=&#8221;heading&#8221; header_font=&#8221;|700|||||||&#8221; header_font_size=&#8221;45px&#8221; background_color=&#8221;#d58c3d&#8221; background_enable_color=&#8221;on&#8221; background_image=&#8221;http:\/\/ppgsc.uea.edu.br\/wp-content\/uploads\/2021\/11\/Fundo-titulos@2x.png&#8221; background_enable_image=&#8221;on&#8221; background_position=&#8221;bottom_center&#8221; header_font_size_tablet=&#8221;40px&#8221; header_font_size_phone=&#8221;&#8221; header_font_size_last_edited=&#8221;on|desktop&#8221;][\/et_pb_slide][\/et_pb_slider][\/et_pb_column][\/et_pb_row][\/et_pb_section][et_pb_section fb_built=&#8221;1&#8243; admin_label=&#8221;Service Section&#8221; _builder_version=&#8221;3.22&#8243; custom_margin=&#8221;|||&#8221; custom_padding=&#8221;35px||110px|||&#8221; da_disable_devices=&#8221;off|off|off&#8221; da_is_popup=&#8221;off&#8221; da_exit_intent=&#8221;off&#8221; da_has_close=&#8221;on&#8221; da_alt_close=&#8221;off&#8221; da_dark_close=&#8221;off&#8221; da_not_modal=&#8221;on&#8221; da_is_singular=&#8221;off&#8221; da_with_loader=&#8221;off&#8221; da_has_shadow=&#8221;on&#8221;][et_pb_row use_custom_gutter=&#8221;on&#8221; gutter_width=&#8221;2&#8243; _builder_version=&#8221;4.4.8&#8243;][et_pb_column type=&#8221;4_4&#8243; _builder_version=&#8221;4.4.8&#8243;][et_pb_team_member name=&#8221;Centro de Estudios Psicosociales en Derechos Humanos y Salud &#8211; NEPDS &#8221; position=&#8221;https:\/\/www.epsicouea.com.br\/ &#8221; _builder_version=&#8221;4.4.8&#8243; header_font=&#8221;|600|||||||&#8221; header_font_size=&#8221;16px&#8221; body_font_size=&#8221;16px&#8221; link_option_url=&#8221;https:\/\/www.epsicouea.com.br\/ &#8221; link_option_url_new_window=&#8221;on&#8221;]<\/p>\n<p>El NEPDS est\u00e1 vinculado al Programa de Posgrado en Salud P\u00fablica, al Programa de Posgrado en Seguridad P\u00fablica, Ciudadan\u00eda y Derechos Humanos y al Espacio de Atenci\u00f3n Psicosocial (EPSICO). Las acciones de docencia, investigaci\u00f3n y extensi\u00f3n que desarrolla el n\u00facleo est\u00e1n comprometidas con la producci\u00f3n de conocimiento y metodolog\u00edas de intervenci\u00f3n profesional desde una perspectiva psicosocial. Es importante resaltar que la investigaci\u00f3n realizada por este grupo se justifica, no s\u00f3lo por sus aportes epistemol\u00f3gicos, sino tambi\u00e9n por los aportes sociales en las deconstrucciones de encuadres para los sujetos, que sustentan pr\u00e1cticas excluyentes que imposibilitan la cr\u00edtica y complejizaci\u00f3n comprensi\u00f3n de la salud, la educaci\u00f3n y sus aspectos psicosociales<\/p>\n<p>Profesores del programa:<br \/> <a href=\"http:\/\/lattes.cnpq.br\/7409149733046445\" target=\"_blank\" rel=\"noopener noreferrer\">&#8211; Andr\u00e9 Luiz Machado das Neves (L\u00edder) <\/a><\/p>\n<p>[\/et_pb_team_member][\/et_pb_column][\/et_pb_row][et_pb_row use_custom_gutter=&#8221;on&#8221; gutter_width=&#8221;2&#8243; _builder_version=&#8221;4.4.8&#8243;][et_pb_column type=&#8221;4_4&#8243; _builder_version=&#8221;4.4.8&#8243;][et_pb_team_member name=&#8221;Centro Interdisciplinario de Salud y Medio Ambiente de la Amazonia &#8211; NISA &#8221; position=&#8221;http:\/\/dgp.cnpq.br\/dgp\/espelhogrupo\/2986976735175137 &#8221; _builder_version=&#8221;4.4.8&#8243; header_font=&#8221;|600|||||||&#8221; header_font_size=&#8221;16px&#8221; body_font_size=&#8221;16px&#8221; position_line_height=&#8221;2em&#8221; link_option_url=&#8221;http:\/\/dgp.cnpq.br\/dgp\/espelhogrupo\/2986976735175137 &#8221; link_option_url_new_window=&#8221;on&#8221;]<\/p>\n<p>PIRACEMA\/NISA &#8211; Centro Interdisciplinario de Salud y Medio Ambiente est\u00e1 formado por profesores de la Escuela Superior de Ciencias de la Salud de la Universidad del Estado de Amazonas. Fue creado con el objetivo de: producir y difundir conocimientos vinculados a la docencia, la investigaci\u00f3n y la extensi\u00f3n; fortalecer la singularidad del conocimiento producido en la Amazon\u00eda; fortalecer el di\u00e1logo entre la salud y el medio ambiente. Se exploran di\u00e1logos y t\u00e9cnicas interdisciplinarias, a trav\u00e9s de triangulaciones metodol\u00f3gicas de enfoques cualitativos y cuantitativos. Sus l\u00edneas de investigaci\u00f3n son 1) Diversidad Socioambiental y Desigualdad en Salud; 2) Salud, Trabajo y Subjetividad en el cotidiano de la Amazon\u00eda; 3) Aspectos psicosociales y poblaciones tradicionales en la Amazon\u00eda. Adem\u00e1s de estas l\u00edneas, se pretende establecer alianzas con otros grupos e instituciones para fortalecer el campo de la salud y el medio ambiente en la Amazon\u00eda.<\/p>\n<p>Profesores del programa:<br \/> &#8211; <a href=\"http:\/\/lattes.cnpq.br\/9726230226963948\" target=\"_blank\" rel=\"noopener noreferrer\">S\u00e2mia Feitosa Miguez (L\u00edder)<\/a><br \/> &#8211; <a href=\"http:\/\/lattes.cnpq.br\/5840346413537531\" target=\"_blank\" rel=\"noopener noreferrer\">Roseni Pinheiro <\/a> <\/p>\n<p>[\/et_pb_team_member][\/et_pb_column][\/et_pb_row][et_pb_row use_custom_gutter=&#8221;on&#8221; gutter_width=&#8221;2&#8243; _builder_version=&#8221;4.4.8&#8243;][et_pb_column type=&#8221;4_4&#8243; _builder_version=&#8221;4.4.8&#8243;][et_pb_team_member name=&#8221;Laboratorio de Investigaci\u00f3n en Promoci\u00f3n y Educaci\u00f3n en Salud &#8211; LAPPES &#8221; position=&#8221;http:\/\/dgp.cnpq.br\/dgp\/espelhogrupo\/3220268019159437 &#8221; _builder_version=&#8221;4.4.8&#8243; header_font=&#8221;|600|||||||&#8221; header_font_size=&#8221;16px&#8221; body_font_size=&#8221;16px&#8221; position_line_height=&#8221;2em&#8221; link_option_url=&#8221;http:\/\/dgp.cnpq.br\/dgp\/espelhogrupo\/3220268019159437  &#8221; link_option_url_new_window=&#8221;on&#8221;]<\/p>\n<p>El grupo de investigaci\u00f3n en promoci\u00f3n y educaci\u00f3n en salud est\u00e1 formado por profesores de la Escuela Superior de Ciencias de la Salud de la Universidade do Estado do Amazonas, adem\u00e1s de estudiantes de sus diversas carreras de grado. Fue creado con el objetivo de difundir el conocimiento a partir de las actividades de investigaci\u00f3n y extensi\u00f3n que se desarrollan en la instituci\u00f3n, fortaleciendo este campo interdisciplinario del saber. Sus l\u00edneas de investigaci\u00f3n son &#8220;Evaluaci\u00f3n y an\u00e1lisis de pol\u00edticas p\u00fablicas y gesti\u00f3n de servicios y sistemas de salud&#8221;; \u201cDerechos Humanos, Sexualidad y G\u00e9nero\u201d, \u201cFundamentos y pr\u00e1cticas para la promoci\u00f3n y educaci\u00f3n en salud\u201d y \u201cGrupos Sociales en Condiciones de Vulnerabilidad, Salud Mental y Atenci\u00f3n Psicosocial\u201d. Adem\u00e1s de estas l\u00edneas, el laboratorio ha establecido alianzas con otros grupos e instituciones para fortalecer el campo de la salud p\u00fablica en la regi\u00f3n.<\/p>\n<p>Profesores del programa:<br \/> &#8211;<a href=\"http:\/\/lattes.cnpq.br\/7048020974666865\" target=\"_blank\" rel=\"noopener noreferrer\"> Giane Zupellari dos Santos Melo &#8211; L\u00edder <\/a> <br \/> &#8211; <a href=\"http:\/\/lattes.cnpq.br\/1061333513067009\" target=\"_blank\" rel=\"noopener noreferrer\">S\u00f4nia Maria Lemos <\/a> <\/p>\n<p>[\/et_pb_team_member][\/et_pb_column][\/et_pb_row][\/et_pb_section]<\/p>\n","protected":false},"excerpt":{"rendered":"<p>El NEPDS est\u00e1 vinculado al Programa de Posgrado en Salud P\u00fablica, al Programa de Posgrado en Seguridad P\u00fablica, Ciudadan\u00eda y Derechos Humanos y al Espacio de Atenci\u00f3n Psicosocial (EPSICO). Las acciones de docencia, investigaci\u00f3n y extensi\u00f3n que desarrolla el n\u00facleo est\u00e1n comprometidas con la producci\u00f3n de conocimiento y metodolog\u00edas de intervenci\u00f3n profesional desde una perspectiva [&hellip;]<\/p>\n","protected":false},"author":1,"featured_media":0,"parent":0,"menu_order":0,"comment_status":"closed","ping_status":"closed","template":"","meta":{"_et_pb_use_builder":"on","_et_pb_old_content":"","_et_gb_content_width":"","om_disable_all_campaigns":false,"footnotes":""},"class_list":["post-275945","page","type-page","status-publish","hentry"],"aioseo_notices":[],"_links":{"self":[{"href":"https:\/\/ppgsc.uea.edu.br\/index.php\/wp-json\/wp\/v2\/pages\/275945","targetHints":{"allow":["GET"]}}],"collection":[{"href":"https:\/\/ppgsc.uea.edu.br\/index.php\/wp-json\/wp\/v2\/pages"}],"about":[{"href":"https:\/\/ppgsc.uea.edu.br\/index.php\/wp-json\/wp\/v2\/types\/page"}],"author":[{"embeddable":true,"href":"https:\/\/ppgsc.uea.edu.br\/index.php\/wp-json\/wp\/v2\/users\/1"}],"replies":[{"embeddable":true,"href":"https:\/\/ppgsc.uea.edu.br\/index.php\/wp-json\/wp\/v2\/comments?post=275945"}],"version-history":[{"count":3,"href":"https:\/\/ppgsc.uea.edu.br\/index.php\/wp-json\/wp\/v2\/pages\/275945\/revisions"}],"predecessor-version":[{"id":277574,"href":"https:\/\/ppgsc.uea.edu.br\/index.php\/wp-json\/wp\/v2\/pages\/275945\/revisions\/277574"}],"wp:attachment":[{"href":"https:\/\/ppgsc.uea.edu.br\/index.php\/wp-json\/wp\/v2\/media?parent=275945"}],"curies":[{"name":"wp","href":"https:\/\/api.w.org\/{rel}","templated":true}]}}