{"id":275942,"date":"2021-11-19T06:40:07","date_gmt":"2021-11-19T09:40:07","guid":{"rendered":"https:\/\/ppgsc.uea.edu.br\/index.php\/formularios\/"},"modified":"2024-03-31T23:03:48","modified_gmt":"2024-04-01T02:03:48","slug":"formularios-2","status":"publish","type":"page","link":"https:\/\/ppgsc.uea.edu.br\/index.php\/es\/formularios-2\/","title":{"rendered":"Formularios (ES)"},"content":{"rendered":"<p>[et_pb_section fb_built=&#8221;1&#8243; _builder_version=&#8221;4.11.4&#8243; custom_padding=&#8221;0px||0px|||&#8221; da_disable_devices=&#8221;off|off|off&#8221; da_is_popup=&#8221;off&#8221; da_exit_intent=&#8221;off&#8221; da_has_close=&#8221;on&#8221; da_alt_close=&#8221;off&#8221; da_dark_close=&#8221;off&#8221; da_not_modal=&#8221;on&#8221; da_is_singular=&#8221;off&#8221; da_with_loader=&#8221;off&#8221; da_has_shadow=&#8221;on&#8221;][et_pb_row _builder_version=&#8221;4.11.4&#8243; width=&#8221;100%&#8221; max_width=&#8221;100%&#8221; custom_padding=&#8221;0px||3px|||&#8221;][et_pb_column type=&#8221;4_4&#8243; _builder_version=&#8221;4.11.4&#8243;][et_pb_slider _builder_version=&#8221;4.4.8&#8243; custom_padding=&#8221;6%||||false|false&#8221;][et_pb_slide heading=&#8221;@ET-DC@eyJkeW5hbWljIjp0cnVlLCJjb250ZW50IjoicG9zdF90aXRsZSIsInNldHRpbmdzIjp7ImJlZm9yZSI6IiIsImFmdGVyIjoiIn19@&#8221; _builder_version=&#8221;4.4.8&#8243; _dynamic_attributes=&#8221;heading&#8221; header_font=&#8221;|700|||||||&#8221; header_font_size=&#8221;45px&#8221; background_color=&#8221;#d58c3d&#8221; background_enable_color=&#8221;on&#8221; background_image=&#8221;http:\/\/ppgsc.uea.edu.br\/wp-content\/uploads\/2021\/11\/Fundo-titulos@2x.png&#8221; background_enable_image=&#8221;on&#8221; background_position=&#8221;bottom_center&#8221; header_font_size_tablet=&#8221;40px&#8221; header_font_size_phone=&#8221;&#8221; header_font_size_last_edited=&#8221;on|desktop&#8221;][\/et_pb_slide][\/et_pb_slider][\/et_pb_column][\/et_pb_row][\/et_pb_section][et_pb_section fb_built=&#8221;1&#8243; admin_label=&#8221;Service Section&#8221; _builder_version=&#8221;3.22&#8243; custom_margin=&#8221;|||&#8221; custom_padding=&#8221;35px||110px|||&#8221; da_disable_devices=&#8221;off|off|off&#8221; da_is_popup=&#8221;off&#8221; da_exit_intent=&#8221;off&#8221; da_has_close=&#8221;on&#8221; da_alt_close=&#8221;off&#8221; da_dark_close=&#8221;off&#8221; da_not_modal=&#8221;on&#8221; da_is_singular=&#8221;off&#8221; da_with_loader=&#8221;off&#8221; da_has_shadow=&#8221;on&#8221;][et_pb_row admin_label=&#8221;Service Section Title&#8221; _builder_version=&#8221;3.25&#8243; custom_margin=&#8221;|auto|-2px|auto||&#8221; custom_padding=&#8221;||5px|||&#8221; animation_style=&#8221;fade&#8221; animation_direction=&#8221;top&#8221; saved_tabs=&#8221;all&#8221;][et_pb_column type=&#8221;4_4&#8243; _builder_version=&#8221;3.25&#8243; custom_padding=&#8221;|||&#8221; custom_padding__hover=&#8221;|||&#8221;][et_pb_text admin_label=&#8221;Title&#8221; _builder_version=&#8221;4.4.8&#8243; text_font=&#8221;Noto Sans||||||||&#8221; text_text_color=&#8221;#000000&#8243; text_font_size=&#8221;16px&#8221; text_line_height=&#8221;1.9em&#8221; link_text_color=&#8221;#a23123&#8243; ul_text_color=&#8221;#233126&#8243; ul_line_height=&#8221;2.2em&#8221; header_font=&#8221;||||||||&#8221; header_2_font=&#8221;Noto Sans|700||on|||||&#8221; header_2_font_size=&#8221;30px&#8221; header_2_line_height=&#8221;1.3em&#8221; text_orientation=&#8221;justified&#8221; module_alignment=&#8221;center&#8221; custom_margin=&#8221;||12px|||&#8221; animation_style=&#8221;slide&#8221; animation_direction=&#8221;bottom&#8221; animation_intensity_slide=&#8221;4%&#8221; hover_enabled=&#8221;0&#8243;]<\/p>\n<ul>\n<li><a href=\"http:\/\/ppgsc.uea.edu.br\/wp-content\/uploads\/2021\/11\/Requerimento_de_plano_e_relatorio_de_estagio_docente_novo.docx\"><strong>Solicitud de un plan e informe de pr\u00e1cticas docentes<\/strong><\/a><\/li>\n<li><a href=\"http:\/\/ppgsc.uea.edu.br\/wp-content\/uploads\/2021\/11\/Requerimento_de_agendamento_defesa.docx\"><strong>Solicitud de programaci\u00f3n de defensa<\/strong><\/a><\/li>\n<li><a href=\"http:\/\/ppgsc.uea.edu.br\/wp-content\/uploads\/2021\/11\/Requerimento_de_agendamento_de_qualificacao.docx\"><strong>Solicitud de programaci\u00f3n de calificaci\u00f3n<\/strong><\/a><\/li>\n<li><a href=\"http:\/\/ppgsc.uea.edu.br\/wp-content\/uploads\/2021\/11\/Modelo_de_Plano_de_ensino_padronizado_do_PPGSC.doc\"><strong>Plantilla de plan de ense\u00f1anza est\u00e1ndar de PPGSC<\/strong><\/a><\/li>\n<li><a href=\"http:\/\/ppgsc.uea.edu.br\/wp-content\/uploads\/2021\/11\/mascara_para_dissertacoes_ppgsc-1.doc\"><strong>M\u00e1scara para disertaciones<\/strong><\/a><\/li>\n<li><a href=\"http:\/\/ppgsc.uea.edu.br\/wp-content\/uploads\/2021\/11\/Ficha_cadastro_de_participante_externo.docx\"><strong>Formulario de registro de participantes externos<\/strong><\/a><\/li>\n<\/ul>\n<p>[\/et_pb_text][\/et_pb_column][\/et_pb_row][et_pb_row _builder_version=&#8221;4.4.8&#8243;][et_pb_column type=&#8221;4_4&#8243; _builder_version=&#8221;4.4.8&#8243;][et_pb_divider show_divider=&#8221;off&#8221; _builder_version=&#8221;4.4.8&#8243;][\/et_pb_divider][\/et_pb_column][\/et_pb_row][\/et_pb_section]<\/p>\n","protected":false},"excerpt":{"rendered":"<p>Solicitud de un plan e informe de pr\u00e1cticas docentes Solicitud de programaci\u00f3n de defensa Solicitud de programaci\u00f3n de calificaci\u00f3n Plantilla de plan de ense\u00f1anza est\u00e1ndar de PPGSC M\u00e1scara para disertaciones Formulario de registro de participantes externos<\/p>\n","protected":false},"author":1,"featured_media":0,"parent":0,"menu_order":0,"comment_status":"closed","ping_status":"closed","template":"","meta":{"_et_pb_use_builder":"on","_et_pb_old_content":"","_et_gb_content_width":"","om_disable_all_campaigns":false,"footnotes":""},"class_list":["post-275942","page","type-page","status-publish","hentry"],"aioseo_notices":[],"_links":{"self":[{"href":"https:\/\/ppgsc.uea.edu.br\/index.php\/wp-json\/wp\/v2\/pages\/275942","targetHints":{"allow":["GET"]}}],"collection":[{"href":"https:\/\/ppgsc.uea.edu.br\/index.php\/wp-json\/wp\/v2\/pages"}],"about":[{"href":"https:\/\/ppgsc.uea.edu.br\/index.php\/wp-json\/wp\/v2\/types\/page"}],"author":[{"embeddable":true,"href":"https:\/\/ppgsc.uea.edu.br\/index.php\/wp-json\/wp\/v2\/users\/1"}],"replies":[{"embeddable":true,"href":"https:\/\/ppgsc.uea.edu.br\/index.php\/wp-json\/wp\/v2\/comments?post=275942"}],"version-history":[{"count":3,"href":"https:\/\/ppgsc.uea.edu.br\/index.php\/wp-json\/wp\/v2\/pages\/275942\/revisions"}],"predecessor-version":[{"id":277575,"href":"https:\/\/ppgsc.uea.edu.br\/index.php\/wp-json\/wp\/v2\/pages\/275942\/revisions\/277575"}],"wp:attachment":[{"href":"https:\/\/ppgsc.uea.edu.br\/index.php\/wp-json\/wp\/v2\/media?parent=275942"}],"curies":[{"name":"wp","href":"https:\/\/api.w.org\/{rel}","templated":true}]}}