{"id":275936,"date":"2021-11-19T06:31:13","date_gmt":"2021-11-19T09:31:13","guid":{"rendered":"https:\/\/ppgsc.uea.edu.br\/index.php\/estructura-curricular\/"},"modified":"2024-03-31T23:06:32","modified_gmt":"2024-04-01T02:06:32","slug":"estructura-curricular","status":"publish","type":"page","link":"https:\/\/ppgsc.uea.edu.br\/index.php\/es\/estructura-curricular\/","title":{"rendered":"Estructura curricular (ES)"},"content":{"rendered":"<p>[et_pb_section fb_built=&#8221;1&#8243; _builder_version=&#8221;4.11.4&#8243; custom_padding=&#8221;0px||0px|||&#8221; da_disable_devices=&#8221;off|off|off&#8221; da_is_popup=&#8221;off&#8221; da_exit_intent=&#8221;off&#8221; da_has_close=&#8221;on&#8221; da_alt_close=&#8221;off&#8221; da_dark_close=&#8221;off&#8221; da_not_modal=&#8221;on&#8221; da_is_singular=&#8221;off&#8221; da_with_loader=&#8221;off&#8221; da_has_shadow=&#8221;on&#8221;][et_pb_row _builder_version=&#8221;4.11.4&#8243; width=&#8221;100%&#8221; max_width=&#8221;100%&#8221; custom_padding=&#8221;0px||3px|||&#8221;][et_pb_column type=&#8221;4_4&#8243; _builder_version=&#8221;4.11.4&#8243;][et_pb_slider _builder_version=&#8221;4.4.8&#8243; custom_padding=&#8221;6%||||false|false&#8221;][et_pb_slide heading=&#8221;@ET-DC@eyJkeW5hbWljIjp0cnVlLCJjb250ZW50IjoicG9zdF90aXRsZSIsInNldHRpbmdzIjp7ImJlZm9yZSI6IiIsImFmdGVyIjoiIn19@&#8221; _builder_version=&#8221;4.4.8&#8243; _dynamic_attributes=&#8221;heading&#8221; header_font=&#8221;|700|||||||&#8221; header_font_size=&#8221;45px&#8221; background_color=&#8221;#d58c3d&#8221; background_enable_color=&#8221;on&#8221; background_image=&#8221;http:\/\/ppgsc.uea.edu.br\/wp-content\/uploads\/2021\/11\/Fundo-titulos@2x.png&#8221; background_enable_image=&#8221;on&#8221; background_position=&#8221;bottom_center&#8221; header_font_size_tablet=&#8221;40px&#8221; header_font_size_phone=&#8221;&#8221; header_font_size_last_edited=&#8221;on|desktop&#8221;][\/et_pb_slide][\/et_pb_slider][\/et_pb_column][\/et_pb_row][\/et_pb_section][et_pb_section fb_built=&#8221;1&#8243; admin_label=&#8221;Service Section&#8221; _builder_version=&#8221;3.22&#8243; custom_margin=&#8221;|||&#8221; custom_padding=&#8221;35px||110px|||&#8221; da_disable_devices=&#8221;off|off|off&#8221; da_is_popup=&#8221;off&#8221; da_exit_intent=&#8221;off&#8221; da_has_close=&#8221;on&#8221; da_alt_close=&#8221;off&#8221; da_dark_close=&#8221;off&#8221; da_not_modal=&#8221;on&#8221; da_is_singular=&#8221;off&#8221; da_with_loader=&#8221;off&#8221; da_has_shadow=&#8221;on&#8221;][et_pb_row admin_label=&#8221;Service Section Title&#8221; _builder_version=&#8221;3.25&#8243; custom_margin=&#8221;|auto|-2px|auto||&#8221; custom_padding=&#8221;||5px|||&#8221; animation_style=&#8221;fade&#8221; animation_direction=&#8221;top&#8221; saved_tabs=&#8221;all&#8221;][et_pb_column type=&#8221;4_4&#8243; _builder_version=&#8221;3.25&#8243; custom_padding=&#8221;|||&#8221; custom_padding__hover=&#8221;|||&#8221;][et_pb_text admin_label=&#8221;Title&#8221; _builder_version=&#8221;4.4.8&#8243; text_font=&#8221;Noto Sans||||||||&#8221; text_font_size=&#8221;16px&#8221; header_font=&#8221;||||||||&#8221; header_2_font=&#8221;Noto Sans|700||on|||||&#8221; header_2_font_size=&#8221;30px&#8221; header_2_line_height=&#8221;1.3em&#8221; text_orientation=&#8221;justified&#8221; module_alignment=&#8221;center&#8221; custom_margin=&#8221;||12px|||&#8221; animation_style=&#8221;slide&#8221; animation_direction=&#8221;bottom&#8221; animation_intensity_slide=&#8221;4%&#8221;]La obtenci\u00f3n del t\u00edtulo de maestr\u00eda est\u00e1 condicionada a la obtenci\u00f3n de cr\u00e9ditos en las disciplinas, en las actividades acad\u00e9micas en los t\u00e9rminos de este regimiento y la aprobaci\u00f3n de una disertaci\u00f3n en el tema de Salud P\u00fablica, realizada bajo la direcci\u00f3n de un profesor doctor acreditado por el Curso.<\/p>\n<p>El estudiante de maestr\u00eda debe completar por lo menos 18 (dieciocho) unidades de cr\u00e9dito en materias, que corresponden a 270 (doscientas setenta) horas de clase, adem\u00e1s de los cr\u00e9ditos referentes a la orientaci\u00f3n y elaboraci\u00f3n de la disertaci\u00f3n, a las actividades complementarias y pr\u00e1cticas. en docencia y al Examen de Calificaci\u00f3n y Defensa de la Disertaci\u00f3n, distribuidos de la siguiente manera:<\/p>\n<p>a) materias obligatorias: 9 (nueve) cr\u00e9ditos;<br \/>\nb) materias no obligatorias: 9 (nueve) cr\u00e9ditos;<br \/>\nc) orientaci\u00f3n y elaboraci\u00f3n de la disertaci\u00f3n: 12 (doce) cr\u00e9ditos;<br \/>\nd) actividades complementarias: 4 (cuatro) cr\u00e9ditos;<br \/>\ne) pasant\u00eda docente: 4 (cuatro) cr\u00e9ditos;<br \/>\nf) examen de calificaci\u00f3n: 5 (cinco) cr\u00e9ditos;<br \/>\ng) defensa de tesis: 10 (diez) cr\u00e9ditos.<\/p>\n<p>Los 12 (doce) cr\u00e9ditos referentes a la orientaci\u00f3n y elaboraci\u00f3n de la disertaci\u00f3n ser\u00e1n distribuidos a lo largo de los semestres de los cursos (3 cr\u00e9ditos por semestre), vinculados a la disciplina de Seminarios de Orientaci\u00f3n, bajo la responsabilidad de cada asesor. Se solicitar\u00e1 a los estudiantes un informe normalizado al final de cada semestre para el pago de los cr\u00e9ditos.<\/p>\n<p>La siguiente tabla enumera las materias que ofrece el programa.[\/et_pb_text][et_pb_text admin_label=&#8221;Title&#8221; _builder_version=&#8221;4.4.8&#8243; text_font=&#8221;Noto Sans||||||||&#8221; text_font_size=&#8221;16px&#8221; header_font=&#8221;||||||||&#8221; header_2_font=&#8221;Noto Sans|700||on|||||&#8221; header_2_font_size=&#8221;30px&#8221; header_2_line_height=&#8221;1.3em&#8221; text_orientation=&#8221;justified&#8221; module_alignment=&#8221;center&#8221; custom_margin=&#8221;||12px|||&#8221; animation_style=&#8221;slide&#8221; animation_direction=&#8221;bottom&#8221; animation_intensity_slide=&#8221;4%&#8221;]<\/p>\n<p><span data-ccp-props=\"{\"201341983\":0,\"335559739\":160,\"335559740\":259}\"> <\/span><\/p>\n<table data-tablestyle=\"MsoTableGrid\" data-tablelook=\"1696\" aria-rowcount=\"7\" style=\"border-color: #233126; background-color: #e2e2e2; width: 779.141px;\" border=\"2\">\n<tbody>\n<tr aria-rowindex=\"1\">\n<td data-celllook=\"69905\" style=\"width: 596px;\"><b><span data-contrast=\"none\">MATERIAS DEL CURSO<\/span><\/b><span data-ccp-props=\"{\"201341983\":0,\"335551550\":1,\"335551620\":1,\"335559740\":259}\"> <\/span><\/td>\n<td data-celllook=\"69905\" style=\"width: 54px;\"><b><span data-contrast=\"none\">U.C.<\/span><\/b><span data-ccp-props=\"{\"201341983\":0,\"335551550\":2,\"335551620\":2,\"335559740\":259}\"> <\/span><\/td>\n<td data-celllook=\"69905\" style=\"width: 89.1406px;\"><b><span data-contrast=\"none\">C. H.<\/span><\/b><span data-ccp-props=\"{\"201341983\":0,\"335551550\":3,\"335551620\":3,\"335559740\":259}\"> <\/span><\/td>\n<\/tr>\n<tr aria-rowindex=\"2\">\n<td colspan=\"3\" data-celllook=\"69905\" style=\"width: 739.141px;\"><b><span data-contrast=\"none\">MATERIAS OBLIGATORIAS<\/span><\/b><span data-ccp-props=\"{\"201341983\":0,\"335551550\":1,\"335551620\":1,\"335559740\":259}\"> <\/span><\/td>\n<\/tr>\n<tr aria-rowindex=\"3\">\n<td data-celllook=\"69905\" style=\"width: 596px;\"><span data-contrast=\"none\">Metodolog\u00eda de investigaci\u00f3n<\/span><span data-ccp-props=\"{\"201341983\":0,\"335551550\":1,\"335551620\":1,\"335559740\":259}\"> <\/span><\/td>\n<td data-celllook=\"4369\" style=\"width: 54px;\"><span data-contrast=\"none\">03<\/span><span data-ccp-props=\"{\"201341983\":0,\"335551550\":2,\"335551620\":2,\"335559740\":259}\"> <\/span><\/td>\n<td data-celllook=\"4369\" style=\"width: 89.1406px;\"><span data-contrast=\"none\">45<\/span><span data-ccp-props=\"{\"201341983\":0,\"335551550\":2,\"335551620\":2,\"335559740\":259}\"> <\/span><\/td>\n<\/tr>\n<tr aria-rowindex=\"4\">\n<td data-celllook=\"4369\" style=\"width: 596px;\"><span data-contrast=\"none\">Epidemiolog\u00eda 1 (L\u00ednea 1)<\/span><span data-ccp-props=\"{\"201341983\":0,\"335551550\":1,\"335551620\":1,\"335559740\":259}\"> <\/span><\/td>\n<td data-celllook=\"4369\" style=\"width: 54px;\"><span data-contrast=\"none\">03<\/span><span data-ccp-props=\"{\"201341983\":0,\"335551550\":2,\"335551620\":2,\"335559740\":259}\"> <\/span><\/td>\n<td data-celllook=\"4369\" style=\"width: 89.1406px;\"><span data-contrast=\"none\">45<\/span><span data-ccp-props=\"{\"201341983\":0,\"335551550\":2,\"335551620\":2,\"335559740\":259}\"> <\/span><\/td>\n<\/tr>\n<tr aria-rowindex=\"5\">\n<td data-celllook=\"4369\" style=\"width: 596px;\"><span data-contrast=\"none\">Pol\u00edticas de Salud, Planificaci\u00f3n y Evaluaci\u00f3n (L\u00ednea 2)<\/span><span data-ccp-props=\"{\"201341983\":0,\"335551550\":1,\"335551620\":1,\"335559740\":259}\"> <\/span><\/td>\n<td data-celllook=\"4369\" style=\"width: 54px;\"><span data-contrast=\"none\">03<\/span><span data-ccp-props=\"{\"201341983\":0,\"335551550\":2,\"335551620\":2,\"335559740\":259}\"> <\/span><\/td>\n<td data-celllook=\"4369\" style=\"width: 89.1406px;\"><span data-contrast=\"none\">45<\/span><span data-ccp-props=\"{\"201341983\":0,\"335551550\":2,\"335551620\":2,\"335559740\":259}\"> <\/span><\/td>\n<\/tr>\n<tr aria-rowindex=\"6\">\n<td data-celllook=\"4369\" style=\"width: 596px;\"><span data-contrast=\"none\">Salud, Cultura y Sociedad (L\u00ednea 3)<\/span><span data-ccp-props=\"{\"201341983\":0,\"335551550\":1,\"335551620\":1,\"335559740\":259}\"> <\/span><\/td>\n<td data-celllook=\"4369\" style=\"width: 54px;\"><span data-contrast=\"none\">03<\/span><span data-ccp-props=\"{\"201341983\":0,\"335551550\":2,\"335551620\":2,\"335559740\":259}\"> <\/span><\/td>\n<td data-celllook=\"4369\" style=\"width: 89.1406px;\"><span data-contrast=\"none\">45<\/span><span data-ccp-props=\"{\"201341983\":0,\"335551550\":2,\"335551620\":2,\"335559740\":259}\"> <\/span><\/td>\n<\/tr>\n<tr aria-rowindex=\"7\">\n<td data-celllook=\"4369\" style=\"width: 596px;\"><span data-contrast=\"none\">Seminarios de Investigaci\u00f3n I<\/span><span data-ccp-props=\"{\"201341983\":0,\"335551550\":1,\"335551620\":1,\"335559740\":259}\"> <\/span><\/td>\n<td data-celllook=\"4369\" style=\"width: 54px;\"><span data-contrast=\"none\">03<\/span><span data-ccp-props=\"{\"201341983\":0,\"335551550\":2,\"335551620\":2,\"335559740\":259}\"> <\/span><\/td>\n<td data-celllook=\"4369\" style=\"width: 89.1406px;\"><span data-contrast=\"none\">45<\/span><span data-ccp-props=\"{\"201341983\":0,\"335551550\":2,\"335551620\":2,\"335559740\":259}\"> <\/span><\/td>\n<\/tr>\n<\/tbody>\n<\/table>\n<p>[\/et_pb_text][et_pb_text admin_label=&#8221;Title&#8221; _builder_version=&#8221;4.4.8&#8243; text_font=&#8221;Noto Sans||||||||&#8221; text_font_size=&#8221;16px&#8221; header_font=&#8221;||||||||&#8221; header_2_font=&#8221;Noto Sans|700||on|||||&#8221; header_2_font_size=&#8221;30px&#8221; header_2_line_height=&#8221;1.3em&#8221; text_orientation=&#8221;justified&#8221; module_alignment=&#8221;center&#8221; custom_margin=&#8221;||12px|||&#8221; animation_style=&#8221;slide&#8221; animation_direction=&#8221;bottom&#8221; animation_intensity_slide=&#8221;4%&#8221;]<\/p>\n<table style=\"font-weight: 400; background-color: #e2e2e2; border-color: #233126; width: 781px;\" data-tablestyle=\"MsoTableGrid\" data-tablelook=\"1696\" aria-rowcount=\"10\" border=\"2\" height=\"356\">\n<tbody>\n<tr aria-rowindex=\"1\">\n<td colspan=\"3\" data-celllook=\"69905\" style=\"width: 774px;\"><b><span data-contrast=\"auto\">ASIGNATURAS OPTATIVAS<\/span><\/b><span data-ccp-props=\"{\"201341983\":0,\"335551550\":1,\"335551620\":1,\"335559740\":259}\"> <\/span><\/td>\n<\/tr>\n<tr aria-rowindex=\"2\">\n<td data-celllook=\"4369\" style=\"width: 557px;\"><span data-contrast=\"auto\">Seminarios de Investigaci\u00f3n ll<\/span><span data-ccp-props=\"{\"201341983\":0,\"335551550\":1,\"335551620\":1,\"335559740\":259}\"> <\/span><\/td>\n<td data-celllook=\"4369\" style=\"width: 100.375px;\"><span data-contrast=\"auto\">03<\/span><span data-ccp-props=\"{\"201341983\":0,\"335551550\":2,\"335551620\":2,\"335559740\":259}\"> <\/span><\/td>\n<td data-celllook=\"4369\" style=\"width: 116.625px;\"><span data-contrast=\"auto\">45<\/span><span data-ccp-props=\"{\"201341983\":0,\"335551550\":2,\"335551620\":2,\"335559740\":259}\"> <\/span><\/td>\n<\/tr>\n<tr aria-rowindex=\"3\">\n<td data-celllook=\"4369\" style=\"width: 557px;\"><span data-contrast=\"auto\">Bioestad\u00edstica<\/span><span data-ccp-props=\"{\"201341983\":0,\"335551550\":1,\"335551620\":1,\"335559740\":259}\"> <\/span><\/td>\n<td data-celllook=\"4369\" style=\"width: 100.375px;\"><span data-contrast=\"auto\">03<\/span><span data-ccp-props=\"{\"201341983\":0,\"335551550\":2,\"335551620\":2,\"335559740\":259}\"> <\/span><\/td>\n<td data-celllook=\"4369\" style=\"width: 116.625px;\"><span data-contrast=\"auto\">45<\/span><span data-ccp-props=\"{\"201341983\":0,\"335551550\":2,\"335551620\":2,\"335559740\":259}\"> <\/span><\/td>\n<\/tr>\n<tr aria-rowindex=\"4\">\n<td data-celllook=\"4369\" style=\"width: 557px;\"><span data-contrast=\"auto\">M\u00e9todos cuantitativos de investigaci\u00f3n en Salud<\/span><span data-ccp-props=\"{\"201341983\":0,\"335551550\":1,\"335551620\":1,\"335559740\":259}\"> <\/span><\/td>\n<td data-celllook=\"4369\" style=\"width: 100.375px;\"><span data-contrast=\"auto\">03<\/span><span data-ccp-props=\"{\"201341983\":0,\"335551550\":2,\"335551620\":2,\"335559740\":259}\"> <\/span><\/td>\n<td data-celllook=\"4369\" style=\"width: 116.625px;\"><span data-contrast=\"auto\">45<\/span><span data-ccp-props=\"{\"201341983\":0,\"335551550\":2,\"335551620\":2,\"335559740\":259}\"> <\/span><\/td>\n<\/tr>\n<tr aria-rowindex=\"5\">\n<td data-celllook=\"4369\" style=\"width: 557px;\"><span data-contrast=\"auto\">Gesti\u00f3n, Trabajo y Educaci\u00f3n en Salud<\/span><span data-ccp-props=\"{\"201341983\":0,\"335551550\":1,\"335551620\":1,\"335559740\":259}\"> <\/span><\/td>\n<td data-celllook=\"4369\" style=\"width: 100.375px;\"><span data-contrast=\"auto\">03<\/span><span data-ccp-props=\"{\"201341983\":0,\"335551550\":2,\"335551620\":2,\"335559740\":259}\"> <\/span><\/td>\n<td data-celllook=\"4369\" style=\"width: 116.625px;\"><span data-contrast=\"auto\">45<\/span><span data-ccp-props=\"{\"201341983\":0,\"335551550\":2,\"335551620\":2,\"335559740\":259}\"> <\/span><\/td>\n<\/tr>\n<tr aria-rowindex=\"6\">\n<td data-celllook=\"4369\" style=\"width: 557px;\"><span data-contrast=\"auto\">Contextualizaci\u00f3n de las Pol\u00edticas P\u00fablicas de Salud<\/span><span data-ccp-props=\"{\"201341983\":0,\"335551550\":1,\"335551620\":1,\"335559740\":259}\"> <\/span><\/td>\n<td data-celllook=\"4369\" style=\"width: 100.375px;\"><span data-contrast=\"auto\">03<\/span><span data-ccp-props=\"{\"201341983\":0,\"335551550\":2,\"335551620\":2,\"335559740\":259}\"> <\/span><\/td>\n<td data-celllook=\"4369\" style=\"width: 116.625px;\"><span data-contrast=\"auto\">45<\/span><span data-ccp-props=\"{\"201341983\":0,\"335551550\":2,\"335551620\":2,\"335559740\":259}\"> <\/span><\/td>\n<\/tr>\n<tr aria-rowindex=\"7\">\n<td data-celllook=\"4369\" style=\"width: 557px;\"><span data-contrast=\"auto\">An\u00e1lisis de las Pol\u00edticas P\u00fablicas en la Regi\u00f3n Amaz\u00f3nica a la Luz del Derecho<\/span><span data-ccp-props=\"{\"201341983\":0,\"335551550\":1,\"335551620\":1,\"335559740\":259}\"> <\/span><\/td>\n<td data-celllook=\"4369\" style=\"width: 100.375px;\"><span data-contrast=\"auto\">03<\/span><span data-ccp-props=\"{\"201341983\":0,\"335551550\":2,\"335551620\":2,\"335559740\":259}\"> <\/span><\/td>\n<td data-celllook=\"4369\" style=\"width: 116.625px;\"><span data-contrast=\"auto\">45<\/span><span data-ccp-props=\"{\"201341983\":0,\"335551550\":2,\"335551620\":2,\"335559740\":259}\"> <\/span><\/td>\n<\/tr>\n<tr aria-rowindex=\"8\">\n<td data-celllook=\"4369\" style=\"width: 557px;\"><span data-contrast=\"auto\">M\u00e9todos cualitativos de investigaci\u00f3n en Salud<\/span><span data-ccp-props=\"{\"201341983\":0,\"335551550\":1,\"335551620\":1,\"335559740\":259}\"> <\/span><\/td>\n<td data-celllook=\"4369\" style=\"width: 100.375px;\"><span data-contrast=\"auto\">03<\/span><span data-ccp-props=\"{\"201341983\":0,\"335551550\":2,\"335551620\":2,\"335559740\":259}\"> <\/span><\/td>\n<td data-celllook=\"4369\" style=\"width: 116.625px;\"><span data-contrast=\"auto\">45<\/span><span data-ccp-props=\"{\"201341983\":0,\"335551550\":2,\"335551620\":2,\"335559740\":259}\"> <\/span><\/td>\n<\/tr>\n<tr aria-rowindex=\"9\">\n<td data-celllook=\"4369\" style=\"width: 557px;\"><span data-contrast=\"auto\">Medio Ambiente, Sostenibilidad y Salud<\/span><span data-ccp-props=\"{\"201341983\":0,\"335551550\":1,\"335551620\":1,\"335559740\":259}\"> <\/span><\/td>\n<td data-celllook=\"4369\" style=\"width: 100.375px;\"><span data-contrast=\"auto\">03<\/span><span data-ccp-props=\"{\"201341983\":0,\"335551550\":2,\"335551620\":2,\"335559740\":259}\"> <\/span><\/td>\n<td data-celllook=\"4369\" style=\"width: 116.625px;\"><span data-contrast=\"auto\">45<\/span><span data-ccp-props=\"{\"201341983\":0,\"335551550\":2,\"335551620\":2,\"335559740\":259}\"> <\/span><\/td>\n<\/tr>\n<tr aria-rowindex=\"10\">\n<td data-celllook=\"4369\" style=\"width: 557px;\"><span data-contrast=\"auto\">El cuidado de la salud en la Amazon\u00eda: sujetos, saberes, representaciones y pr\u00e1cticas<\/span><span data-ccp-props=\"{\"201341983\":0,\"335551550\":1,\"335551620\":1,\"335559740\":259}\"> <\/span><\/td>\n<td data-celllook=\"4369\" style=\"width: 100.375px;\"><span data-contrast=\"auto\">03<\/span><span data-ccp-props=\"{\"201341983\":0,\"335551550\":2,\"335551620\":2,\"335559740\":259}\"> <\/span><\/td>\n<td data-celllook=\"4369\" style=\"width: 116.625px;\"><span data-contrast=\"auto\">45<\/span><span data-ccp-props=\"{\"201341983\":0,\"335551550\":2,\"335551620\":2,\"335559740\":259}\"> <\/span><\/td>\n<\/tr>\n<\/tbody>\n<\/table>\n<p>&nbsp;<\/p>\n<p>[\/et_pb_text][\/et_pb_column][\/et_pb_row][\/et_pb_section]<\/p>\n","protected":false},"excerpt":{"rendered":"<p>La obtenci\u00f3n del t\u00edtulo de maestr\u00eda est\u00e1 condicionada a la obtenci\u00f3n de cr\u00e9ditos en las disciplinas, en las actividades acad\u00e9micas en los t\u00e9rminos de este regimiento y la aprobaci\u00f3n de una disertaci\u00f3n en el tema de Salud P\u00fablica, realizada bajo la direcci\u00f3n de un profesor doctor acreditado por el Curso. El estudiante de maestr\u00eda debe [&hellip;]<\/p>\n","protected":false},"author":1,"featured_media":0,"parent":0,"menu_order":0,"comment_status":"closed","ping_status":"closed","template":"","meta":{"_et_pb_use_builder":"on","_et_pb_old_content":"","_et_gb_content_width":"","om_disable_all_campaigns":false,"footnotes":""},"class_list":["post-275936","page","type-page","status-publish","hentry"],"aioseo_notices":[],"_links":{"self":[{"href":"https:\/\/ppgsc.uea.edu.br\/index.php\/wp-json\/wp\/v2\/pages\/275936","targetHints":{"allow":["GET"]}}],"collection":[{"href":"https:\/\/ppgsc.uea.edu.br\/index.php\/wp-json\/wp\/v2\/pages"}],"about":[{"href":"https:\/\/ppgsc.uea.edu.br\/index.php\/wp-json\/wp\/v2\/types\/page"}],"author":[{"embeddable":true,"href":"https:\/\/ppgsc.uea.edu.br\/index.php\/wp-json\/wp\/v2\/users\/1"}],"replies":[{"embeddable":true,"href":"https:\/\/ppgsc.uea.edu.br\/index.php\/wp-json\/wp\/v2\/comments?post=275936"}],"version-history":[{"count":3,"href":"https:\/\/ppgsc.uea.edu.br\/index.php\/wp-json\/wp\/v2\/pages\/275936\/revisions"}],"predecessor-version":[{"id":277577,"href":"https:\/\/ppgsc.uea.edu.br\/index.php\/wp-json\/wp\/v2\/pages\/275936\/revisions\/277577"}],"wp:attachment":[{"href":"https:\/\/ppgsc.uea.edu.br\/index.php\/wp-json\/wp\/v2\/media?parent=275936"}],"curies":[{"name":"wp","href":"https:\/\/api.w.org\/{rel}","templated":true}]}}