{"id":275929,"date":"2021-11-19T06:31:27","date_gmt":"2021-11-19T09:31:27","guid":{"rendered":"https:\/\/ppgsc.uea.edu.br\/index.php\/maestros\/"},"modified":"2024-03-31T23:03:21","modified_gmt":"2024-04-01T02:03:21","slug":"maestros","status":"publish","type":"page","link":"https:\/\/ppgsc.uea.edu.br\/index.php\/es\/maestros\/","title":{"rendered":"Maestros (ES)"},"content":{"rendered":"<p>[et_pb_section fb_built=&#8221;1&#8243; _builder_version=&#8221;4.11.4&#8243; custom_padding=&#8221;0px||0px|||&#8221; da_disable_devices=&#8221;off|off|off&#8221; da_is_popup=&#8221;off&#8221; da_exit_intent=&#8221;off&#8221; da_has_close=&#8221;on&#8221; da_alt_close=&#8221;off&#8221; da_dark_close=&#8221;off&#8221; da_not_modal=&#8221;on&#8221; da_is_singular=&#8221;off&#8221; da_with_loader=&#8221;off&#8221; da_has_shadow=&#8221;on&#8221;][et_pb_row _builder_version=&#8221;4.11.4&#8243; width=&#8221;100%&#8221; max_width=&#8221;100%&#8221; custom_padding=&#8221;0px||3px|||&#8221;][et_pb_column type=&#8221;4_4&#8243; _builder_version=&#8221;4.11.4&#8243;][et_pb_slider _builder_version=&#8221;4.4.8&#8243; custom_padding=&#8221;6%||||false|false&#8221;][et_pb_slide heading=&#8221;@ET-DC@eyJkeW5hbWljIjp0cnVlLCJjb250ZW50IjoicG9zdF90aXRsZSIsInNldHRpbmdzIjp7ImJlZm9yZSI6IiIsImFmdGVyIjoiIn19@&#8221; _builder_version=&#8221;4.4.8&#8243; _dynamic_attributes=&#8221;heading&#8221; header_font=&#8221;|700|||||||&#8221; header_font_size=&#8221;45px&#8221; background_color=&#8221;#d58c3d&#8221; background_enable_color=&#8221;on&#8221; background_image=&#8221;http:\/\/ppgsc.uea.edu.br\/wp-content\/uploads\/2021\/11\/Fundo-titulos@2x.png&#8221; background_enable_image=&#8221;on&#8221; background_position=&#8221;bottom_center&#8221; header_font_size_tablet=&#8221;40px&#8221; header_font_size_phone=&#8221;&#8221; header_font_size_last_edited=&#8221;on|desktop&#8221;][\/et_pb_slide][\/et_pb_slider][\/et_pb_column][\/et_pb_row][\/et_pb_section][et_pb_section fb_built=&#8221;1&#8243; admin_label=&#8221;Service Section&#8221; _builder_version=&#8221;3.22&#8243; custom_margin=&#8221;|||&#8221; custom_padding=&#8221;35px||110px|||&#8221; da_disable_devices=&#8221;off|off|off&#8221; da_is_popup=&#8221;off&#8221; da_exit_intent=&#8221;off&#8221; da_has_close=&#8221;on&#8221; da_alt_close=&#8221;off&#8221; da_dark_close=&#8221;off&#8221; da_not_modal=&#8221;on&#8221; da_is_singular=&#8221;off&#8221; da_with_loader=&#8221;off&#8221; da_has_shadow=&#8221;on&#8221;][et_pb_row admin_label=&#8221;Service Section Title&#8221; _builder_version=&#8221;3.25&#8243; custom_margin=&#8221;|auto|-2px|auto||&#8221; custom_padding=&#8221;||5px|||&#8221; animation_style=&#8221;fade&#8221; animation_direction=&#8221;top&#8221; saved_tabs=&#8221;all&#8221;][et_pb_column type=&#8221;4_4&#8243; _builder_version=&#8221;3.25&#8243; custom_padding=&#8221;|||&#8221; custom_padding__hover=&#8221;|||&#8221;][et_pb_text admin_label=&#8221;Title&#8221; _builder_version=&#8221;4.4.8&#8243; text_font=&#8221;Noto Sans||||||||&#8221; text_font_size=&#8221;16px&#8221; text_line_height=&#8221;1.9em&#8221; header_font=&#8221;||||||||&#8221; header_2_font=&#8221;Noto Sans|700||on|||||&#8221; header_2_font_size=&#8221;30px&#8221; header_2_line_height=&#8221;1.3em&#8221; module_alignment=&#8221;center&#8221; custom_margin=&#8221;||12px|||&#8221; animation_style=&#8221;slide&#8221; animation_direction=&#8221;bottom&#8221; animation_intensity_slide=&#8221;4%&#8221;]<\/p>\n<p><strong>L\u00ednea de investigaci\u00f3n 1: Distribuci\u00f3n y determinaci\u00f3n de problemas de salud en la regi\u00f3n amaz\u00f3nica <\/strong><\/p>\n<p>[\/et_pb_text][\/et_pb_column][\/et_pb_row][et_pb_row use_custom_gutter=&#8221;on&#8221; gutter_width=&#8221;2&#8243; _builder_version=&#8221;4.4.8&#8243;][et_pb_column type=&#8221;4_4&#8243; _builder_version=&#8221;4.4.8&#8243;][et_pb_team_member name=&#8221;Profa. Dra. Alessandra Valle Salino &#8221; image_url=&#8221;http:\/\/ppgsc.uea.edu.br\/wp-content\/uploads\/2022\/01\/Profa.-Dra.-Alessandra-Valle-Salino.png&#8221; _builder_version=&#8221;4.4.8&#8243; header_font=&#8221;||||||||&#8221; header_font_size=&#8221;16px&#8221; width=&#8221;100%&#8221; hover_enabled=&#8221;0&#8243;]<\/p>\n<p><a href=\"http:\/\/lattes.cnpq.br\/1138717856859261\" target=\"_blank\" rel=\"noopener noreferrer\">Lattes del plan de estudios<\/a><\/p>\n<p>[\/et_pb_team_member][et_pb_team_member name=&#8221;Profa. Dra. Camila Helena Aguiar B\u00f4tto de Menezes&#8221; image_url=&#8221;http:\/\/ppgsc.uea.edu.br\/wp-content\/uploads\/2021\/12\/PPGSC_6.png&#8221; _builder_version=&#8221;4.4.8&#8243; header_font=&#8221;||||||||&#8221; header_font_size=&#8221;16px&#8221; hover_enabled=&#8221;0&#8243;]<\/p>\n<p><a href=\"http:\/\/lattes.cnpq.br\/2650427081350436\" target=\"_blank\" rel=\"noopener noreferrer\">Lattes del plan de estudios<\/a><\/p>\n<p>[\/et_pb_team_member][et_pb_team_member name=&#8221;Prof. Dr. Fernando Jos\u00e9 Herkrath &#8221; image_url=&#8221;http:\/\/ppgsc.uea.edu.br\/wp-content\/uploads\/2022\/01\/Prof.-Dr.-Fernando-Jose-Herkrath.png&#8221; _builder_version=&#8221;4.4.8&#8243; header_font=&#8221;||||||||&#8221; header_font_size=&#8221;16px&#8221;]<\/p>\n<p><a href=\"http:\/\/lattes.cnpq.br\/6520056577460946\" target=\"_blank\" rel=\"noopener noreferrer\">Lattes del plan de estudios<\/a><\/p>\n<p>[\/et_pb_team_member][et_pb_team_member name=&#8221;Prof. Dr. Guilherme Loureiro Werneck &#8221; image_url=&#8221;http:\/\/ppgsc.uea.edu.br\/wp-content\/uploads\/2022\/01\/Prof.-Dr.-Guilherme-Loureiro-Werneck.png&#8221; _builder_version=&#8221;4.4.8&#8243; header_font=&#8221;||||||||&#8221; header_font_size=&#8221;16px&#8221; hover_enabled=&#8221;0&#8243;]<\/p>\n<p><a href=\"http:\/\/lattes.cnpq.br\/7331062615542814\" target=\"_blank\" rel=\"noopener noreferrer\">Lattes del plan de estudios<\/a><\/p>\n<p>[\/et_pb_team_member][et_pb_team_member name=&#8221;Prof. Dr. Jansen Atier Estr\u00e1zulas&#8221; image_url=&#8221;https:\/\/ppgsc.uea.edu.br\/wp-content\/uploads\/2022\/04\/WhatsApp-Image-2022-04-26-at-18.44.30.jpeg&#8221; _builder_version=&#8221;4.4.8&#8243; header_font=&#8221;||||||||&#8221; header_font_size=&#8221;16px&#8221; hover_enabled=&#8221;0&#8243;]<\/p>\n<p><a href=\"http:\/\/lattes.cnpq.br\/2071810181340886\" target=\"_blank\" rel=\"noopener noreferrer\">Lattes del plan de estudios<\/a><\/p>\n<p>[\/et_pb_team_member][et_pb_team_member name=&#8221;Prof. Dr. Leonardo Naves dos Reis &#8221; image_url=&#8221;http:\/\/ppgsc.uea.edu.br\/wp-content\/uploads\/2022\/01\/Prof.-Dr.-Leonardo-Naves-dos-Reis.png&#8221; _builder_version=&#8221;4.4.8&#8243; header_font=&#8221;||||||||&#8221; header_font_size=&#8221;16px&#8221; hover_enabled=&#8221;0&#8243;]<\/p>\n<p><a href=\"http:\/\/lattes.cnpq.br\/3465295062173197\" target=\"_blank\" rel=\"noopener noreferrer\">Lattes del plan de estudios<\/a><\/p>\n<p>[\/et_pb_team_member][et_pb_team_member name=&#8221;Profa. Dra. Nath\u00e1lia Fran\u00e7a de Oliveira &#8221; image_url=&#8221;http:\/\/ppgsc.uea.edu.br\/wp-content\/uploads\/2022\/01\/Profa.-Dra.-Nathalia-Franca-de-Oliveira.png&#8221; _builder_version=&#8221;4.4.8&#8243; header_font=&#8221;||||||||&#8221; header_font_size=&#8221;16px&#8221; hover_enabled=&#8221;0&#8243;]<\/p>\n<p><a href=\"http:\/\/lattes.cnpq.br\/6236124413448190\" target=\"_blank\" rel=\"noopener noreferrer\">Lattes del plan de estudios<\/a><\/p>\n<p>[\/et_pb_team_member][\/et_pb_column][\/et_pb_row][et_pb_row admin_label=&#8221;Service Section Title&#8221; _builder_version=&#8221;3.25&#8243; custom_margin=&#8221;|auto|-2px|auto||&#8221; custom_padding=&#8221;||5px|||&#8221; animation_style=&#8221;fade&#8221; animation_direction=&#8221;top&#8221; saved_tabs=&#8221;all&#8221;][et_pb_column type=&#8221;4_4&#8243; _builder_version=&#8221;3.25&#8243; custom_padding=&#8221;|||&#8221; custom_padding__hover=&#8221;|||&#8221;][et_pb_text admin_label=&#8221;Title&#8221; _builder_version=&#8221;4.4.8&#8243; text_font=&#8221;Noto Sans||||||||&#8221; text_font_size=&#8221;16px&#8221; text_line_height=&#8221;1.9em&#8221; header_font=&#8221;||||||||&#8221; header_2_font=&#8221;Noto Sans|700||on|||||&#8221; header_2_font_size=&#8221;30px&#8221; header_2_line_height=&#8221;1.3em&#8221; module_alignment=&#8221;center&#8221; custom_margin=&#8221;||12px|||&#8221; animation_style=&#8221;slide&#8221; animation_direction=&#8221;bottom&#8221; animation_intensity_slide=&#8221;4%&#8221;]<\/p>\n<p><strong>L\u00ednea de Investigaci\u00f3n 2: Pol\u00edtica, Planificaci\u00f3n y Gesti\u00f3n en Salud <\/strong><\/p>\n<p>[\/et_pb_text][et_pb_team_member name=&#8221;Profa. Dra. Angela Xavier Monteiro &#8221; image_url=&#8221;http:\/\/ppgsc.uea.edu.br\/wp-content\/uploads\/2022\/01\/Profa.-Dra.-Angela-Xavier-Monteiro.png&#8221; _builder_version=&#8221;4.4.8&#8243; header_font=&#8221;||||||||&#8221; header_font_size=&#8221;16px&#8221; hover_enabled=&#8221;0&#8243;]<\/p>\n<p><a href=\"http:\/\/lattes.cnpq.br\/7262930995092391\" target=\"_blank\" rel=\"noopener noreferrer\">Lattes del plan de estudios<\/a><\/p>\n<p>[\/et_pb_team_member][et_pb_team_member name=&#8221;Profa. Dra. Giane Zupellari dos Santos Melo &#8221; image_url=&#8221;http:\/\/ppgsc.uea.edu.br\/wp-content\/uploads\/2021\/12\/PPGSC_10.png&#8221; _builder_version=&#8221;4.4.8&#8243; header_font=&#8221;||||||||&#8221; header_font_size=&#8221;16px&#8221; hover_enabled=&#8221;0&#8243;]<\/p>\n<p><a href=\"http:\/\/lattes.cnpq.br\/7048020974666865\" target=\"_blank\" rel=\"noopener noreferrer\">Lattes del plan de estudios<\/a><\/p>\n<p>[\/et_pb_team_member][et_pb_team_member name=&#8221;Profa. Dra. Glaucia Maria de Araujo Ribeiro &#8221; image_url=&#8221;http:\/\/ppgsc.uea.edu.br\/wp-content\/uploads\/2021\/12\/PPGSC_12.png&#8221; _builder_version=&#8221;4.4.8&#8243; header_font=&#8221;||||||||&#8221; header_font_size=&#8221;16px&#8221; hover_enabled=&#8221;0&#8243;]<\/p>\n<p><a href=\"http:\/\/lattes.cnpq.br\/5032043882854761\" target=\"_blank\" rel=\"noopener noreferrer\">Lattes del plan de estudios<\/a><\/p>\n<p>[\/et_pb_team_member][et_pb_team_member name=&#8221;Profa. Dra. Isabela Cristina de Miranda Gon\u00e7alves &#8221; image_url=&#8221;http:\/\/ppgsc.uea.edu.br\/wp-content\/uploads\/2022\/01\/Profa.-Dra.-Isabela-Cristina-de-Miranda-Goncalves.png&#8221; _builder_version=&#8221;4.4.8&#8243; header_font=&#8221;||||||||&#8221; header_font_size=&#8221;16px&#8221; hover_enabled=&#8221;0&#8243;]<\/p>\n<p><a href=\"http:\/\/lattes.cnpq.br\/3121722625288047\" target=\"_blank\" rel=\"noopener noreferrer\">Lattes del plan de estudios<\/a><\/p>\n<p>[\/et_pb_team_member][et_pb_team_member name=&#8221;Profa. Dra. Roseni Pinheiro &#8221; image_url=&#8221;http:\/\/ppgsc.uea.edu.br\/wp-content\/uploads\/2021\/12\/PPGSC_8.png&#8221; _builder_version=&#8221;4.4.8&#8243; header_font=&#8221;||||||||&#8221; header_font_size=&#8221;16px&#8221; hover_enabled=&#8221;0&#8243;]<\/p>\n<p><a href=\"http:\/\/lattes.cnpq.br\/5840346413537531\" target=\"_blank\" rel=\"noopener noreferrer\">Lattes del plan de estudios<\/a><\/p>\n<p>[\/et_pb_team_member][et_pb_team_member name=&#8221;Profa. Dra. Shirley Maria de Araujo Passos &#8221; image_url=&#8221;http:\/\/ppgsc.uea.edu.br\/wp-content\/uploads\/2022\/01\/Profa.-Dra.-Shirley-Maria-de-Araujo-Passos.png&#8221; _builder_version=&#8221;4.4.8&#8243; header_font=&#8221;||||||||&#8221; header_font_size=&#8221;16px&#8221; hover_enabled=&#8221;0&#8243;]<\/p>\n<p><a href=\"http:\/\/lattes.cnpq.br\/3071736971449041\" target=\"_blank\" rel=\"noopener noreferrer\">Lattes del plan de estudios<\/a><\/p>\n<p>[\/et_pb_team_member][et_pb_team_member name=&#8221;Profa. Dra. Tania Cristina Fran\u00e7a da Silva &#8221; image_url=&#8221;http:\/\/ppgsc.uea.edu.br\/wp-content\/uploads\/2022\/01\/Profa.-Dra.-Tania-Cristina-Franca-da-Silva.png&#8221; _builder_version=&#8221;4.4.8&#8243; header_font=&#8221;||||||||&#8221; header_font_size=&#8221;16px&#8221; hover_enabled=&#8221;0&#8243;]<\/p>\n<p><a href=\"http:\/\/lattes.cnpq.br\/4405544933008225\" target=\"_blank\" rel=\"noopener noreferrer\">Lattes del plan de estudios<\/a><\/p>\n<p>[\/et_pb_team_member][\/et_pb_column][\/et_pb_row][et_pb_row admin_label=&#8221;Service Section Title&#8221; _builder_version=&#8221;3.25&#8243; custom_margin=&#8221;|auto|-2px|auto||&#8221; custom_padding=&#8221;||5px|||&#8221; animation_style=&#8221;fade&#8221; animation_direction=&#8221;top&#8221; saved_tabs=&#8221;all&#8221;][et_pb_column type=&#8221;4_4&#8243; _builder_version=&#8221;3.25&#8243; custom_padding=&#8221;|||&#8221; custom_padding__hover=&#8221;|||&#8221;][et_pb_text admin_label=&#8221;Title&#8221; _builder_version=&#8221;4.4.8&#8243; text_font=&#8221;Noto Sans||||||||&#8221; text_font_size=&#8221;16px&#8221; text_line_height=&#8221;1.9em&#8221; header_font=&#8221;||||||||&#8221; header_2_font=&#8221;Noto Sans|700||on|||||&#8221; header_2_font_size=&#8221;30px&#8221; header_2_line_height=&#8221;1.3em&#8221; module_alignment=&#8221;center&#8221; custom_margin=&#8221;||12px|||&#8221; animation_style=&#8221;slide&#8221; animation_direction=&#8221;bottom&#8221; animation_intensity_slide=&#8221;4%&#8221;]<strong>L\u00ednea de investigaci\u00f3n 3: Dimensiones de las pr\u00e1cticas en salud: actores, contextos institucionales y relaciones con el saber. <\/strong>[\/et_pb_text][et_pb_team_member name=&#8221;Prof. Dr. Andr\u00e9 Luiz Machado das Neves &#8221; image_url=&#8221;https:\/\/ppgsc.uea.edu.br\/wp-content\/uploads\/2022\/04\/WhatsApp-Image-2022-04-26-at-19.46.17.jpeg&#8221; _builder_version=&#8221;4.4.8&#8243; header_font=&#8221;||||||||&#8221; header_font_size=&#8221;16px&#8221; hover_enabled=&#8221;0&#8243;]<\/p>\n<p><a href=\"http:\/\/lattes.cnpq.br\/7409149733046445\" target=\"_blank\" rel=\"noopener noreferrer\">Lattes del plan de estudios<\/a><\/p>\n<p>[\/et_pb_team_member][et_pb_team_member name=&#8221;Prof. Dr. Breno Ferreira de Oliveira&#8221; image_url=&#8221;https:\/\/ppgsc.uea.edu.br\/wp-content\/uploads\/2022\/05\/60abd0c9-a3a8-4d5b-b7da-99a465c4aa11-e1652988828238.jpg&#8221; admin_label=&#8221;Pessoa&#8221; _builder_version=&#8221;4.4.8&#8243; header_font=&#8221;||||||||&#8221; header_font_size=&#8221;16px&#8221; hover_enabled=&#8221;0&#8243;]<\/p>\n<p><a href=\"http:\/\/buscatextual.cnpq.br\/buscatextual\/visualizacv.do?id=K4471850Y0&amp;tokenCaptchar=03AGdBq25EgZaFhIQn3Cwm9qO2GasXOmrec29-g4lYmiEKlu61XC8rv69xquNb5h1S_B6ZYwTWtWDARl3B7lrfc1qGqR05mcZZyOcsJE3T6r70SMfmBEBRFYgyO-N-CFWjwb1UaEX63XWHWcDhdDbYjNFodQdFhZAAqVWhmumc5wdTYcVOeZeWvyTK-xJFB2HmpEThmS4-uj8krmjKPHxIpy8WSD9SxrgQoONS4ojjaFDfExJT7NoukS6rd1wYU185jalcPiVkVhISHpy-k-n5zHtypuCw_cXfAccC0qjZtJqQHuHOJmbe0N_ElTzqU6fWANr60fDvxDlWrEJ-Uxj8V3bIM-z7ExurnQohorLPxTmjPG3caHBnVygCrGo6ueO5fmPLszW8STr1Ki7t7hTpG8Fi9nlfMFWzu7XHllBSh5dM3PMuCoqEIye3yYHywlV8Asjg0xgdh3HnTklmidsYqSZPbpDO3rIroA\" target=\"_blank\" rel=\"noopener noreferrer\">Lattes del plan de estudios<\/a><\/p>\n<p>[\/et_pb_team_member][et_pb_team_member name=&#8221;Prof. Dr. Horacio Federico S\u00edvori &#8221; image_url=&#8221;http:\/\/ppgsc.uea.edu.br\/wp-content\/uploads\/2022\/01\/Prof.-Dr.-Horacio-Federico-Sivori.png&#8221; _builder_version=&#8221;4.4.8&#8243; header_font=&#8221;||||||||&#8221; header_font_size=&#8221;16px&#8221; hover_enabled=&#8221;0&#8243;]<\/p>\n<p><a href=\"http:\/\/lattes.cnpq.br\/4874754171896904\" target=\"_blank\" rel=\"noopener noreferrer\">Lattes del plan de estudios<\/a><\/p>\n<p>[\/et_pb_team_member][et_pb_team_member name=&#8221;Prof. Dra. Munique Therense&#8221; image_url=&#8221;https:\/\/ppgsc.uea.edu.br\/wp-content\/uploads\/2022\/04\/WhatsApp-Image-2022-04-26-at-18.42.14.jpeg&#8221; _builder_version=&#8221;4.4.8&#8243; header_font=&#8221;||||||||&#8221; header_font_size=&#8221;16px&#8221; hover_enabled=&#8221;0&#8243;]<\/p>\n<p><a href=\"http:\/\/lattes.cnpq.br\/8420017702244546\" target=\"_blank\" rel=\"noopener noreferrer\">Lattes del plan de estudios<\/a><\/p>\n<p>[\/et_pb_team_member][et_pb_team_member name=&#8221;Profa. Dra. Rita de Cassia Fraga Machado &#8221; image_url=&#8221;http:\/\/ppgsc.uea.edu.br\/wp-content\/uploads\/2022\/01\/Profa.-Dra.-Rita-de-Cassia-Fraga-Machado.png&#8221; _builder_version=&#8221;4.4.8&#8243; header_font=&#8221;||||||||&#8221; header_font_size=&#8221;16px&#8221; hover_enabled=&#8221;0&#8243;]<\/p>\n<p><a href=\"http:\/\/lattes.cnpq.br\/8882999172098781\" target=\"_blank\" rel=\"noopener noreferrer\">Lattes del plan de estudios<\/a><\/p>\n<p>[\/et_pb_team_member][et_pb_team_member name=&#8221;Profa. Dra. S\u00e2mia Feitosa Miguez &#8221; image_url=&#8221;http:\/\/ppgsc.uea.edu.br\/wp-content\/uploads\/2022\/01\/Profa.-Dra.-Samia-Feitosa-Miguez.png&#8221; _builder_version=&#8221;4.4.8&#8243; header_font=&#8221;||||||||&#8221; header_font_size=&#8221;16px&#8221; hover_enabled=&#8221;0&#8243;]<\/p>\n<p><a href=\"http:\/\/lattes.cnpq.br\/9726230226963948\" target=\"_blank\" rel=\"noopener noreferrer\">Lattes del plan de estudios<\/a><\/p>\n<p>[\/et_pb_team_member][et_pb_team_member name=&#8221;Profa. Dra. Socorro de F\u00e1tima Moraes Nina&#8221; image_url=&#8221;https:\/\/ppgsc.uea.edu.br\/wp-content\/uploads\/2022\/04\/Untitled-1.jpg&#8221; _builder_version=&#8221;4.4.8&#8243; header_font=&#8221;||||||||&#8221; header_font_size=&#8221;16px&#8221; hover_enabled=&#8221;0&#8243;]<\/p>\n<p><a href=\"http:\/\/lattes.cnpq.br\/3860447010896288\" target=\"_blank\" rel=\"noopener noreferrer\">Lattes del plan de estudios<\/a><\/p>\n<p>[\/et_pb_team_member][et_pb_team_member name=&#8221;Profa. Dra. S\u00f4nia Maria Lemos &#8221; image_url=&#8221;http:\/\/ppgsc.uea.edu.br\/wp-content\/uploads\/2022\/01\/Profa.-Dra.-Sonia-Maria-Lemos.png&#8221; admin_label=&#8221;Pessoa&#8221; _builder_version=&#8221;4.4.8&#8243; header_font=&#8221;||||||||&#8221; header_font_size=&#8221;16px&#8221; hover_enabled=&#8221;0&#8243; position__hover_enabled=&#8221;on|desktop&#8221;]<\/p>\n<p><a href=\"http:\/\/lattes.cnpq.br\/1061333513067009\" target=\"_blank\" rel=\"noopener noreferrer\">Lattes del plan de estudios<\/a><\/p>\n<p>[\/et_pb_team_member][\/et_pb_column][\/et_pb_row][\/et_pb_section]<\/p>\n","protected":false},"excerpt":{"rendered":"<p>L\u00ednea de investigaci\u00f3n 1: Distribuci\u00f3n y determinaci\u00f3n de problemas de salud en la regi\u00f3n amaz\u00f3nica Lattes del plan de estudiosLattes del plan de estudiosLattes del plan de estudiosLattes del plan de estudiosLattes del plan de estudiosLattes del plan de estudiosLattes del plan de estudiosL\u00ednea de Investigaci\u00f3n 2: Pol\u00edtica, Planificaci\u00f3n y Gesti\u00f3n en Salud Lattes del [&hellip;]<\/p>\n","protected":false},"author":1,"featured_media":0,"parent":0,"menu_order":0,"comment_status":"closed","ping_status":"closed","template":"","meta":{"_et_pb_use_builder":"on","_et_pb_old_content":"","_et_gb_content_width":"","om_disable_all_campaigns":false,"footnotes":""},"class_list":["post-275929","page","type-page","status-publish","hentry"],"aioseo_notices":[],"_links":{"self":[{"href":"https:\/\/ppgsc.uea.edu.br\/index.php\/wp-json\/wp\/v2\/pages\/275929","targetHints":{"allow":["GET"]}}],"collection":[{"href":"https:\/\/ppgsc.uea.edu.br\/index.php\/wp-json\/wp\/v2\/pages"}],"about":[{"href":"https:\/\/ppgsc.uea.edu.br\/index.php\/wp-json\/wp\/v2\/types\/page"}],"author":[{"embeddable":true,"href":"https:\/\/ppgsc.uea.edu.br\/index.php\/wp-json\/wp\/v2\/users\/1"}],"replies":[{"embeddable":true,"href":"https:\/\/ppgsc.uea.edu.br\/index.php\/wp-json\/wp\/v2\/comments?post=275929"}],"version-history":[{"count":2,"href":"https:\/\/ppgsc.uea.edu.br\/index.php\/wp-json\/wp\/v2\/pages\/275929\/revisions"}],"predecessor-version":[{"id":277566,"href":"https:\/\/ppgsc.uea.edu.br\/index.php\/wp-json\/wp\/v2\/pages\/275929\/revisions\/277566"}],"wp:attachment":[{"href":"https:\/\/ppgsc.uea.edu.br\/index.php\/wp-json\/wp\/v2\/media?parent=275929"}],"curies":[{"name":"wp","href":"https:\/\/api.w.org\/{rel}","templated":true}]}}