{"id":275926,"date":"2021-11-19T06:41:53","date_gmt":"2021-11-19T09:41:53","guid":{"rendered":"https:\/\/ppgsc.uea.edu.br\/index.php\/disertaciones\/"},"modified":"2024-05-19T02:40:45","modified_gmt":"2024-05-19T05:40:45","slug":"disertaciones","status":"publish","type":"page","link":"https:\/\/ppgsc.uea.edu.br\/index.php\/es\/disertaciones\/","title":{"rendered":"Disertaciones (ES)"},"content":{"rendered":"<p>[et_pb_section fb_built=&#8221;1&#8243; _builder_version=&#8221;4.16&#8243; custom_padding=&#8221;0px||0px|||&#8221; da_disable_devices=&#8221;off|off|off&#8221; global_colors_info=&#8221;{}&#8221; da_is_popup=&#8221;off&#8221; da_exit_intent=&#8221;off&#8221; da_has_close=&#8221;on&#8221; da_alt_close=&#8221;off&#8221; da_dark_close=&#8221;off&#8221; da_not_modal=&#8221;on&#8221; da_is_singular=&#8221;off&#8221; da_with_loader=&#8221;off&#8221; da_has_shadow=&#8221;on&#8221;][et_pb_row _builder_version=&#8221;4.16&#8243; width=&#8221;100%&#8221; max_width=&#8221;100%&#8221; custom_padding=&#8221;0px||3px|||&#8221; global_colors_info=&#8221;{}&#8221;][et_pb_column type=&#8221;4_4&#8243; _builder_version=&#8221;4.16&#8243; global_colors_info=&#8221;{}&#8221;][et_pb_slider _builder_version=&#8221;4.16&#8243; custom_padding=&#8221;6%||||false|false&#8221; global_colors_info=&#8221;{}&#8221;][et_pb_slide heading=&#8221;@ET-DC@eyJkeW5hbWljIjp0cnVlLCJjb250ZW50IjoicG9zdF90aXRsZSIsInNldHRpbmdzIjp7ImJlZm9yZSI6IiIsImFmdGVyIjoiIn19@&#8221; _builder_version=&#8221;4.16&#8243; _dynamic_attributes=&#8221;heading&#8221; header_font=&#8221;|700|||||||&#8221; header_font_size=&#8221;45px&#8221; background_color=&#8221;#d58c3d&#8221; background_enable_color=&#8221;on&#8221; background_image=&#8221;http:\/\/ppgsc.uea.edu.br\/wp-content\/uploads\/2021\/11\/Fundo-titulos@2x.png&#8221; background_enable_image=&#8221;on&#8221; background_position=&#8221;bottom_center&#8221; header_font_size_tablet=&#8221;40px&#8221; header_font_size_phone=&#8221;&#8221; header_font_size_last_edited=&#8221;on|desktop&#8221; global_colors_info=&#8221;{}&#8221; sticky_transition=&#8221;on&#8221;][\/et_pb_slide][\/et_pb_slider][\/et_pb_column][\/et_pb_row][\/et_pb_section][et_pb_section fb_built=&#8221;1&#8243; admin_label=&#8221;Service Section&#8221; _builder_version=&#8221;4.16&#8243; custom_margin=&#8221;|||&#8221; custom_padding=&#8221;35px||110px|||&#8221; da_disable_devices=&#8221;off|off|off&#8221; global_colors_info=&#8221;{}&#8221; da_is_popup=&#8221;off&#8221; da_exit_intent=&#8221;off&#8221; da_has_close=&#8221;on&#8221; da_alt_close=&#8221;off&#8221; da_dark_close=&#8221;off&#8221; da_not_modal=&#8221;on&#8221; da_is_singular=&#8221;off&#8221; da_with_loader=&#8221;off&#8221; da_has_shadow=&#8221;on&#8221;][et_pb_row disabled_on=&#8221;on|on|on&#8221; admin_label=&#8221;Service Section Title&#8221; _builder_version=&#8221;4.16&#8243; custom_margin=&#8221;|auto|-2px|auto||&#8221; custom_padding=&#8221;||5px|||&#8221; animation_style=&#8221;fade&#8221; animation_direction=&#8221;top&#8221; disabled=&#8221;on&#8221; saved_tabs=&#8221;all&#8221; global_colors_info=&#8221;{}&#8221;][et_pb_column type=&#8221;4_4&#8243; _builder_version=&#8221;4.16&#8243; custom_padding=&#8221;|||&#8221; global_colors_info=&#8221;{}&#8221; custom_padding__hover=&#8221;|||&#8221;][et_pb_text admin_label=&#8221;Title&#8221; _builder_version=&#8221;4.16&#8243; text_font=&#8221;Noto Sans||||||||&#8221; text_font_size=&#8221;16px&#8221; text_line_height=&#8221;1.9em&#8221; header_font=&#8221;||||||||&#8221; header_2_font=&#8221;Noto Sans|700||on|||||&#8221; header_2_font_size=&#8221;30px&#8221; header_2_line_height=&#8221;1.3em&#8221; text_orientation=&#8221;justified&#8221; module_alignment=&#8221;center&#8221; custom_margin=&#8221;||12px|||&#8221; animation_style=&#8221;slide&#8221; animation_direction=&#8221;bottom&#8221; animation_intensity_slide=&#8221;4%&#8221; global_colors_info=&#8221;{}&#8221;]<\/p>\n<p style=\"text-align: center;\"><strong>Pronto<\/strong><\/p>\n<p>[\/et_pb_text][\/et_pb_column][\/et_pb_row][et_pb_row disabled_on=&#8221;off|off|off&#8221; _builder_version=&#8221;4.16&#8243; _module_preset=&#8221;default&#8221; locked=&#8221;off&#8221; global_colors_info=&#8221;{}&#8221;][et_pb_column type=&#8221;4_4&#8243; _builder_version=&#8221;4.16&#8243; _module_preset=&#8221;default&#8221; global_colors_info=&#8221;{}&#8221;][et_pb_text _builder_version=&#8221;4.24.3&#8243; _module_preset=&#8221;default&#8221; global_colors_info=&#8221;{}&#8221;]<\/p>\n<blockquote>\n<h4><strong>Programa de Postgrado en Salud P\u00fablica<\/strong><\/h4>\n<\/blockquote>\n<p>[\/et_pb_text][et_pb_blurb title=&#8221;Ara\u00fajo, Juliana Pereira de&#8221; url=&#8221;http:\/\/repositorioinstitucional.uea.edu.br\/handle\/riuea\/4612&#8243; url_new_window=&#8221;on&#8221; use_icon=&#8221;on&#8221; font_icon=&#8221;&#x69;||divi||400&#8243; icon_placement=&#8221;left&#8221; content_max_width=&#8221;1100px&#8221; _builder_version=&#8221;4.24.3&#8243; _module_preset=&#8221;default&#8221; body_link_text_color=&#8221;#077c13&#8243; min_height=&#8221;114.4px&#8221; custom_padding=&#8221;0px|||||&#8221; global_colors_info=&#8221;{}&#8221; admin_label=&#8221;1&#8243;]<\/p>\n<p><a href=\"http:\/\/repositorioinstitucional.uea.edu.br\/handle\/riuea\/4612\"><span>El\u00a0<\/span><\/a><a href=\"http:\/\/repositorioinstitucional.uea.edu.br\/handle\/riuea\/4612\" target=\"_blank\" rel=\"noopener\"><span>bosque como cura: mujeres, conocimientos tradicionales y promoci\u00f3n de la salud en comunidades del bosque nacional de Tef\u00e9<\/span><\/a><\/p>\n<p><strong><a href=\"http:\/\/repositorioinstitucional.uea.edu.br\/handle\/riuea\/4612\" target=\"_blank\" rel=\"noopener\">DESCARGAR<\/a><\/strong><\/p>\n<p>[\/et_pb_blurb][et_pb_blurb title=&#8221;Almeida, Diana Andreza Rebou\u00e7as&#8221; url=&#8221;http:\/\/repositorioinstitucional.uea.edu.br\/handle\/riuea\/4613&#8243; url_new_window=&#8221;on&#8221; use_icon=&#8221;on&#8221; font_icon=&#8221;&#x69;||divi||400&#8243; icon_placement=&#8221;left&#8221; content_max_width=&#8221;1100px&#8221; _builder_version=&#8221;4.24.3&#8243; _module_preset=&#8221;default&#8221; body_link_text_color=&#8221;#077c13&#8243; min_height=&#8221;114.4px&#8221; custom_padding=&#8221;0px|||||&#8221; global_colors_info=&#8221;{}&#8221; admin_label=&#8221;2&#8243;]<\/p>\n<p><a href=\"http:\/\/repositorioinstitucional.uea.edu.br\/handle\/riuea\/4613\" target=\"_blank\" rel=\"noopener\"><span>La atenci\u00f3n a la salud en el contexto de la pandemia Covid-19: estrategias y desaf\u00edos a partir de las narrativas de trabajadores de Atenci\u00f3n Primaria de Salud en un municipio del interior de Amazonas<\/span><\/a><\/p>\n<p><strong><a href=\"http:\/\/repositorioinstitucional.uea.edu.br\/handle\/riuea\/4613\" target=\"_blank\" rel=\"noopener\">DESCARGAR<\/a><\/strong><\/p>\n<p>[\/et_pb_blurb][et_pb_blurb title=&#8221;Lopes, Lara Suellen Bezerra&#8221; url=&#8221;http:\/\/repositorioinstitucional.uea.edu.br\/handle\/riuea\/5570&#8243; url_new_window=&#8221;on&#8221; use_icon=&#8221;on&#8221; font_icon=&#8221;&#x69;||divi||400&#8243; icon_placement=&#8221;left&#8221; content_max_width=&#8221;1100px&#8221; _builder_version=&#8221;4.24.3&#8243; _module_preset=&#8221;default&#8221; body_link_text_color=&#8221;#077c13&#8243; min_height=&#8221;114.4px&#8221; custom_padding=&#8221;0px|||||&#8221; global_colors_info=&#8221;{}&#8221; admin_label=&#8221;3&#8243;]<\/p>\n<p><a href=\"http:\/\/repositorioinstitucional.uea.edu.br\/handle\/riuea\/4677\" target=\"_blank\" rel=\"noopener\"><span>Pandemia de Covid-19 y SUS: dimensiones de las pol\u00edticas de salud p\u00fablica en Amazonas<\/span><\/a><\/p>\n<p><strong><a href=\"http:\/\/repositorioinstitucional.uea.edu.br\/handle\/riuea\/4677\" target=\"_blank\" rel=\"noopener\">DESCARGAR<\/a><\/strong><\/p>\n<p>[\/et_pb_blurb][et_pb_blurb title=&#8221;Duarte, Vanderlane de Souza&#8221; url=&#8221;http:\/\/repositorioinstitucional.uea.edu.br\/handle\/riuea\/5266&#8243; url_new_window=&#8221;on&#8221; use_icon=&#8221;on&#8221; font_icon=&#8221;&#x69;||divi||400&#8243; icon_placement=&#8221;left&#8221; content_max_width=&#8221;1100px&#8221; _builder_version=&#8221;4.24.3&#8243; _module_preset=&#8221;default&#8221; body_link_text_color=&#8221;#077c13&#8243; min_height=&#8221;114.4px&#8221; custom_padding=&#8221;0px|||||&#8221; global_colors_info=&#8221;{}&#8221; admin_label=&#8221;4&#8243;]<\/p>\n<p><a href=\"http:\/\/repositorioinstitucional.uea.edu.br\/handle\/riuea\/5266\" target=\"_blank\" rel=\"noopener\"><span>Los equipos de salud de la familia y el proceso de trabajo en la atenci\u00f3n a pacientes con hipertensi\u00f3n arterial sist\u00e9mica y Diabetes Mellitus en los distritos de salud Este y Sur de Manaus-AM, durante el per\u00edodo de pandemia de COVID-19 Manaus<\/span><\/a><\/p>\n<p><strong><a href=\"http:\/\/repositorioinstitucional.uea.edu.br\/handle\/riuea\/5266\" target=\"_blank\" rel=\"noopener\">DESCARGAR<\/a><\/strong><\/p>\n<p>[\/et_pb_blurb][et_pb_blurb title=&#8221;Corr\u00eaa, Rachel Geber&#8221; url=&#8221;http:\/\/repositorioinstitucional.uea.edu.br\/handle\/riuea\/5348&#8243; url_new_window=&#8221;on&#8221; use_icon=&#8221;on&#8221; font_icon=&#8221;&#x69;||divi||400&#8243; icon_placement=&#8221;left&#8221; content_max_width=&#8221;1100px&#8221; _builder_version=&#8221;4.24.3&#8243; _module_preset=&#8221;default&#8221; body_link_text_color=&#8221;#077c13&#8243; min_height=&#8221;114.4px&#8221; custom_padding=&#8221;0px|||||&#8221; global_colors_info=&#8221;{}&#8221; admin_label=&#8221;5&#8243;]<\/p>\n<p><a href=\"http:\/\/repositorioinstitucional.uea.edu.br\/handle\/riuea\/5348\" target=\"_blank\" rel=\"noopener\"><span>Etnograf\u00eda documental sobre las muertes maternas en el estado de Amazonas: la precariedad y la insignificancia de la vida.<\/span><\/a><\/p>\n<p><strong><a href=\"http:\/\/repositorioinstitucional.uea.edu.br\/handle\/riuea\/5348\" target=\"_blank\" rel=\"noopener\">DESCARGAR<\/a><\/strong><\/p>\n<p>[\/et_pb_blurb][et_pb_blurb title=&#8221;Souza, Rayssa da Concei\u00e7\u00e3o Brito de&#8221; url=&#8221;http:\/\/repositorioinstitucional.uea.edu.br\/handle\/riuea\/5370&#8243; url_new_window=&#8221;on&#8221; use_icon=&#8221;on&#8221; font_icon=&#8221;&#x69;||divi||400&#8243; icon_placement=&#8221;left&#8221; content_max_width=&#8221;1100px&#8221; _builder_version=&#8221;4.24.3&#8243; _module_preset=&#8221;default&#8221; body_link_text_color=&#8221;#077c13&#8243; min_height=&#8221;114.4px&#8221; custom_padding=&#8221;0px|||||&#8221; global_colors_info=&#8221;{}&#8221; admin_label=&#8221;6&#8243;]<\/p>\n<p><a href=\"http:\/\/repositorioinstitucional.uea.edu.br\/handle\/riuea\/5370\" target=\"_blank\" rel=\"noopener\"><span>Gesti\u00f3n socioambiental y educaci\u00f3n sanitaria en el RDS rionegrino: condiciones de vida y salud en \u00e1reas de Unidades de Conservaci\u00f3n<\/span><\/a><\/p>\n<p><strong><a href=\"http:\/\/repositorioinstitucional.uea.edu.br\/handle\/riuea\/5370\" target=\"_blank\" rel=\"noopener\">DESCARGAR<\/a><\/strong><\/p>\n<p>[\/et_pb_blurb][et_pb_blurb title=&#8221;Ara\u00fajo, Renato da Cunha&#8221; url=&#8221;http:\/\/repositorioinstitucional.uea.edu.br\/handle\/riuea\/5516&#8243; url_new_window=&#8221;on&#8221; use_icon=&#8221;on&#8221; font_icon=&#8221;&#x69;||divi||400&#8243; icon_placement=&#8221;left&#8221; content_max_width=&#8221;1100px&#8221; _builder_version=&#8221;4.24.3&#8243; _module_preset=&#8221;default&#8221; body_link_text_color=&#8221;#077c13&#8243; custom_padding=&#8221;0px|||||&#8221; global_colors_info=&#8221;{}&#8221; admin_label=&#8221;7&#8243;]<\/p>\n<p><a href=\"http:\/\/repositorioinstitucional.uea.edu.br\/handle\/riuea\/5516\" target=\"_blank\" rel=\"noopener\"><span>Uso de servicios de atenci\u00f3n primaria de salud por adultos en \u00e1reas rurales y urbanas de Brasil: un an\u00e1lisis de datos de la Encuesta Nacional de Salud\u00a0<\/span><\/a><a href=\"http:\/\/repositorioinstitucional.uea.edu.br\/handle\/riuea\/5516\"><span>de 2019<\/span><\/a><\/p>\n<p><strong><a href=\"http:\/\/repositorioinstitucional.uea.edu.br\/handle\/riuea\/5516\" target=\"_blank\" rel=\"noopener\">DESCARGAR<\/a><\/strong><\/p>\n<p>[\/et_pb_blurb][et_pb_blurb title=&#8221;Ramos, Rayza de Sousa&#8221; url=&#8221;http:\/\/repositorioinstitucional.uea.edu.br\/handle\/riuea\/5519&#8243; url_new_window=&#8221;on&#8221; use_icon=&#8221;on&#8221; font_icon=&#8221;&#x69;||divi||400&#8243; icon_placement=&#8221;left&#8221; content_max_width=&#8221;1100px&#8221; _builder_version=&#8221;4.24.3&#8243; _module_preset=&#8221;default&#8221; body_link_text_color=&#8221;#077c13&#8243; custom_padding=&#8221;0px|||||&#8221; global_colors_info=&#8221;{}&#8221; admin_label=&#8221;8&#8243;]<\/p>\n<p><a href=\"http:\/\/repositorioinstitucional.uea.edu.br\/handle\/riuea\/5519\"><span>Violencia\u00a0<\/span><\/a><a href=\"http:\/\/repositorioinstitucional.uea.edu.br\/handle\/riuea\/5519\" target=\"_blank\" rel=\"noopener\"><span>de pareja contra las mujeres: adopci\u00f3n de conductas favorables a la detecci\u00f3n de la violencia por parte de los profesionales en el espacio del examen preventivo<\/span><\/a><\/p>\n<p><strong><a href=\"http:\/\/repositorioinstitucional.uea.edu.br\/handle\/riuea\/5519\" target=\"_blank\" rel=\"noopener\">DESCARGAR<\/a><\/strong><\/p>\n<p>[\/et_pb_blurb][et_pb_blurb title=&#8221;Tamborini, S\u00e9rgio Ant\u00f4nio Saldanha Rodrigues&#8221; url=&#8221;http:\/\/repositorioinstitucional.uea.edu.br\/handle\/riuea\/5529&#8243; url_new_window=&#8221;on&#8221; use_icon=&#8221;on&#8221; font_icon=&#8221;&#x69;||divi||400&#8243; icon_placement=&#8221;left&#8221; content_max_width=&#8221;1100px&#8221; _builder_version=&#8221;4.24.3&#8243; _module_preset=&#8221;default&#8221; body_link_text_color=&#8221;#077c13&#8243; custom_padding=&#8221;0px|||||&#8221; global_colors_info=&#8221;{}&#8221; admin_label=&#8221;9&#8243;]<\/p>\n<p><a href=\"http:\/\/repositorioinstitucional.uea.edu.br\/handle\/riuea\/5529\"><span>Circuitos est\u00e9ticos\u00a0<\/span><\/a><a href=\"http:\/\/repositorioinstitucional.uea.edu.br\/handle\/riuea\/5529\" target=\"_blank\" rel=\"noopener\"><span>para personas trans en el Ambulatorio de Diversidad Sexual y G\u00e9nero de Manaus\/AM<\/span><\/a><a href=\"http:\/\/repositorioinstitucional.uea.edu.br\/handle\/riuea\/5529\" target=\"_blank\" rel=\"noopener\"><\/a><\/p>\n<p><strong><a href=\"http:\/\/repositorioinstitucional.uea.edu.br\/handle\/riuea\/5529\" target=\"_blank\" rel=\"noopener\">DESCARGAR<\/a><\/strong><\/p>\n<p>[\/et_pb_blurb][et_pb_blurb title=&#8221;Ferezin, Suellen Moura Rocha&#8221; url=&#8221;http:\/\/repositorioinstitucional.uea.edu.br\/handle\/riuea\/5535&#8243; url_new_window=&#8221;on&#8221; use_icon=&#8221;on&#8221; font_icon=&#8221;&#x69;||divi||400&#8243; icon_placement=&#8221;left&#8221; content_max_width=&#8221;1100px&#8221; _builder_version=&#8221;4.24.3&#8243; _module_preset=&#8221;default&#8221; body_link_text_color=&#8221;#077c13&#8243; custom_padding=&#8221;0px|||||&#8221; global_colors_info=&#8221;{}&#8221; admin_label=&#8221;10&#8243;]<\/p>\n<p><a href=\"http:\/\/repositorioinstitucional.uea.edu.br\/handle\/riuea\/5535\" target=\"_blank\" rel=\"noopener\"><\/a><span style=\"font-size: 14px; font-style: inherit; font-variant-ligatures: inherit; font-variant-caps: inherit;\"><\/span><a href=\"http:\/\/repositorioinstitucional.uea.edu.br\/handle\/riuea\/5535\" target=\"_blank\" rel=\"noopener\" style=\"font-size: 14px; font-style: inherit; font-variant-ligatures: inherit; font-variant-caps: inherit;\">Letalidad por S\u00edndrome Respiratorio Agudo Severo por COVID 19 en ind\u00edgenas hospitalizados en el estado de Amazonas, 2020 \u2013 2021<\/a><\/p>\n<p><strong><a href=\"http:\/\/repositorioinstitucional.uea.edu.br\/handle\/riuea\/5535\" target=\"_blank\" rel=\"noopener\">DESCARGAR<\/a><\/strong><\/p>\n<p>[\/et_pb_blurb][et_pb_blurb title=&#8221;L\u00f4bo, Lorena Cavalcante&#8221; url=&#8221;http:\/\/repositorioinstitucional.uea.edu.br\/handle\/riuea\/5569&#8243; url_new_window=&#8221;on&#8221; use_icon=&#8221;on&#8221; font_icon=&#8221;&#x69;||divi||400&#8243; icon_placement=&#8221;left&#8221; content_max_width=&#8221;1100px&#8221; _builder_version=&#8221;4.24.3&#8243; _module_preset=&#8221;default&#8221; body_link_text_color=&#8221;#077c13&#8243; global_colors_info=&#8221;{}&#8221; admin_label=&#8221;11&#8243;]<\/p>\n<p><a href=\"http:\/\/repositorioinstitucional.uea.edu.br\/handle\/riuea\/5569\"><span>Enfrentando\u00a0<\/span><\/a><a href=\"http:\/\/repositorioinstitucional.uea.edu.br\/handle\/riuea\/5569\" target=\"_blank\" rel=\"noopener\"><span>el COVID-19 en la frontera: estudio de caso en una ciudad triple fronteriza en el Arco Norte de Brasil<\/span><\/a><a href=\"http:\/\/repositorioinstitucional.uea.edu.br\/handle\/riuea\/5569\" target=\"_blank\" rel=\"noopener\"><\/a><\/p>\n<p><strong><a href=\"http:\/\/repositorioinstitucional.uea.edu.br\/handle\/riuea\/5569\" target=\"_blank\" rel=\"noopener\">DESCARGAR<\/a><\/strong><\/p>\n<p>[\/et_pb_blurb][et_pb_blurb title=&#8221;Naiff, Priscilla Farias&#8221; url=&#8221;https:\/\/pos.uea.edu.br\/data\/area\/dissertacao\/download\/59-10.pdf&#8221; url_new_window=&#8221;on&#8221; use_icon=&#8221;on&#8221; font_icon=&#8221;&#x69;||divi||400&#8243; icon_placement=&#8221;left&#8221; content_max_width=&#8221;1100px&#8221; _builder_version=&#8221;4.24.3&#8243; _module_preset=&#8221;default&#8221; body_link_text_color=&#8221;#077c13&#8243; global_colors_info=&#8221;{}&#8221; admin_label=&#8221;12&#8243;]<\/p>\n<p><a href=\"http:\/\/repositorioinstitucional.uea.edu.br\/handle\/riuea\/5570\" target=\"_blank\" rel=\"noopener\"><\/a><span style=\"font-size: 14px; font-style: inherit; font-variant-ligatures: inherit; font-variant-caps: inherit;\"><\/span><a href=\"http:\/\/repositorioinstitucional.uea.edu.br\/handle\/riuea\/5570\" target=\"_blank\" rel=\"noopener\" style=\"font-size: 14px; font-style: inherit; font-variant-ligatures: inherit; font-variant-caps: inherit;\">Las implicaciones de la pandemia de COVID-19 en los servicios odontol\u00f3gicos, la vida y la pr\u00e1ctica profesional de los cirujanos dentistas en la red p\u00fablica municipal de Manaus \u2013 Amazonas<\/a><\/p>\n<p><strong><a href=\"https:\/\/pos.uea.edu.br\/data\/area\/dissertacao\/download\/59-10.pdf\" target=\"_blank\" rel=\"noopener\">DESCARGAR<\/a><\/strong><\/p>\n<p>[\/et_pb_blurb][\/et_pb_column][\/et_pb_row][et_pb_row disabled_on=&#8221;on|on|on&#8221; _builder_version=&#8221;4.16&#8243; disabled=&#8221;on&#8221; global_colors_info=&#8221;{}&#8221;][et_pb_column type=&#8221;4_4&#8243; _builder_version=&#8221;4.16&#8243; global_colors_info=&#8221;{}&#8221;][et_pb_toggle title=&#8221;2022&#8243; _builder_version=&#8221;4.16&#8243; title_text_color=&#8221;#000000&#8243; title_font=&#8221;|600|||||||&#8221; border_radii=&#8221;on|7px|7px|7px|7px&#8221; global_colors_info=&#8221;{}&#8221;]<\/p>\n<table id=\"tablepress-19\" class=\"tablepress tablepress-id-19 dataTable no-footer\" style=\"border-color: #cccccc;\" role=\"grid\" border=\"1\">\n<thead>\n<tr class=\"row-1 odd\" role=\"row\">\n<th class=\"column-1 sorting_disabled\" colspan=\"1\" rowspan=\"1\">SALIDA<\/th>\n<th class=\"column-2 sorting_disabled\" colspan=\"1\" rowspan=\"1\">TUTOR<\/th>\n<th class=\"column-3 sorting_disabled\" colspan=\"1\" rowspan=\"1\">T\u00cdTULO<\/th>\n<th class=\"column-4 sorting_disabled\" colspan=\"1\" rowspan=\"1\">LINK<\/th>\n<\/tr>\n<\/thead>\n<tbody class=\"row-hover\">\n<tr class=\"row-2 even\">\n<td class=\"column-1\"> <\/td>\n<td class=\"column-2\"> <\/td>\n<td class=\"column-3\"> <\/td>\n<td class=\"column-4\"> <\/td>\n<\/tr>\n<tr class=\"row-2 even\">\n<td class=\"column-1\"> <\/td>\n<td class=\"column-2\"> <\/td>\n<td class=\"column-3\"> <\/td>\n<td class=\"column-4\"> <\/td>\n<\/tr>\n<\/tbody>\n<\/table>\n<p>[\/et_pb_toggle][et_pb_toggle title=&#8221;2021&#8243; _builder_version=&#8221;4.16&#8243; title_text_color=&#8221;#000000&#8243; title_font=&#8221;|600|||||||&#8221; border_radii=&#8221;on|7px|7px|7px|7px&#8221; global_colors_info=&#8221;{}&#8221;]<\/p>\n<table id=\"tablepress-19\" class=\"tablepress tablepress-id-19 dataTable no-footer\" style=\"border-color: #cccccc;\" role=\"grid\" border=\"1\">\n<thead>\n<tr class=\"row-1 odd\" role=\"row\">\n<th class=\"column-1 sorting_disabled\" colspan=\"1\" rowspan=\"1\">SALIDA<\/th>\n<th class=\"column-2 sorting_disabled\" colspan=\"1\" rowspan=\"1\">TUTOR<\/th>\n<th class=\"column-3 sorting_disabled\" colspan=\"1\" rowspan=\"1\">T\u00cdTULO<\/th>\n<th class=\"column-4 sorting_disabled\" colspan=\"1\" rowspan=\"1\">LINK<\/th>\n<\/tr>\n<\/thead>\n<tbody class=\"row-hover\">\n<tr class=\"row-2 even\">\n<td class=\"column-1\"> <\/td>\n<td class=\"column-2\"> <\/td>\n<td class=\"column-3\"> <\/td>\n<td class=\"column-4\"> <\/td>\n<\/tr>\n<tr class=\"row-2 even\">\n<td class=\"column-1\"> <\/td>\n<td class=\"column-2\"> <\/td>\n<td class=\"column-3\"> <\/td>\n<td class=\"column-4\"> <\/td>\n<\/tr>\n<\/tbody>\n<\/table>\n<p>[\/et_pb_toggle][\/et_pb_column][\/et_pb_row][et_pb_row _builder_version=&#8221;4.16&#8243; global_colors_info=&#8221;{}&#8221;][et_pb_column type=&#8221;4_4&#8243; _builder_version=&#8221;4.16&#8243; global_colors_info=&#8221;{}&#8221;][et_pb_divider show_divider=&#8221;off&#8221; _builder_version=&#8221;4.16&#8243; min_height=&#8221;210px&#8221; global_colors_info=&#8221;{}&#8221;][\/et_pb_divider][\/et_pb_column][\/et_pb_row][\/et_pb_section]<\/p>\n","protected":false},"excerpt":{"rendered":"<p>Pronto Programa de Postgrado en Salud P\u00fablica El\u00a0bosque como cura: mujeres, conocimientos tradicionales y promoci\u00f3n de la salud en comunidades del bosque nacional de Tef\u00e9 DESCARGARLa atenci\u00f3n a la salud en el contexto de la pandemia Covid-19: estrategias y desaf\u00edos a partir de las narrativas de trabajadores de Atenci\u00f3n Primaria de Salud en un municipio [&hellip;]<\/p>\n","protected":false},"author":1,"featured_media":0,"parent":0,"menu_order":0,"comment_status":"closed","ping_status":"closed","template":"","meta":{"_et_pb_use_builder":"on","_et_pb_old_content":"","_et_gb_content_width":"","om_disable_all_campaigns":false,"footnotes":""},"class_list":["post-275926","page","type-page","status-publish","hentry"],"aioseo_notices":[],"_links":{"self":[{"href":"https:\/\/ppgsc.uea.edu.br\/index.php\/wp-json\/wp\/v2\/pages\/275926","targetHints":{"allow":["GET"]}}],"collection":[{"href":"https:\/\/ppgsc.uea.edu.br\/index.php\/wp-json\/wp\/v2\/pages"}],"about":[{"href":"https:\/\/ppgsc.uea.edu.br\/index.php\/wp-json\/wp\/v2\/types\/page"}],"author":[{"embeddable":true,"href":"https:\/\/ppgsc.uea.edu.br\/index.php\/wp-json\/wp\/v2\/users\/1"}],"replies":[{"embeddable":true,"href":"https:\/\/ppgsc.uea.edu.br\/index.php\/wp-json\/wp\/v2\/comments?post=275926"}],"version-history":[{"count":9,"href":"https:\/\/ppgsc.uea.edu.br\/index.php\/wp-json\/wp\/v2\/pages\/275926\/revisions"}],"predecessor-version":[{"id":277916,"href":"https:\/\/ppgsc.uea.edu.br\/index.php\/wp-json\/wp\/v2\/pages\/275926\/revisions\/277916"}],"wp:attachment":[{"href":"https:\/\/ppgsc.uea.edu.br\/index.php\/wp-json\/wp\/v2\/media?parent=275926"}],"curies":[{"name":"wp","href":"https:\/\/api.w.org\/{rel}","templated":true}]}}