{"id":275923,"date":"2021-11-19T06:31:40","date_gmt":"2021-11-19T09:31:40","guid":{"rendered":"https:\/\/ppgsc.uea.edu.br\/index.php\/estudiantes\/"},"modified":"2024-03-31T23:06:30","modified_gmt":"2024-04-01T02:06:30","slug":"estudiantes","status":"publish","type":"page","link":"https:\/\/ppgsc.uea.edu.br\/index.php\/es\/estudiantes\/","title":{"rendered":"Estudiantes (ES)"},"content":{"rendered":"<p>[et_pb_section fb_built=&#8221;1&#8243; _builder_version=&#8221;4.11.4&#8243; custom_padding=&#8221;0px||0px|||&#8221; da_disable_devices=&#8221;off|off|off&#8221; da_is_popup=&#8221;off&#8221; da_exit_intent=&#8221;off&#8221; da_has_close=&#8221;on&#8221; da_alt_close=&#8221;off&#8221; da_dark_close=&#8221;off&#8221; da_not_modal=&#8221;on&#8221; da_is_singular=&#8221;off&#8221; da_with_loader=&#8221;off&#8221; da_has_shadow=&#8221;on&#8221;][et_pb_row _builder_version=&#8221;4.11.4&#8243; width=&#8221;100%&#8221; max_width=&#8221;100%&#8221; custom_padding=&#8221;0px||3px|||&#8221;][et_pb_column type=&#8221;4_4&#8243; _builder_version=&#8221;4.11.4&#8243;][et_pb_slider _builder_version=&#8221;4.4.8&#8243; custom_padding=&#8221;6%||||false|false&#8221;][et_pb_slide heading=&#8221;@ET-DC@eyJkeW5hbWljIjp0cnVlLCJjb250ZW50IjoicG9zdF90aXRsZSIsInNldHRpbmdzIjp7ImJlZm9yZSI6IiIsImFmdGVyIjoiIn19@&#8221; _builder_version=&#8221;4.4.8&#8243; _dynamic_attributes=&#8221;heading&#8221; header_font=&#8221;|700|||||||&#8221; header_font_size=&#8221;45px&#8221; background_color=&#8221;#d58c3d&#8221; background_enable_color=&#8221;on&#8221; background_image=&#8221;http:\/\/ppgsc.uea.edu.br\/wp-content\/uploads\/2021\/11\/Fundo-titulos@2x.png&#8221; background_enable_image=&#8221;on&#8221; background_position=&#8221;bottom_center&#8221; header_font_size_tablet=&#8221;40px&#8221; header_font_size_phone=&#8221;&#8221; header_font_size_last_edited=&#8221;on|desktop&#8221;][\/et_pb_slide][\/et_pb_slider][\/et_pb_column][\/et_pb_row][\/et_pb_section][et_pb_section fb_built=&#8221;1&#8243; admin_label=&#8221;Service Section&#8221; _builder_version=&#8221;3.22&#8243; custom_margin=&#8221;|||&#8221; custom_padding=&#8221;35px||110px|||&#8221; da_disable_devices=&#8221;off|off|off&#8221; da_is_popup=&#8221;off&#8221; da_exit_intent=&#8221;off&#8221; da_has_close=&#8221;on&#8221; da_alt_close=&#8221;off&#8221; da_dark_close=&#8221;off&#8221; da_not_modal=&#8221;on&#8221; da_is_singular=&#8221;off&#8221; da_with_loader=&#8221;off&#8221; da_has_shadow=&#8221;on&#8221;][et_pb_row admin_label=&#8221;Service Section Title&#8221; _builder_version=&#8221;3.25&#8243; custom_margin=&#8221;|auto|-2px|auto||&#8221; custom_padding=&#8221;||5px|||&#8221; animation_style=&#8221;fade&#8221; animation_direction=&#8221;top&#8221; saved_tabs=&#8221;all&#8221;][et_pb_column type=&#8221;4_4&#8243; _builder_version=&#8221;3.25&#8243; custom_padding=&#8221;|||&#8221; custom_padding__hover=&#8221;|||&#8221;][et_pb_text admin_label=&#8221;Title&#8221; _builder_version=&#8221;4.4.8&#8243; text_font=&#8221;Noto Sans||||||||&#8221; text_font_size=&#8221;16px&#8221; text_line_height=&#8221;1.9em&#8221; header_font=&#8221;||||||||&#8221; header_2_font=&#8221;Noto Sans|700||on|||||&#8221; header_2_font_size=&#8221;30px&#8221; header_2_line_height=&#8221;1.3em&#8221; text_orientation=&#8221;justified&#8221; module_alignment=&#8221;center&#8221; custom_margin=&#8221;||12px|||&#8221; animation_style=&#8221;slide&#8221; animation_direction=&#8221;bottom&#8221; animation_intensity_slide=&#8221;4%&#8221;]<strong>Clase 2021 <\/strong>[\/et_pb_text][\/et_pb_column][\/et_pb_row][et_pb_row use_custom_gutter=&#8221;on&#8221; gutter_width=&#8221;2&#8243; _builder_version=&#8221;4.4.8&#8243;][et_pb_column type=&#8221;4_4&#8243; _builder_version=&#8221;4.4.8&#8243;][et_pb_team_member name=&#8221;Diana Andreza Rebou\u00e7as Almeida &#8221; position=&#8221;L\u00ednea de investigaci\u00f3n 3: Dimensiones de las pr\u00e1cticas en salud: actores, contextos institucionales y relaciones con el saber. &#8221; _builder_version=&#8221;4.4.8&#8243; header_font=&#8221;||||||||&#8221; header_font_size=&#8221;16px&#8221;]<\/p>\n<p><a href=\"http:\/\/lattes.cnpq.br\/2695144554438103\" target=\"_blank\" rel=\"noopener noreferrer\">Lattes del plan de estudios<\/a><\/p>\n<p>[\/et_pb_team_member][et_pb_team_member name=&#8221;Iamille Lourany Sep\u00falvida dos Santos&#8221; position=&#8221;L\u00ednea de investigaci\u00f3n 3: Dimensiones de las pr\u00e1cticas en salud: actores, contextos institucionales y relaciones con el saber.&#8221; _builder_version=&#8221;4.4.8&#8243; header_font=&#8221;||||||||&#8221; header_font_size=&#8221;16px&#8221;]<\/p>\n<p><a href=\"http:\/\/lattes.cnpq.br\/0351923543395376\" target=\"_blank\" rel=\"noopener noreferrer\">Lattes del plan de estudios<\/a><\/p>\n<p>[\/et_pb_team_member][et_pb_team_member name=&#8221;Juliana Pereira de Ara\u00fajo &#8221; position=&#8221;L\u00ednea de investigaci\u00f3n 3: Dimensiones de las pr\u00e1cticas en salud: actores, contextos institucionales y relaciones con el saber.&#8221; _builder_version=&#8221;4.4.8&#8243; header_font=&#8221;||||||||&#8221; header_font_size=&#8221;16px&#8221;]<\/p>\n<p><a href=\"http:\/\/lattes.cnpq.br\/7540037851525286\" target=\"_blank\" rel=\"noopener noreferrer\">Lattes del plan de estudios<\/a><\/p>\n<p>[\/et_pb_team_member][et_pb_team_member name=&#8221;Lara Suellen Bezerra Lopes &#8221; position=&#8221;L\u00ednea de Investigaci\u00f3n 2: Pol\u00edtica, Planificaci\u00f3n y Gesti\u00f3n en Salud &#8221; _builder_version=&#8221;4.4.8&#8243; header_font=&#8221;||||||||&#8221; header_font_size=&#8221;16px&#8221;]<\/p>\n<p><a href=\"http:\/\/lattes.cnpq.br\/0275379569992890\" target=\"_blank\" rel=\"noopener noreferrer\">Lattes del plan de estudios<\/a><\/p>\n<p>[\/et_pb_team_member][et_pb_team_member name=&#8221;Lorena Cavalcante Lobo &#8221; position=&#8221;L\u00ednea de Investigaci\u00f3n 2: Pol\u00edtica, Planificaci\u00f3n y Gesti\u00f3n en Salud &#8221; _builder_version=&#8221;4.4.8&#8243; header_font=&#8221;||||||||&#8221; header_font_size=&#8221;16px&#8221;]<\/p>\n<p><a href=\"http:\/\/lattes.cnpq.br\/7674260050964808\" target=\"_blank\" rel=\"noopener noreferrer\">Lattes del plan de estudios<\/a><\/p>\n<p>[\/et_pb_team_member][et_pb_team_member name=&#8221;Priscilla Farias Naiff &#8221; position=&#8221;L\u00ednea de Investigaci\u00f3n 2: Pol\u00edtica, Planificaci\u00f3n y Gesti\u00f3n en Salud &#8221; _builder_version=&#8221;4.4.8&#8243; header_font=&#8221;||||||||&#8221; header_font_size=&#8221;16px&#8221;]<\/p>\n<p><a href=\"http:\/\/lattes.cnpq.br\/9213791671408145\" target=\"_blank\" rel=\"noopener noreferrer\">Lattes del plan de estudios<\/a><\/p>\n<p>[\/et_pb_team_member][et_pb_team_member name=&#8221;Rachel Geber Correa &#8221; position=&#8221;L\u00ednea de investigaci\u00f3n 3: Dimensiones de las pr\u00e1cticas en salud: actores, contextos institucionales y relaciones con el saber. &#8221; _builder_version=&#8221;4.4.8&#8243; header_font=&#8221;||||||||&#8221; header_font_size=&#8221;16px&#8221;]<\/p>\n<p><a href=\"http:\/\/lattes.cnpq.br\/1398282524223311\" target=\"_blank\" rel=\"noopener noreferrer\">Lattes del plan de estudios<\/a><\/p>\n<p>[\/et_pb_team_member][et_pb_team_member name=&#8221;Rayssa da Concei\u00e7\u00e3o Brito De Souza &#8221; position=&#8221;L\u00ednea de Investigaci\u00f3n 2: Pol\u00edtica, Planificaci\u00f3n y Gesti\u00f3n en Salud &#8221; _builder_version=&#8221;4.4.8&#8243; header_font=&#8221;||||||||&#8221; header_font_size=&#8221;16px&#8221;]<\/p>\n<p><a href=\"http:\/\/lattes.cnpq.br\/4613678027023584\" target=\"_blank\" rel=\"noopener noreferrer\">Lattes del plan de estudios<\/a><\/p>\n<p>[\/et_pb_team_member][et_pb_team_member name=&#8221;Rayza de Sousa Ramos &#8221; position=&#8221;L\u00ednea de investigaci\u00f3n 1: Distribuci\u00f3n y determinaci\u00f3n de problemas de salud en la regi\u00f3n amaz\u00f3nica &#8221; _builder_version=&#8221;4.4.8&#8243; header_font=&#8221;||||||||&#8221; header_font_size=&#8221;16px&#8221;]<\/p>\n<p><a href=\"http:\/\/lattes.cnpq.br\/9358563375456874\" target=\"_blank\" rel=\"noopener noreferrer\">Lattes del plan de estudios<\/a><\/p>\n<p>[\/et_pb_team_member][et_pb_team_member name=&#8221;Renato da Cunha Ara\u00fajo &#8221; position=&#8221;L\u00ednea de investigaci\u00f3n 1: Distribuci\u00f3n y determinaci\u00f3n de problemas de salud en la regi\u00f3n amaz\u00f3nica &#8221; _builder_version=&#8221;4.4.8&#8243; header_font=&#8221;||||||||&#8221; header_font_size=&#8221;16px&#8221;]<\/p>\n<p><a href=\"http:\/\/lattes.cnpq.br\/4516201244868591\" target=\"_blank\" rel=\"noopener noreferrer\">Lattes del plan de estudios<\/a><\/p>\n<p>[\/et_pb_team_member][et_pb_team_member name=&#8221;S\u00e9rgio Ant\u00f4nio Saldanha Rodrigues Filho &#8221; position=&#8221;L\u00ednea de investigaci\u00f3n 3: Dimensiones de las pr\u00e1cticas en salud: actores, contextos institucionales y relaciones con el saber. &#8221; _builder_version=&#8221;4.4.8&#8243; header_font=&#8221;||||||||&#8221; header_font_size=&#8221;16px&#8221;]<\/p>\n<p><a href=\"http:\/\/lattes.cnpq.br\/2343445236115962\" target=\"_blank\" rel=\"noopener noreferrer\">Lattes del plan de estudios<\/a><\/p>\n<p>[\/et_pb_team_member][et_pb_team_member name=&#8221;Suellen Moura Rocha Ferezin &#8221; position=&#8221;L\u00ednea de investigaci\u00f3n 1: Distribuci\u00f3n y determinaci\u00f3n de problemas de salud en la regi\u00f3n amaz\u00f3nica &#8221; _builder_version=&#8221;4.4.8&#8243; header_font=&#8221;||||||||&#8221; header_font_size=&#8221;16px&#8221;]<\/p>\n<p><a href=\"http:\/\/lattes.cnpq.br\/6923618296616610\" target=\"_blank\" rel=\"noopener noreferrer\">Lattes del plan de estudios<\/a><\/p>\n<p>[\/et_pb_team_member][et_pb_team_member name=&#8221;Vanderlane de Souza Duarte &#8221; position=&#8221;L\u00ednea de Investigaci\u00f3n 2: Pol\u00edtica, Planificaci\u00f3n y Gesti\u00f3n en Salud &#8221; _builder_version=&#8221;4.4.8&#8243; header_font=&#8221;||||||||&#8221; header_font_size=&#8221;16px&#8221;]<\/p>\n<p><a href=\"http:\/\/lattes.cnpq.br\/6907211631787680\" target=\"_blank\" rel=\"noopener noreferrer\">Lattes del plan de estudios<\/a><\/p>\n<p>[\/et_pb_team_member][\/et_pb_column][\/et_pb_row][\/et_pb_section]<\/p>\n","protected":false},"excerpt":{"rendered":"<p>Clase 2021 Lattes del plan de estudiosLattes del plan de estudiosLattes del plan de estudiosLattes del plan de estudiosLattes del plan de estudiosLattes del plan de estudiosLattes del plan de estudiosLattes del plan de estudiosLattes del plan de estudiosLattes del plan de estudiosLattes del plan de estudiosLattes del plan de estudiosLattes del plan de estudios<\/p>\n","protected":false},"author":1,"featured_media":0,"parent":0,"menu_order":0,"comment_status":"closed","ping_status":"closed","template":"","meta":{"_et_pb_use_builder":"on","_et_pb_old_content":"","_et_gb_content_width":"","om_disable_all_campaigns":false,"footnotes":""},"class_list":["post-275923","page","type-page","status-publish","hentry"],"aioseo_notices":[],"_links":{"self":[{"href":"https:\/\/ppgsc.uea.edu.br\/index.php\/wp-json\/wp\/v2\/pages\/275923","targetHints":{"allow":["GET"]}}],"collection":[{"href":"https:\/\/ppgsc.uea.edu.br\/index.php\/wp-json\/wp\/v2\/pages"}],"about":[{"href":"https:\/\/ppgsc.uea.edu.br\/index.php\/wp-json\/wp\/v2\/types\/page"}],"author":[{"embeddable":true,"href":"https:\/\/ppgsc.uea.edu.br\/index.php\/wp-json\/wp\/v2\/users\/1"}],"replies":[{"embeddable":true,"href":"https:\/\/ppgsc.uea.edu.br\/index.php\/wp-json\/wp\/v2\/comments?post=275923"}],"version-history":[{"count":3,"href":"https:\/\/ppgsc.uea.edu.br\/index.php\/wp-json\/wp\/v2\/pages\/275923\/revisions"}],"predecessor-version":[{"id":277576,"href":"https:\/\/ppgsc.uea.edu.br\/index.php\/wp-json\/wp\/v2\/pages\/275923\/revisions\/277576"}],"wp:attachment":[{"href":"https:\/\/ppgsc.uea.edu.br\/index.php\/wp-json\/wp\/v2\/media?parent=275923"}],"curies":[{"name":"wp","href":"https:\/\/api.w.org\/{rel}","templated":true}]}}