{"id":275911,"date":"2021-11-19T06:30:29","date_gmt":"2021-11-19T09:30:29","guid":{"rendered":"https:\/\/ppgsc.uea.edu.br\/index.php\/area-de-concentracion\/"},"modified":"2024-03-31T23:12:47","modified_gmt":"2024-04-01T02:12:47","slug":"area-de-concentracion","status":"publish","type":"page","link":"https:\/\/ppgsc.uea.edu.br\/index.php\/es\/area-de-concentracion\/","title":{"rendered":"\u00c1rea de concentraci\u00f3n (ES)"},"content":{"rendered":"<p>[et_pb_section fb_built=&#8221;1&#8243; _builder_version=&#8221;4.11.4&#8243; custom_padding=&#8221;0px||0px|||&#8221; da_disable_devices=&#8221;off|off|off&#8221; da_is_popup=&#8221;off&#8221; da_exit_intent=&#8221;off&#8221; da_has_close=&#8221;on&#8221; da_alt_close=&#8221;off&#8221; da_dark_close=&#8221;off&#8221; da_not_modal=&#8221;on&#8221; da_is_singular=&#8221;off&#8221; da_with_loader=&#8221;off&#8221; da_has_shadow=&#8221;on&#8221;][et_pb_row _builder_version=&#8221;4.11.4&#8243; width=&#8221;100%&#8221; max_width=&#8221;100%&#8221; custom_padding=&#8221;0px||3px|||&#8221;][et_pb_column type=&#8221;4_4&#8243; _builder_version=&#8221;4.11.4&#8243;][et_pb_slider _builder_version=&#8221;4.4.8&#8243; custom_padding=&#8221;6%||||false|false&#8221;][et_pb_slide heading=&#8221;@ET-DC@eyJkeW5hbWljIjp0cnVlLCJjb250ZW50IjoicG9zdF90aXRsZSIsInNldHRpbmdzIjp7ImJlZm9yZSI6IiIsImFmdGVyIjoiIn19@&#8221; _builder_version=&#8221;4.4.8&#8243; _dynamic_attributes=&#8221;heading&#8221; header_font=&#8221;|700|||||||&#8221; header_font_size=&#8221;45px&#8221; background_color=&#8221;#d58c3d&#8221; background_enable_color=&#8221;on&#8221; background_image=&#8221;http:\/\/ppgsc.uea.edu.br\/wp-content\/uploads\/2021\/11\/Fundo-titulos@2x.png&#8221; background_enable_image=&#8221;on&#8221; background_position=&#8221;bottom_center&#8221; header_font_size_tablet=&#8221;40px&#8221; header_font_size_phone=&#8221;&#8221; header_font_size_last_edited=&#8221;on|desktop&#8221;][\/et_pb_slide][\/et_pb_slider][\/et_pb_column][\/et_pb_row][\/et_pb_section][et_pb_section fb_built=&#8221;1&#8243; admin_label=&#8221;Service Section&#8221; _builder_version=&#8221;3.22&#8243; custom_margin=&#8221;|||&#8221; custom_padding=&#8221;35px||226px|||&#8221; da_disable_devices=&#8221;off|off|off&#8221; da_is_popup=&#8221;off&#8221; da_exit_intent=&#8221;off&#8221; da_has_close=&#8221;on&#8221; da_alt_close=&#8221;off&#8221; da_dark_close=&#8221;off&#8221; da_not_modal=&#8221;on&#8221; da_is_singular=&#8221;off&#8221; da_with_loader=&#8221;off&#8221; da_has_shadow=&#8221;on&#8221;][et_pb_row admin_label=&#8221;Service Section Title&#8221; _builder_version=&#8221;3.25&#8243; custom_margin=&#8221;|auto|-2px|auto||&#8221; custom_padding=&#8221;||5px|||&#8221; animation_style=&#8221;fade&#8221; animation_direction=&#8221;top&#8221; saved_tabs=&#8221;all&#8221;][et_pb_column type=&#8221;4_4&#8243; _builder_version=&#8221;3.25&#8243; custom_padding=&#8221;|||&#8221; custom_padding__hover=&#8221;|||&#8221;][et_pb_text admin_label=&#8221;Title&#8221; _builder_version=&#8221;4.4.8&#8243; text_font=&#8221;Noto Sans||||||||&#8221; text_font_size=&#8221;16px&#8221; text_line_height=&#8221;1.9em&#8221; header_font=&#8221;||||||||&#8221; header_2_font=&#8221;Noto Sans|700||on|||||&#8221; header_2_font_size=&#8221;30px&#8221; header_2_line_height=&#8221;1.3em&#8221; text_orientation=&#8221;justified&#8221; module_alignment=&#8221;center&#8221; custom_margin=&#8221;||12px|||&#8221; animation_style=&#8221;slide&#8221; animation_direction=&#8221;bottom&#8221; animation_intensity_slide=&#8221;4%&#8221;]<\/p>\n<p>El curso se estructura en torno a una sola \u00e1rea de concentraci\u00f3n, SALUD COLECTIVA. El \u00e1rea produce saberes y saberes sobre el objeto \u201csalud\u201d, articulando diferentes disciplinas (epidemiolog\u00eda; ciencias sociales y humanas en salud; pol\u00edticas, planificaci\u00f3n y gesti\u00f3n de sistemas y servicios de salud) que lo contemplan desde diversos \u00e1ngulos; y un \u00e1mbito de pr\u00e1cticas, donde las acciones son realizadas en diferentes contextos por diferentes actores, dentro y fuera del espacio convencionalmente reconocido como \u201csector salud\u201d. Como campo de conocimiento, la Salud Colectiva estudia el fen\u00f3meno salud-enfermedad como un proceso social en las poblaciones; investiga la producci\u00f3n y distribuci\u00f3n de enfermedades en la sociedad como resultado de los procesos de producci\u00f3n y reproducci\u00f3n social; analiza las pr\u00e1cticas de salud en su articulaci\u00f3n con otras pr\u00e1cticas sociales; busca comprender las formas en que la sociedad identifica sus necesidades y problemas de salud, busca explicarlos y se organiza para enfrentarlos. El programa tiene como objetivo profundizar el conocimiento t\u00e9cnico y acad\u00e9mico en salud colectiva en el contexto amaz\u00f3nico, combinado con el desarrollo de competencias y habilidades en la realizaci\u00f3n de estudios en el \u00e1rea de Salud P\u00fablica.<\/p>\n<p>[\/et_pb_text][\/et_pb_column][\/et_pb_row][\/et_pb_section]<\/p>\n","protected":false},"excerpt":{"rendered":"<p>El curso se estructura en torno a una sola \u00e1rea de concentraci\u00f3n, SALUD COLECTIVA. El \u00e1rea produce saberes y saberes sobre el objeto \u201csalud\u201d, articulando diferentes disciplinas (epidemiolog\u00eda; ciencias sociales y humanas en salud; pol\u00edticas, planificaci\u00f3n y gesti\u00f3n de sistemas y servicios de salud) que lo contemplan desde diversos \u00e1ngulos; y un \u00e1mbito de pr\u00e1cticas, [&hellip;]<\/p>\n","protected":false},"author":1,"featured_media":275711,"parent":0,"menu_order":0,"comment_status":"closed","ping_status":"closed","template":"","meta":{"_et_pb_use_builder":"on","_et_pb_old_content":"","_et_gb_content_width":"","om_disable_all_campaigns":false,"footnotes":""},"class_list":["post-275911","page","type-page","status-publish","has-post-thumbnail","hentry"],"aioseo_notices":[],"_links":{"self":[{"href":"https:\/\/ppgsc.uea.edu.br\/index.php\/wp-json\/wp\/v2\/pages\/275911","targetHints":{"allow":["GET"]}}],"collection":[{"href":"https:\/\/ppgsc.uea.edu.br\/index.php\/wp-json\/wp\/v2\/pages"}],"about":[{"href":"https:\/\/ppgsc.uea.edu.br\/index.php\/wp-json\/wp\/v2\/types\/page"}],"author":[{"embeddable":true,"href":"https:\/\/ppgsc.uea.edu.br\/index.php\/wp-json\/wp\/v2\/users\/1"}],"replies":[{"embeddable":true,"href":"https:\/\/ppgsc.uea.edu.br\/index.php\/wp-json\/wp\/v2\/comments?post=275911"}],"version-history":[{"count":5,"href":"https:\/\/ppgsc.uea.edu.br\/index.php\/wp-json\/wp\/v2\/pages\/275911\/revisions"}],"predecessor-version":[{"id":277582,"href":"https:\/\/ppgsc.uea.edu.br\/index.php\/wp-json\/wp\/v2\/pages\/275911\/revisions\/277582"}],"wp:featuredmedia":[{"embeddable":true,"href":"https:\/\/ppgsc.uea.edu.br\/index.php\/wp-json\/wp\/v2\/media\/275711"}],"wp:attachment":[{"href":"https:\/\/ppgsc.uea.edu.br\/index.php\/wp-json\/wp\/v2\/media?parent=275911"}],"curies":[{"name":"wp","href":"https:\/\/api.w.org\/{rel}","templated":true}]}}