{"id":100,"date":"2021-11-19T06:41:35","date_gmt":"2021-11-19T09:41:35","guid":{"rendered":"http:\/\/ppgsc.uea.edu.br\/?page_id=100"},"modified":"2024-06-12T19:58:46","modified_gmt":"2024-06-12T22:58:46","slug":"grupos-de-pesquisa","status":"publish","type":"page","link":"https:\/\/ppgsc.uea.edu.br\/index.php\/grupos-de-pesquisa\/","title":{"rendered":"Grupos de pesquisa"},"content":{"rendered":"<p>[et_pb_section fb_built=&#8221;1&#8243; _builder_version=&#8221;4.16&#8243; custom_padding=&#8221;0px||0px|||&#8221; da_disable_devices=&#8221;off|off|off&#8221; global_colors_info=&#8221;{}&#8221; da_is_popup=&#8221;off&#8221; da_exit_intent=&#8221;off&#8221; da_has_close=&#8221;on&#8221; da_alt_close=&#8221;off&#8221; da_dark_close=&#8221;off&#8221; da_not_modal=&#8221;on&#8221; da_is_singular=&#8221;off&#8221; da_with_loader=&#8221;off&#8221; da_has_shadow=&#8221;on&#8221;][et_pb_row _builder_version=&#8221;4.16&#8243; width=&#8221;100%&#8221; max_width=&#8221;100%&#8221; custom_padding=&#8221;0px||3px|||&#8221; global_colors_info=&#8221;{}&#8221;][et_pb_column type=&#8221;4_4&#8243; _builder_version=&#8221;4.16&#8243; global_colors_info=&#8221;{}&#8221;][et_pb_slider _builder_version=&#8221;4.16&#8243; custom_padding=&#8221;6%||||false|false&#8221; global_colors_info=&#8221;{}&#8221;][et_pb_slide heading=&#8221;@ET-DC@eyJkeW5hbWljIjp0cnVlLCJjb250ZW50IjoicG9zdF90aXRsZSIsInNldHRpbmdzIjp7ImJlZm9yZSI6IiIsImFmdGVyIjoiIn19@&#8221; _builder_version=&#8221;4.16&#8243; _dynamic_attributes=&#8221;heading&#8221; header_font=&#8221;|700|||||||&#8221; header_font_size=&#8221;45px&#8221; background_color=&#8221;#d58c3d&#8221; background_enable_color=&#8221;on&#8221; background_image=&#8221;http:\/\/ppgsc.uea.edu.br\/wp-content\/uploads\/2021\/11\/Fundo-titulos@2x.png&#8221; background_enable_image=&#8221;on&#8221; background_position=&#8221;bottom_center&#8221; header_font_size_tablet=&#8221;40px&#8221; header_font_size_phone=&#8221;&#8221; header_font_size_last_edited=&#8221;on|desktop&#8221; global_colors_info=&#8221;{}&#8221; sticky_transition=&#8221;on&#8221;][\/et_pb_slide][\/et_pb_slider][\/et_pb_column][\/et_pb_row][\/et_pb_section][et_pb_section fb_built=&#8221;1&#8243; admin_label=&#8221;Service Section&#8221; _builder_version=&#8221;4.16&#8243; custom_margin=&#8221;|||&#8221; custom_padding=&#8221;35px||110px|||&#8221; da_disable_devices=&#8221;off|off|off&#8221; global_colors_info=&#8221;{}&#8221; da_is_popup=&#8221;off&#8221; da_exit_intent=&#8221;off&#8221; da_has_close=&#8221;on&#8221; da_alt_close=&#8221;off&#8221; da_dark_close=&#8221;off&#8221; da_not_modal=&#8221;on&#8221; da_is_singular=&#8221;off&#8221; da_with_loader=&#8221;off&#8221; da_has_shadow=&#8221;on&#8221;][et_pb_row use_custom_gutter=&#8221;on&#8221; gutter_width=&#8221;2&#8243; _builder_version=&#8221;4.16&#8243; global_colors_info=&#8221;{}&#8221;][et_pb_column type=&#8221;4_4&#8243; _builder_version=&#8221;4.16&#8243; global_colors_info=&#8221;{}&#8221;][et_pb_team_member name=&#8221;N\u00facleo de Estudos Psicossociais sobre Direitos Humanos e Sa\u00fade &#8211; NEPDS &#8221; position=&#8221;https:\/\/www.epsicouea.com.br\/ &#8221; _builder_version=&#8221;4.16&#8243; header_font=&#8221;|600|||||||&#8221; header_font_size=&#8221;16px&#8221; body_font_size=&#8221;16px&#8221; link_option_url=&#8221;https:\/\/www.epsicouea.com.br\/ &#8221; link_option_url_new_window=&#8221;on&#8221; global_colors_info=&#8221;{}&#8221;]<\/p>\n<p>O NEPDS encontra-se vinculado ao Programa de P\u00f3s-Gradua\u00e7\u00e3o em Sa\u00fade Coletiva, Programa de P\u00f3s-Gradua\u00e7\u00e3o em Seguran\u00e7a P\u00fablica Cidadania e Direitos Humanos e ao Espa\u00e7o de Atendimento Psicossocial (EPSICO). As a\u00e7\u00f5es de ensino, pesquisa e extens\u00e3o desenvolvidas pelo n\u00facleo est\u00e3o comprometidas com a produ\u00e7\u00e3o de conhecimentos e de metodologias de interven\u00e7\u00e3o profissional na perspectiva psicossocial. \u00c9 importante ressaltar que as pesquisas realizadas por este grupo se justificam, n\u00e3o s\u00f3 por suas contribui\u00e7\u00f5es epistemol\u00f3gicas, mas tamb\u00e9m pelas contribui\u00e7\u00f5es sociais nas desconstru\u00e7\u00f5es de enquadres aos sujeitos, que sustentam pr\u00e1ticas excludentes que inviabilizam a compreens\u00e3o cr\u00edtica e complexa da sa\u00fade, educa\u00e7\u00e3o e seus aspectos psicossociais.<\/p>\n<p>Docentes do Programa:<br \/> <a href=\"http:\/\/lattes.cnpq.br\/7409149733046445\" target=\"_blank\" rel=\"noopener noreferrer\">&#8211; Andr\u00e9 Luiz Machado das Neves (L\u00edder)\u00a0<\/a><\/p>\n<p>[\/et_pb_team_member][\/et_pb_column][\/et_pb_row][et_pb_row use_custom_gutter=&#8221;on&#8221; gutter_width=&#8221;2&#8243; _builder_version=&#8221;4.16&#8243; global_colors_info=&#8221;{}&#8221;][et_pb_column type=&#8221;4_4&#8243; _builder_version=&#8221;4.16&#8243; global_colors_info=&#8221;{}&#8221;][et_pb_team_member name=&#8221;N\u00facleo Interdisciplinar de Sa\u00fade e Ambiente na Amaz\u00f4nia &#8211; NISA  &#8221; position=&#8221;http:\/\/dgp.cnpq.br\/dgp\/espelhogrupo\/2986976735175137 &#8221; _builder_version=&#8221;4.16&#8243; header_font=&#8221;|600|||||||&#8221; header_font_size=&#8221;16px&#8221; body_font_size=&#8221;16px&#8221; position_line_height=&#8221;2em&#8221; link_option_url=&#8221;http:\/\/dgp.cnpq.br\/dgp\/espelhogrupo\/2986976735175137 &#8221; link_option_url_new_window=&#8221;on&#8221; hover_enabled=&#8221;0&#8243; global_colors_info=&#8221;{}&#8221; sticky_enabled=&#8221;0&#8243;]<\/p>\n<p>O PIRACEMA\/NISA &#8211; N\u00facleo Interdisciplinar de Sa\u00fade e Ambiente \u00e9 formado por docentes da Escola Superior de Ci\u00eancias da Sa\u00fade da Universidade do Estado do Amazonas. Foi criado objetivando: produzir e disseminar conhecimentos articulados ao ensino, pesquisa e extens\u00e3o; fortalecer a singularidade dos saberes produzidos na Amaz\u00f4nia; fortalecer a interlocu\u00e7\u00e3o entre sa\u00fade e ambiente. S\u00e3o explorados di\u00e1logos e t\u00e9cnicas interdisciplinares, mediante triangula\u00e7\u00f5es metodol\u00f3gicas das abordagens qualitativa e quantitativa. Suas linhas de pesquisa s\u00e3o 1) Diversidade e Desigualdade Socioambiental na Sa\u00fade; 2) Sa\u00fade, Trabalho e Subjetividade no cotidiano amaz\u00f4nico; 3) Aspectos psicossociais e popula\u00e7\u00f5es tradicionais na Amaz\u00f4nia. Al\u00e9m dessas linhas, pretende-se estabelecer parcerias com outros grupos e institui\u00e7\u00f5es para o fortalecimento do campo de sa\u00fade e ambiente na Amaz\u00f4nia.<\/p>\n<p>Docentes do Programa:<br \/> &#8211; <a href=\"http:\/\/lattes.cnpq.br\/9726230226963948\" target=\"_blank\" rel=\"noopener noreferrer\">S\u00e2mia Feitosa Miguez (L\u00edder)<\/a><br \/> &#8211; <a href=\"http:\/\/lattes.cnpq.br\/5840346413537531\" target=\"_blank\" rel=\"noopener noreferrer\">Roseni Pinheiro\u00a0<\/a><\/p>\n<p>[\/et_pb_team_member][\/et_pb_column][\/et_pb_row][et_pb_row use_custom_gutter=&#8221;on&#8221; gutter_width=&#8221;2&#8243; _builder_version=&#8221;4.16&#8243; global_colors_info=&#8221;{}&#8221;][et_pb_column type=&#8221;4_4&#8243; _builder_version=&#8221;4.16&#8243; global_colors_info=&#8221;{}&#8221;][et_pb_team_member name=&#8221;Laborat\u00f3rio de Pesquisa em Promo\u00e7\u00e3o e Educa\u00e7\u00e3o em Sa\u00fade \u2013 LAPPES &#8221; position=&#8221;http:\/\/dgp.cnpq.br\/dgp\/espelhogrupo\/3220268019159437  &#8221; _builder_version=&#8221;4.24.3&#8243; header_font=&#8221;|600|||||||&#8221; header_font_size=&#8221;16px&#8221; body_font_size=&#8221;16px&#8221; position_line_height=&#8221;2em&#8221; link_option_url=&#8221;http:\/\/dgp.cnpq.br\/dgp\/espelhogrupo\/3220268019159437  &#8221; link_option_url_new_window=&#8221;on&#8221; hover_enabled=&#8221;0&#8243; global_colors_info=&#8221;{}&#8221; sticky_enabled=&#8221;0&#8243;]<\/p>\n<p><span style=\"color: #000000;\">O grupo de pesquisa em promo\u00e7\u00e3o e Educa\u00e7\u00e3o em Sa\u00fade, al\u00e9m de contar com a expertise de docentes e alunos da Escola Superior de Ci\u00eancias da Sa\u00fade da Universidade do Estado do Amazonas, oferece tamb\u00e9m uma ferramenta adicional para aqueles que buscam apoio acad\u00eamico especializado. Para os estudantes envolvidos em complexas pesquisas ou necessitados de aux\u00edlio na elabora\u00e7\u00e3o de suas hausarbeiten (trabalhos acad\u00eamicos), existe a possibilidade de solicitar servi\u00e7os especializados como &#8220;<a href=\"https:\/\/hausarbeit-schreiben.com\/\" style=\"text-decoration: none; color: #000000;\">hausarbeit schreiben lassen<\/a>&#8220;, que oferece suporte na escrita de trabalhos de curso, garantindo uma contribui\u00e7\u00e3o valiosa para a qualidade e a profundidade das investiga\u00e7\u00f5es acad\u00eamicas. Essa colabora\u00e7\u00e3o \u00e9 vital para a dissemina\u00e7\u00e3o de conhecimentos atrav\u00e9s das atividades de pesquisa e extens\u00e3o, fortalecendo assim o campo interdisciplinar da sa\u00fade p\u00fablica e educa\u00e7\u00e3o em sa\u00fade. As linhas de pesquisa do grupo abrangem desde a avalia\u00e7\u00e3o e an\u00e1lise de pol\u00edticas p\u00fablicas at\u00e9 a aten\u00e7\u00e3o \u00e0 sa\u00fade de grupos sociais em condi\u00e7\u00f5es de vulnerabilidade.<\/span><\/p>\n<p>Docentes do programa:<br \/>&#8211;<a href=\"http:\/\/lattes.cnpq.br\/7048020974666865\" target=\"_blank\" rel=\"noopener noreferrer\"> Giane Zupellari dos Santos Melo &#8211; L\u00edder\u00a0<\/a><br \/>&#8211; <a href=\"http:\/\/lattes.cnpq.br\/1061333513067009\" target=\"_blank\" rel=\"noopener noreferrer\">S\u00f4nia Maria Lemos\u00a0<\/a><\/p>\n<p>[\/et_pb_team_member][\/et_pb_column][\/et_pb_row][\/et_pb_section]<\/p>\n","protected":false},"excerpt":{"rendered":"<p>O NEPDS encontra-se vinculado ao Programa de P\u00f3s-Gradua\u00e7\u00e3o em Sa\u00fade Coletiva, Programa de P\u00f3s-Gradua\u00e7\u00e3o em Seguran\u00e7a P\u00fablica Cidadania e Direitos Humanos e ao Espa\u00e7o de Atendimento Psicossocial (EPSICO). As a\u00e7\u00f5es de ensino, pesquisa e extens\u00e3o desenvolvidas pelo n\u00facleo est\u00e3o comprometidas com a produ\u00e7\u00e3o de conhecimentos e de metodologias de interven\u00e7\u00e3o profissional na perspectiva psicossocial. \u00c9 [&hellip;]<\/p>\n","protected":false},"author":1,"featured_media":0,"parent":0,"menu_order":0,"comment_status":"closed","ping_status":"closed","template":"","meta":{"_et_pb_use_builder":"on","_et_pb_old_content":"","_et_gb_content_width":"","om_disable_all_campaigns":false,"footnotes":""},"class_list":["post-100","page","type-page","status-publish","hentry"],"aioseo_notices":[],"_links":{"self":[{"href":"https:\/\/ppgsc.uea.edu.br\/index.php\/wp-json\/wp\/v2\/pages\/100","targetHints":{"allow":["GET"]}}],"collection":[{"href":"https:\/\/ppgsc.uea.edu.br\/index.php\/wp-json\/wp\/v2\/pages"}],"about":[{"href":"https:\/\/ppgsc.uea.edu.br\/index.php\/wp-json\/wp\/v2\/types\/page"}],"author":[{"embeddable":true,"href":"https:\/\/ppgsc.uea.edu.br\/index.php\/wp-json\/wp\/v2\/users\/1"}],"replies":[{"embeddable":true,"href":"https:\/\/ppgsc.uea.edu.br\/index.php\/wp-json\/wp\/v2\/comments?post=100"}],"version-history":[{"count":8,"href":"https:\/\/ppgsc.uea.edu.br\/index.php\/wp-json\/wp\/v2\/pages\/100\/revisions"}],"predecessor-version":[{"id":278049,"href":"https:\/\/ppgsc.uea.edu.br\/index.php\/wp-json\/wp\/v2\/pages\/100\/revisions\/278049"}],"wp:attachment":[{"href":"https:\/\/ppgsc.uea.edu.br\/index.php\/wp-json\/wp\/v2\/media?parent=100"}],"curies":[{"name":"wp","href":"https:\/\/api.w.org\/{rel}","templated":true}]}}