{"id":275969,"date":"2021-11-19T06:41:22","date_gmt":"2021-11-19T09:41:22","guid":{"rendered":"https:\/\/ppgsc.uea.edu.br\/index.php\/proceso-de-seleccion\/"},"modified":"2024-03-31T23:03:12","modified_gmt":"2024-04-01T02:03:12","slug":"proceso-de-seleccion","status":"publish","type":"page","link":"http:\/\/ppgsc.uea.edu.br\/index.php\/es\/proceso-de-seleccion\/","title":{"rendered":"Proceso de selecci\u00f3n (ES)"},"content":{"rendered":"<p>[et_pb_section fb_built=&#8221;1&#8243; _builder_version=&#8221;4.11.4&#8243; custom_padding=&#8221;0px||0px|||&#8221; da_disable_devices=&#8221;off|off|off&#8221; da_is_popup=&#8221;off&#8221; da_exit_intent=&#8221;off&#8221; da_has_close=&#8221;on&#8221; da_alt_close=&#8221;off&#8221; da_dark_close=&#8221;off&#8221; da_not_modal=&#8221;on&#8221; da_is_singular=&#8221;off&#8221; da_with_loader=&#8221;off&#8221; da_has_shadow=&#8221;on&#8221;][et_pb_row _builder_version=&#8221;4.11.4&#8243; width=&#8221;100%&#8221; max_width=&#8221;100%&#8221; custom_padding=&#8221;0px||3px|||&#8221;][et_pb_column type=&#8221;4_4&#8243; _builder_version=&#8221;4.11.4&#8243;][et_pb_slider _builder_version=&#8221;4.4.8&#8243; custom_padding=&#8221;6%||||false|false&#8221;][et_pb_slide heading=&#8221;@ET-DC@eyJkeW5hbWljIjp0cnVlLCJjb250ZW50IjoicG9zdF90aXRsZSIsInNldHRpbmdzIjp7ImJlZm9yZSI6IiIsImFmdGVyIjoiIn19@&#8221; _builder_version=&#8221;4.4.8&#8243; _dynamic_attributes=&#8221;heading&#8221; header_font=&#8221;|700|||||||&#8221; header_font_size=&#8221;45px&#8221; background_color=&#8221;#d58c3d&#8221; background_enable_color=&#8221;on&#8221; background_image=&#8221;http:\/\/ppgsc.uea.edu.br\/wp-content\/uploads\/2021\/11\/Fundo-titulos@2x.png&#8221; background_enable_image=&#8221;on&#8221; background_position=&#8221;bottom_center&#8221; header_font_size_tablet=&#8221;40px&#8221; header_font_size_phone=&#8221;&#8221; header_font_size_last_edited=&#8221;on|desktop&#8221;][\/et_pb_slide][\/et_pb_slider][\/et_pb_column][\/et_pb_row][\/et_pb_section][et_pb_section fb_built=&#8221;1&#8243; admin_label=&#8221;Service Section&#8221; _builder_version=&#8221;3.22&#8243; custom_margin=&#8221;|||&#8221; custom_padding=&#8221;35px||226px|||&#8221; da_disable_devices=&#8221;off|off|off&#8221; da_is_popup=&#8221;off&#8221; da_exit_intent=&#8221;off&#8221; da_has_close=&#8221;on&#8221; da_alt_close=&#8221;off&#8221; da_dark_close=&#8221;off&#8221; da_not_modal=&#8221;on&#8221; da_is_singular=&#8221;off&#8221; da_with_loader=&#8221;off&#8221; da_has_shadow=&#8221;on&#8221;][et_pb_row column_structure=&#8221;1_4,3_4&#8243; use_custom_gutter=&#8221;on&#8221; gutter_width=&#8221;2&#8243; admin_label=&#8221;Service Section Title&#8221; _builder_version=&#8221;4.4.8&#8243; width=&#8221;100%&#8221; custom_margin=&#8221;20px||||false|false&#8221; custom_padding=&#8221;||20px|20px|false|false&#8221; animation_style=&#8221;fade&#8221; animation_direction=&#8221;top&#8221; border_width_bottom=&#8221;4px&#8221; border_color_bottom=&#8221;#a23123&#8243; border_color_left=&#8221;#a23123&#8243; saved_tabs=&#8221;all&#8221; custom_margin__hover_enabled=&#8221;off|desktop&#8221;][et_pb_column type=&#8221;1_4&#8243; _builder_version=&#8221;3.25&#8243; custom_padding=&#8221;|||&#8221; custom_padding__hover=&#8221;|||&#8221;][et_pb_text _builder_version=&#8221;4.4.8&#8243; header_2_font=&#8221;|700||on|||||&#8221; header_2_text_align=&#8221;center&#8221; header_2_font_size=&#8221;30px&#8221; header_2_line_height=&#8221;1.3em&#8221; custom_padding=&#8221;20%||||false|false&#8221;]<\/p>\n<h2><span>clase regular 2022<\/span><\/h2>\n<p>[\/et_pb_text][\/et_pb_column][et_pb_column type=&#8221;3_4&#8243; _builder_version=&#8221;3.25&#8243; custom_padding=&#8221;|||&#8221; custom_padding__hover=&#8221;|||&#8221;][et_pb_blurb title=&#8221;Detalles de selecci\u00f3n&#8221; content_max_width=&#8221;100%&#8221; _builder_version=&#8221;4.4.8&#8243; header_font=&#8221;|700|||||||&#8221; header_font_size=&#8221;18px&#8221; header_line_height=&#8221;1.2em&#8221; body_text_align=&#8221;justify&#8221;]<\/p>\n<p><strong>T\u00edtulo:<\/strong> <span>Circular N\u00b0 079\/2021 -GR\/UEA &#8211; Maestr\u00eda en Salud P\u00fablica (PPGSC)<\/span><br \/> <strong>Aviso de Apertura:<\/strong> <span>N\u00ba 079\/2021<\/span><br \/> <strong>Unidad:<\/strong> ESCOLA SUPERIOR DE CIENCIAS DA SAUDE<br \/> <strong>Registro de casa:<\/strong> <span>03\/12\/2021<\/span><br \/> <strong>Fecha limite de registro:<\/strong> <span>07\/01\/2022<\/span><br \/> <strong>Sinopsis:<\/strong> <span>El Decano de la Universidade do Estado do Amazonas, en uso de las atribuciones que le confiere la legislaci\u00f3n vigente, hace p\u00fablica la selecci\u00f3n para admisi\u00f3n de alumnos al Curso de Maestr\u00eda Acad\u00e9mica en Salud P\u00fablica, ofrecido por la Universidad, boleto 2022.<\/span><\/p>\n<p>[\/et_pb_blurb][et_pb_button button_url=&#8221;https:\/\/selecao2.uea.edu.br\/?dest=info&amp;selecao=4901&#8243; url_new_window=&#8221;on&#8221; button_text=&#8221;Edital&#8221; _builder_version=&#8221;4.4.8&#8243; custom_button=&#8221;on&#8221; button_text_size=&#8221;16px&#8221; button_bg_color=&#8221;#a23123&#8243; button_font=&#8221;|600|||||||&#8221;][\/et_pb_button][et_pb_button button_url=&#8221;https:\/\/selecao1.uea.edu.br\/?dest=info&amp;selecao=3464%20&#8243; url_new_window=&#8221;on&#8221; button_text=&#8221;Resultados&#8221; disabled_on=&#8221;on|on|on&#8221; _builder_version=&#8221;4.4.8&#8243; custom_button=&#8221;on&#8221; button_text_size=&#8221;16px&#8221; button_bg_color=&#8221;#a23123&#8243; button_font=&#8221;|600|||||||&#8221; disabled=&#8221;on&#8221;][\/et_pb_button][\/et_pb_column][\/et_pb_row][et_pb_row column_structure=&#8221;1_4,3_4&#8243; use_custom_gutter=&#8221;on&#8221; gutter_width=&#8221;2&#8243; admin_label=&#8221;Service Section Title&#8221; _builder_version=&#8221;4.4.8&#8243; width=&#8221;100%&#8221; custom_margin=&#8221;20px||||false|false&#8221; custom_padding=&#8221;||20px|20px|false|false&#8221; animation_style=&#8221;fade&#8221; animation_direction=&#8221;top&#8221; border_width_bottom=&#8221;4px&#8221; border_color_bottom=&#8221;#a23123&#8243; border_color_left=&#8221;#a23123&#8243; saved_tabs=&#8221;all&#8221; custom_margin__hover_enabled=&#8221;off|desktop&#8221;][et_pb_column type=&#8221;1_4&#8243; _builder_version=&#8221;3.25&#8243; custom_padding=&#8221;|||&#8221; custom_padding__hover=&#8221;|||&#8221;][et_pb_text _builder_version=&#8221;4.4.8&#8243; header_2_font=&#8221;|700||on|||||&#8221; header_2_text_align=&#8221;center&#8221; header_2_font_size=&#8221;30px&#8221; header_2_line_height=&#8221;1.3em&#8221; custom_padding=&#8221;20%||||false|false&#8221;]<\/p>\n<h2>Estudiante Especial 2021\/1<\/h2>\n<p>[\/et_pb_text][\/et_pb_column][et_pb_column type=&#8221;3_4&#8243; _builder_version=&#8221;3.25&#8243; custom_padding=&#8221;|||&#8221; custom_padding__hover=&#8221;|||&#8221;][et_pb_blurb title=&#8221;Detalles de selecci\u00f3n&#8221; content_max_width=&#8221;100%&#8221; _builder_version=&#8221;4.4.8&#8243; header_font=&#8221;|700|||||||&#8221; header_font_size=&#8221;18px&#8221; header_line_height=&#8221;1.2em&#8221; body_text_align=&#8221;justify&#8221;]<\/p>\n<p><strong>T\u00edtulo:<\/strong> Proceso de Selecci\u00f3n ESTUDIANTE ESPECIAL 2021\/1 &#8211; Maestr\u00eda en Salud P\u00fablica (PPGSC)<br \/> <strong>Aviso de Apertura:<\/strong> Convocatoria p\u00fablica<br \/> <strong>Unidad:<\/strong> ESCOLA SUPERIOR DE CIENCIAS DA SAUDE<br \/> <strong>Registro de casa:<\/strong> 18\/02\/2021<br \/> <strong>Fecha limite de registro:<\/strong> 24\/02\/2021<br \/> <strong>Sinopsis:<\/strong> El Programa de Posgrado en Salud P\u00fablica de la Universidade do Estado do Amazonas (PPGSC\/UEA) en uso de sus atribuciones legales, hace p\u00fablicas y establece las reglas del proceso de selecci\u00f3n de candidatos externos interesados \u200b\u200ben cursar los cursos ofertados para el primer semestre de 2021.<\/p>\n<p>[\/et_pb_blurb][et_pb_button button_url=&#8221;https:\/\/selecao1.uea.edu.br\/?dest=info&amp;selecao=3464&#8243; url_new_window=&#8221;on&#8221; button_text=&#8221;Edital&#8221; _builder_version=&#8221;4.4.8&#8243; custom_button=&#8221;on&#8221; button_text_size=&#8221;16px&#8221; button_bg_color=&#8221;#a23123&#8243; button_font=&#8221;|600|||||||&#8221;][\/et_pb_button][et_pb_button button_url=&#8221;https:\/\/selecao1.uea.edu.br\/?dest=info&amp;selecao=3464%20&#8243; url_new_window=&#8221;on&#8221; button_text=&#8221;Resultados&#8221; _builder_version=&#8221;4.4.8&#8243; custom_button=&#8221;on&#8221; button_text_size=&#8221;16px&#8221; button_bg_color=&#8221;#a23123&#8243; button_font=&#8221;|600|||||||&#8221;][\/et_pb_button][\/et_pb_column][\/et_pb_row][et_pb_row column_structure=&#8221;1_4,3_4&#8243; use_custom_gutter=&#8221;on&#8221; gutter_width=&#8221;2&#8243; admin_label=&#8221;Service Section Title&#8221; _builder_version=&#8221;4.4.8&#8243; width=&#8221;100%&#8221; custom_margin=&#8221;20px||||false|false&#8221; custom_padding=&#8221;||20px|20px|false|false&#8221; animation_style=&#8221;fade&#8221; animation_direction=&#8221;top&#8221; border_width_bottom=&#8221;4px&#8221; border_color_bottom=&#8221;#a23123&#8243; border_color_left=&#8221;#a23123&#8243; saved_tabs=&#8221;all&#8221; custom_margin__hover_enabled=&#8221;off|desktop&#8221;][et_pb_column type=&#8221;1_4&#8243; _builder_version=&#8221;3.25&#8243; custom_padding=&#8221;|||&#8221; custom_padding__hover=&#8221;|||&#8221;][et_pb_text _builder_version=&#8221;4.4.8&#8243; header_2_font=&#8221;|700||on|||||&#8221; header_2_text_align=&#8221;center&#8221; header_2_font_size=&#8221;30px&#8221; header_2_line_height=&#8221;1.3em&#8221; custom_padding=&#8221;20%||||false|false&#8221;]<\/p>\n<h2>Clase Regular 2021<\/h2>\n<p>[\/et_pb_text][\/et_pb_column][et_pb_column type=&#8221;3_4&#8243; _builder_version=&#8221;3.25&#8243; custom_padding=&#8221;|||&#8221; custom_padding__hover=&#8221;|||&#8221;][et_pb_blurb title=&#8221;Detalles de selecci\u00f3n&#8221; content_max_width=&#8221;100%&#8221; _builder_version=&#8221;4.4.8&#8243; header_font=&#8221;|700|||||||&#8221; header_font_size=&#8221;18px&#8221; header_line_height=&#8221;1.2em&#8221; body_text_align=&#8221;justify&#8221;]<\/p>\n<p><strong>T\u00edtulo:<\/strong> Circular N\u00b0 043\/2020 -GR\/UEA &#8211; Maestr\u00eda en Salud P\u00fablica (PPGSC)<br \/> <strong>Aviso de Apertura:<\/strong> N\u00ba043\/2020<br \/> <strong>Unidad:<\/strong> ESCOLA SUPERIOR DE CIENCIAS DA SAUDE<br \/> <strong>Registro de casa:<\/strong> 04\/08\/2020<br \/> <strong>Fecha limite de registro:<\/strong> 24\/09\/2020<br \/> <strong>Sinopsis:<\/strong> El Rector de la Universidade do Estado do Amazonas, en uso de las atribuciones que le confiere la legislaci\u00f3n vigente, hace p\u00fablica la apertura de inscripci\u00f3n para el proceso de selecci\u00f3n de candidatos para el curso de Maestr\u00eda Acad\u00e9mica en Salud Colectiva, boleto 2021.<\/p>\n<p>[\/et_pb_blurb][et_pb_button button_url=&#8221;https:\/\/selecao1.uea.edu.br\/?dest=info&amp;selecao=2902&#8243; url_new_window=&#8221;on&#8221; button_text=&#8221;Edital&#8221; _builder_version=&#8221;4.4.8&#8243; custom_button=&#8221;on&#8221; button_text_size=&#8221;16px&#8221; button_bg_color=&#8221;#a23123&#8243; button_font=&#8221;|600|||||||&#8221;][\/et_pb_button][et_pb_button button_url=&#8221;https:\/\/selecao1.uea.edu.br\/?dest=info&amp;selecao=2902%20&#8243; url_new_window=&#8221;on&#8221; button_text=&#8221;Resultados&#8221; _builder_version=&#8221;4.4.8&#8243; custom_button=&#8221;on&#8221; button_text_size=&#8221;16px&#8221; button_bg_color=&#8221;#a23123&#8243; button_font=&#8221;|600|||||||&#8221;][\/et_pb_button][\/et_pb_column][\/et_pb_row][\/et_pb_section]<\/p>\n","protected":false},"excerpt":{"rendered":"<p>clase regular 2022T\u00edtulo: Circular N\u00b0 079\/2021 -GR\/UEA &#8211; Maestr\u00eda en Salud P\u00fablica (PPGSC) Aviso de Apertura: N\u00ba 079\/2021 Unidad: ESCOLA SUPERIOR DE CIENCIAS DA SAUDE Registro de casa: 03\/12\/2021 Fecha limite de registro: 07\/01\/2022 Sinopsis: El Decano de la Universidade do Estado do Amazonas, en uso de las atribuciones que le confiere la legislaci\u00f3n vigente, [&hellip;]<\/p>\n","protected":false},"author":1,"featured_media":0,"parent":0,"menu_order":0,"comment_status":"closed","ping_status":"closed","template":"","meta":{"_et_pb_use_builder":"on","_et_pb_old_content":"","_et_gb_content_width":"","om_disable_all_campaigns":false,"footnotes":""},"class_list":["post-275969","page","type-page","status-publish","hentry"],"aioseo_notices":[],"_links":{"self":[{"href":"http:\/\/ppgsc.uea.edu.br\/index.php\/wp-json\/wp\/v2\/pages\/275969","targetHints":{"allow":["GET"]}}],"collection":[{"href":"http:\/\/ppgsc.uea.edu.br\/index.php\/wp-json\/wp\/v2\/pages"}],"about":[{"href":"http:\/\/ppgsc.uea.edu.br\/index.php\/wp-json\/wp\/v2\/types\/page"}],"author":[{"embeddable":true,"href":"http:\/\/ppgsc.uea.edu.br\/index.php\/wp-json\/wp\/v2\/users\/1"}],"replies":[{"embeddable":true,"href":"http:\/\/ppgsc.uea.edu.br\/index.php\/wp-json\/wp\/v2\/comments?post=275969"}],"version-history":[{"count":3,"href":"http:\/\/ppgsc.uea.edu.br\/index.php\/wp-json\/wp\/v2\/pages\/275969\/revisions"}],"predecessor-version":[{"id":277563,"href":"http:\/\/ppgsc.uea.edu.br\/index.php\/wp-json\/wp\/v2\/pages\/275969\/revisions\/277563"}],"wp:attachment":[{"href":"http:\/\/ppgsc.uea.edu.br\/index.php\/wp-json\/wp\/v2\/media?parent=275969"}],"curies":[{"name":"wp","href":"https:\/\/api.w.org\/{rel}","templated":true}]}}