{"id":275954,"date":"2021-11-18T15:15:21","date_gmt":"2021-11-18T18:15:21","guid":{"rendered":"https:\/\/ppgsc.uea.edu.br\/index.php\/comienzo\/"},"modified":"2024-03-31T23:12:42","modified_gmt":"2024-04-01T02:12:42","slug":"comienzo","status":"publish","type":"page","link":"http:\/\/ppgsc.uea.edu.br\/index.php\/es\/comienzo\/","title":{"rendered":"Comienzo (ES)"},"content":{"rendered":"<p>[et_pb_section fb_built=&#8221;1&#8243; _builder_version=&#8221;4.4.8&#8243; background_color=&#8221;#233126&#8243; custom_padding=&#8221;0px||0px|||&#8221; da_disable_devices=&#8221;off|off|off&#8221; da_is_popup=&#8221;off&#8221; da_exit_intent=&#8221;off&#8221; da_has_close=&#8221;on&#8221; da_alt_close=&#8221;off&#8221; da_dark_close=&#8221;off&#8221; da_not_modal=&#8221;on&#8221; da_is_singular=&#8221;off&#8221; da_with_loader=&#8221;off&#8221; da_has_shadow=&#8221;on&#8221;][et_pb_row _builder_version=&#8221;4.4.8&#8243; custom_padding=&#8221;14px||0px|||&#8221;][et_pb_column type=&#8221;4_4&#8243; _builder_version=&#8221;4.4.8&#8243;][et_pb_divider color=&#8221;#ffffff&#8221; _builder_version=&#8221;4.4.8&#8243; custom_padding=&#8221;||0px|||&#8221;][\/et_pb_divider][\/et_pb_column][\/et_pb_row][et_pb_row _builder_version=&#8221;4.11.4&#8243; width=&#8221;100%&#8221; max_width=&#8221;100%&#8221; custom_padding=&#8221;0px||3px|||&#8221;][et_pb_column type=&#8221;4_4&#8243; _builder_version=&#8221;4.11.4&#8243;][et_pb_slider use_bg_overlay=&#8221;off&#8221; use_text_overlay=&#8221;off&#8221; admin_label=&#8221;Banner rotativo&#8221; _builder_version=&#8221;4.4.8&#8243; header_font_size=&#8221;40px&#8221; background_enable_image=&#8221;off&#8221; custom_button=&#8221;on&#8221; max_width=&#8221;100%&#8221; max_width_tablet=&#8221;&#8221; max_width_phone=&#8221;100%&#8221; max_width_last_edited=&#8221;on|phone&#8221; content_width_tablet=&#8221;&#8221; content_width_phone=&#8221;100%&#8221; content_width_last_edited=&#8221;on|phone&#8221; content_max_width=&#8221;100%&#8221; min_height=&#8221;500px&#8221; min_height_tablet=&#8221;&#8221; min_height_phone=&#8221;100px&#8221; min_height_last_edited=&#8221;on|phone&#8221; custom_margin=&#8221;||||false|false&#8221; custom_padding=&#8221;||||false|false&#8221; link_option_url=&#8221;https:\/\/ppgsc.uea.edu.br\/index.php\/visita-tecnica-na-comunidade-ribeirinha-nossa-senhora-do-perpetuo-socorro\/&#8221; hover_enabled=&#8221;0&#8243; header_font_size_tablet=&#8221;&#8221; header_font_size_phone=&#8221;22px&#8221; header_font_size_last_edited=&#8221;on|phone&#8221; button_text_size_tablet=&#8221;&#8221; button_text_size_phone=&#8221;14px&#8221; button_text_size_last_edited=&#8221;on|phone&#8221; custom_css_slide_description=&#8221;margin-right: -300px;||margin-left: 300px;&#8221; custom_css_slide_active_controller=&#8221;background-color: #ce4d2a;||border: 1px solid #fff;&#8221; custom_css_slide_description_last_edited=&#8221;on|tablet&#8221; custom_css_slide_description_phone=&#8221;margin: 0;&#8221; custom_css_slide_description_tablet=&#8221;margin: 0;&#8221; custom_padding__hover_enabled=&#8221;off|desktop&#8221;][et_pb_slide heading=&#8221;La salud en los tiempos de peste del siglo XXI&#8221; button_link=&#8221;https:\/\/ppgsc.uea.edu.br\/index.php\/a-saude-nos-tempos-da-peste-do-seculo-xxi\/&#8221; _builder_version=&#8221;4.4.8&#8243; background_image=&#8221;https:\/\/ppgsc.uea.edu.br\/wp-content\/uploads\/2022\/07\/DICA-DE-LEITURA-PPGSC-1024-\u00d7-577-px-1.png&#8221; background_enable_image=&#8221;on&#8221; hover_enabled=&#8221;0&#8243; title_text=&#8221;DICA DE LEITURA PPGSC (1024\u00a0\u00d7\u00a0577\u00a0px) (1)&#8221;][\/et_pb_slide][et_pb_slide heading=&#8221;Coordinaci\u00f3n participa en el Foro de coordinadores de posgrado en salud colectiva&#8221; button_link=&#8221;https:\/\/ppgsc.uea.edu.br\/index.php\/coordenacao-participa-do-forum-de-coordenadores-de-pos-graduacao-em-saude-coletiva\/&#8221; _builder_version=&#8221;4.4.8&#8243; background_image=&#8221;https:\/\/ppgsc.uea.edu.br\/wp-content\/uploads\/2022\/06\/intercambio-em-rede-nacional-de-pesquisa-1024-\u00d7-577-px-1.png&#8221; background_enable_image=&#8221;on&#8221;][\/et_pb_slide][et_pb_slide heading=&#8221;PPGSC\/UEA e intercambio en una red nacional de investigaci\u00f3n&#8221; button_link=&#8221;https:\/\/ppgsc.uea.edu.br\/index.php\/ppgsc-uea-e-intercambio-em-rede-nacional-de-pesquisa\/&#8221; _builder_version=&#8221;4.4.8&#8243; background_image=&#8221;https:\/\/ppgsc.uea.edu.br\/wp-content\/uploads\/2022\/06\/intercambio-em-rede-nacional-de-pesquisa-1024-\u00d7-577-px.png&#8221; background_enable_image=&#8221;on&#8221;][\/et_pb_slide][et_pb_slide heading=&#8221;Visita t\u00e9cnica a la Comunidad Ribere\u00f1a de Nossa Senhora do Perp\u00e9tuo Socorro&#8221; button_link=&#8221;https:\/\/ppgsc.uea.edu.br\/index.php\/docentes-do-ppgsc-compoe-o-gt-de-saude-lgbt-da-abrasco\/&#8221; _builder_version=&#8221;4.4.8&#8243; background_image=&#8221;https:\/\/ppgsc.uea.edu.br\/wp-content\/uploads\/2022\/06\/POSTS-ATIVIDADE-1024-\u00d7-577-px-2.png&#8221; background_enable_image=&#8221;on&#8221;][\/et_pb_slide][et_pb_slide heading=&#8221;Visita t\u00e9cnica a la Comunidad Ribere\u00f1a de Nuestra Se\u00f1ora del Perpetuo Socorro&#8221; button_link=&#8221;https:\/\/ppgsc.uea.edu.br\/index.php\/docentes-do-ppgsc-compoe-o-gt-de-saude-lgbt-da-abrasco\/&#8221; _builder_version=&#8221;4.4.8&#8243; background_image=&#8221;https:\/\/ppgsc.uea.edu.br\/wp-content\/uploads\/2022\/05\/POST-1024-px-\u00d7-577-px-10.png&#8221; background_enable_image=&#8221;on&#8221;][\/et_pb_slide][et_pb_slide heading=&#8221;ABRASC\u00c3O 2022&#8243; button_text=&#8221;\u00a1Conoce m\u00e1s sobre el evento!&#8221; button_link=&#8221;https:\/\/ppgsc.uea.edu.br\/index.php\/13o-congresso-brasileiro-de-saude-coletiva\/&#8221; _builder_version=&#8221;4.4.8&#8243; background_image=&#8221;https:\/\/ppgsc.uea.edu.br\/wp-content\/uploads\/2022\/05\/POST-1024-px-\u00d7-577-px-6.png&#8221; background_enable_image=&#8221;on&#8221;][\/et_pb_slide][\/et_pb_slider][\/et_pb_column][\/et_pb_row][\/et_pb_section][et_pb_section fb_built=&#8221;1&#8243; admin_label=&#8221;Not\u00edcias&#8221; _builder_version=&#8221;4.4.8&#8243; custom_margin=&#8221;|||&#8221; custom_padding=&#8221;35px||35px|||&#8221; da_disable_devices=&#8221;off|off|off&#8221; da_is_popup=&#8221;off&#8221; da_exit_intent=&#8221;off&#8221; da_has_close=&#8221;on&#8221; da_alt_close=&#8221;off&#8221; da_dark_close=&#8221;off&#8221; da_not_modal=&#8221;on&#8221; da_is_singular=&#8221;off&#8221; da_with_loader=&#8221;off&#8221; da_has_shadow=&#8221;on&#8221;][et_pb_row column_structure=&#8221;2_3,1_3&#8243; custom_padding_last_edited=&#8221;on|phone&#8221; admin_label=&#8221;Service Section Title&#8221; _builder_version=&#8221;4.4.8&#8243; custom_margin=&#8221;|auto|-2px|auto||&#8221; custom_margin_tablet=&#8221;&#8221; custom_margin_phone=&#8221;|auto|-30px|auto|false|false&#8221; custom_margin_last_edited=&#8221;on|phone&#8221; custom_padding=&#8221;||5px|||&#8221; custom_padding_tablet=&#8221;&#8221; custom_padding_phone=&#8221;||0px||false|false&#8221; animation_style=&#8221;fade&#8221; animation_direction=&#8221;top&#8221; saved_tabs=&#8221;all&#8221;][et_pb_column type=&#8221;2_3&#8243; _builder_version=&#8221;3.25&#8243; custom_padding=&#8221;|||&#8221; custom_padding__hover=&#8221;|||&#8221;][et_pb_text _builder_version=&#8221;4.4.8&#8243; text_font=&#8221;Noto Sans JP|||on|||||&#8221; text_text_color=&#8221;#d58c3d&#8221; text_font_size=&#8221;30px&#8221; text_letter_spacing=&#8221;2px&#8221; header_font=&#8221;Noto Sans JP||||||||&#8221; header_text_color=&#8221;#d58c3d&#8221; text_font_size_tablet=&#8221;&#8221; text_font_size_phone=&#8221;25px&#8221; text_font_size_last_edited=&#8221;on|phone&#8221;]<\/p>\n<h2 style=\"color: #c89f69;  \"><strong>Noticias<\/strong><\/h2>\n<p>[\/et_pb_text][et_pb_text _builder_version=&#8221;4.4.8&#8243; text_font=&#8221;||||||||&#8221; text_text_color=&#8221;#000000&#8243; text_font_size=&#8221;16px&#8221;]<\/p>\n<p>Mant\u00e9ngase al tanto de todo lo que sucede en PPGSC<\/p>\n<p>[\/et_pb_text][\/et_pb_column][et_pb_column type=&#8221;1_3&#8243; _builder_version=&#8221;3.25&#8243; custom_padding=&#8221;|||&#8221; custom_padding__hover=&#8221;|||&#8221;][\/et_pb_column][\/et_pb_row][et_pb_row _builder_version=&#8221;4.4.8&#8243;][et_pb_column type=&#8221;4_4&#8243; _builder_version=&#8221;4.11.4&#8243;][et_pb_posts_blog_feed_masonry_agsdcm posts_per_page=&#8221;3&#8243; show_pagination=&#8221;off&#8221; show_author=&#8221;off&#8221; show_more=&#8221;off&#8221; date_format=&#8221;j\/m\/y&#8221; pagination_color=&#8221;#000000&#8243; pagination_bg_color=&#8221;#000000&#8243; pagination_active_color=&#8221;#000000&#8243; pagination_active_bg_color=&#8221;#000000&#8243; category_id=&#8221;5&#8243; show_comments=&#8221;off&#8221; hover_overlay_color=&#8221;rgba(89,89,89,0.55)&#8221; hover_overlay_icon_color=&#8221;#e09900&#8243; admin_label=&#8221;Not\u00edcias&#8221; post_bg_color=&#8221;#233127&#8243; _builder_version=&#8221;4.4.8&#8243; title_font=&#8221;Noto Sans|||on|||||&#8221; title_text_align=&#8221;center&#8221; title_text_color=&#8221;#ffffff&#8221; title_font_size=&#8221;14px&#8221; meta_font=&#8221;|300|||||||&#8221; meta_font_size=&#8221;10px&#8221; body_font_size=&#8221;16px&#8221; custom_read_more=&#8221;on&#8221; read_more_text_color=&#8221;#FFFFFF&#8221; read_more_bg_color=&#8221;#D58C3D&#8221; custom_css_post_hentry=&#8221;text-align: center;||color: #fff;&#8221; custom_css_post_title=&#8221;color: #fff;&#8221; custom_css_post_meta=&#8221;color: #fff;&#8221; custom_css_post_excerpt=&#8221;display: none;&#8221; border_color_all=&#8221;RGBA(0,0,0,0)&#8221; box_shadow_style=&#8221;preset1&#8243; box_shadow_blur=&#8221;12px&#8221; box_shadow_color=&#8221;rgba(0,0,0,0.24)&#8221; blog_feed_module_type=&#8221;masonry&#8221;][\/et_pb_posts_blog_feed_masonry_agsdcm][et_pb_button button_url=&#8221;@ET-DC@eyJkeW5hbWljIjp0cnVlLCJjb250ZW50IjoicG9zdF9saW5rX3VybF9wYWdlIiwic2V0dGluZ3MiOnsicG9zdF9pZCI6IjEwOCJ9fQ==@&#8221; button_text=&#8221;Todas las noticias&#8221; button_alignment=&#8221;center&#8221; _builder_version=&#8221;4.4.8&#8243; _dynamic_attributes=&#8221;button_url&#8221; custom_button=&#8221;on&#8221; button_text_size=&#8221;16px&#8221; button_text_color=&#8221;#ffffff&#8221; button_bg_color=&#8221;#0b3520&#8243; button_border_width=&#8221;4px&#8221; button_border_color=&#8221;#0b3520&#8243; button_border_radius=&#8221;0px&#8221; button_letter_spacing=&#8221;2px&#8221; button_font=&#8221;Roboto||||||||&#8221; button_icon=&#8221;%%36%%&#8221; button_icon_color=&#8221;#a23123&#8243; animation_direction=&#8221;right&#8221; button_text_color_hover=&#8221;#747d88&#8243; button_border_color_hover=&#8221;#747d88&#8243; button_letter_spacing_hover=&#8221;2px&#8221; button_bg_color_hover=&#8221;rgba(0,0,0,0)&#8221; button_text_size__hover_enabled=&#8221;off&#8221; button_one_text_size__hover_enabled=&#8221;off&#8221; button_two_text_size__hover_enabled=&#8221;off&#8221; button_text_color__hover_enabled=&#8221;on|hover&#8221; button_text_color__hover=&#8221;#a23123&#8243; button_one_text_color__hover_enabled=&#8221;off&#8221; button_two_text_color__hover_enabled=&#8221;off&#8221; button_border_width__hover_enabled=&#8221;off&#8221; button_one_border_width__hover_enabled=&#8221;off&#8221; button_two_border_width__hover_enabled=&#8221;off&#8221; button_border_color__hover_enabled=&#8221;on|hover&#8221; button_border_color__hover=&#8221;#a23123&#8243; button_one_border_color__hover_enabled=&#8221;off&#8221; button_two_border_color__hover_enabled=&#8221;off&#8221; button_border_radius__hover_enabled=&#8221;off&#8221; button_one_border_radius__hover_enabled=&#8221;off&#8221; button_two_border_radius__hover_enabled=&#8221;off&#8221; button_letter_spacing__hover_enabled=&#8221;on&#8221; button_letter_spacing__hover=&#8221;2px&#8221; button_one_letter_spacing__hover_enabled=&#8221;off&#8221; button_two_letter_spacing__hover_enabled=&#8221;off&#8221; button_bg_color__hover_enabled=&#8221;on&#8221; button_bg_color__hover=&#8221;rgba(0,0,0,0)&#8221; button_one_bg_color__hover_enabled=&#8221;off&#8221; button_two_bg_color__hover_enabled=&#8221;off&#8221;][\/et_pb_button][\/et_pb_column][\/et_pb_row][\/et_pb_section][et_pb_section fb_built=&#8221;1&#8243; fullwidth=&#8221;on&#8221; _builder_version=&#8221;4.4.8&#8243; da_disable_devices=&#8221;off|off|off&#8221; da_is_popup=&#8221;off&#8221; da_exit_intent=&#8221;off&#8221; da_has_close=&#8221;on&#8221; da_alt_close=&#8221;off&#8221; da_dark_close=&#8221;off&#8221; da_not_modal=&#8221;on&#8221; da_is_singular=&#8221;off&#8221; da_with_loader=&#8221;off&#8221; da_has_shadow=&#8221;on&#8221;][et_pb_fullwidth_code _builder_version=&#8221;4.4.8&#8243; background_image=&#8221;http:\/\/ppgsc.uea.edu.br\/wp-content\/uploads\/2021\/12\/detalhe-site.png&#8221; min_height=&#8221;234px&#8221; custom_padding=&#8221;||7px|||&#8221;]<\/p>\n<div id=\"news-divider\"><!-- [et_pb_line_break_holder] -->  <!-- [et_pb_line_break_holder] --><\/div>\n<p>[\/et_pb_fullwidth_code][\/et_pb_section][et_pb_section fb_built=&#8221;1&#8243; custom_padding_last_edited=&#8221;on|tablet&#8221; _builder_version=&#8221;4.4.8&#8243; background_color=&#8221;#ffffff&#8221; custom_padding_tablet=&#8221;0px||||false|false&#8221; custom_padding_phone=&#8221;0px||||false|false&#8221; da_disable_devices=&#8221;off|off|off&#8221; da_is_popup=&#8221;off&#8221; da_exit_intent=&#8221;off&#8221; da_has_close=&#8221;on&#8221; da_alt_close=&#8221;off&#8221; da_dark_close=&#8221;off&#8221; da_not_modal=&#8221;on&#8221; da_is_singular=&#8221;off&#8221; da_with_loader=&#8221;off&#8221; da_has_shadow=&#8221;on&#8221;][et_pb_row column_structure=&#8221;1_3,1_3,1_3&#8243; use_custom_gutter=&#8221;on&#8221; gutter_width=&#8221;2&#8243; _builder_version=&#8221;4.4.8&#8243;][et_pb_column type=&#8221;1_3&#8243; _builder_version=&#8221;4.4.8&#8243;][et_pb_image src=&#8221;http:\/\/ppgsc.uea.edu.br\/wp-content\/uploads\/2021\/12\/defesas-e-dissertacoes-PPGSC.png&#8221; title_text=&#8221;Defensas&#8221; url=&#8221;http:\/\/ppgsc.uea.edu.br\/?page_id=102&#8243; src_tablet=&#8221;http:\/\/ppgsc.uea.edu.br\/wp-content\/uploads\/2021\/12\/Defesas-.png&#8221; src_phone=&#8221;http:\/\/ppgsc.uea.edu.br\/wp-content\/uploads\/2021\/12\/Defesas-.png&#8221; src_last_edited=&#8221;on|tablet&#8221; align_tablet=&#8221;center&#8221; align_phone=&#8221;&#8221; align_last_edited=&#8221;on|tablet&#8221; _builder_version=&#8221;4.4.8&#8243;][\/et_pb_image][\/et_pb_column][et_pb_column type=&#8221;1_3&#8243; _builder_version=&#8221;4.4.8&#8243;][et_pb_image src=&#8221;http:\/\/ppgsc.uea.edu.br\/wp-content\/uploads\/2021\/12\/processo-seletivo-PPGSC.png&#8221; title_text=&#8221;Procesos de Selecci\u00f3n&#8221; url=&#8221;http:\/\/ppgsc.uea.edu.br\/?page_id=98&#8243; src_tablet=&#8221;http:\/\/ppgsc.uea.edu.br\/wp-content\/uploads\/2021\/12\/Processos-Seletivos-.png&#8221; src_phone=&#8221;http:\/\/ppgsc.uea.edu.br\/wp-content\/uploads\/2021\/12\/Processos-Seletivos-.png&#8221; src_last_edited=&#8221;on|tablet&#8221; align_tablet=&#8221;center&#8221; align_phone=&#8221;&#8221; align_last_edited=&#8221;on|tablet&#8221; _builder_version=&#8221;4.4.8&#8243;][\/et_pb_image][\/et_pb_column][et_pb_column type=&#8221;1_3&#8243; _builder_version=&#8221;4.4.8&#8243;][et_pb_text _builder_version=&#8221;4.4.8&#8243; text_font=&#8221;|700||on|||||&#8221; text_font_size=&#8221;1px&#8221; header_font_size=&#8221;26px&#8221; background_image=&#8221;http:\/\/ppgsc.uea.edu.br\/wp-content\/uploads\/2021\/12\/eventos-PPGSC.png&#8221; background_size=&#8221;contain&#8221; text_orientation=&#8221;center&#8221; background_layout=&#8221;dark&#8221; min_height=&#8221;100px&#8221; custom_margin=&#8221;||-34px||false|false&#8221; custom_padding=&#8221;34px||0px||false|false&#8221; custom_padding_tablet=&#8221;&#8221; custom_padding_phone=&#8221;&#8221; custom_padding_last_edited=&#8221;on|phone&#8221; text_text_shadow_style=&#8221;preset1&#8243; text_text_shadow_color=&#8221;#ffffff&#8221;]<\/p>\n<h2 style=\"font-size: 2.5rem;\"><strong>Eventos<\/strong><\/h2>\n<p>[\/et_pb_text][et_pb_text _builder_version=&#8221;4.4.8&#8243;]<\/p>\n<div class=\"mec-wrap mec-skin-list-container  \" id=\"mec_skin_274868\">\r\n    \r\n    \r\n        <div class=\"mec-skin-list-events-container\" id=\"mec_skin_events_274868\">\r\n        Nenhum evento encontrado!    <\/div>\r\n        \r\n        \r\n<\/div>\n<p>[\/et_pb_text][\/et_pb_column][\/et_pb_row][\/et_pb_section][et_pb_section fb_built=&#8221;1&#8243; admin_label=&#8221;Feature Section&#8221; _builder_version=&#8221;4.4.8&#8243; background_image=&#8221;http:\/\/ppgsc.uea.edu.br\/wp-content\/uploads\/2021\/12\/background.png&#8221; background_size=&#8221;contain&#8221; background_position=&#8221;bottom_right&#8221; min_height=&#8221;726.5px&#8221; custom_margin=&#8221;0px|||||&#8221; custom_padding=&#8221;0px||0px||true|&#8221; background_last_edited=&#8221;on|desktop&#8221; background_enable_image_tablet=&#8221;off&#8221; da_disable_devices=&#8221;off|off|off&#8221; da_is_popup=&#8221;off&#8221; da_exit_intent=&#8221;off&#8221; da_has_close=&#8221;on&#8221; da_alt_close=&#8221;off&#8221; da_dark_close=&#8221;off&#8221; da_not_modal=&#8221;on&#8221; da_is_singular=&#8221;off&#8221; da_with_loader=&#8221;off&#8221; da_has_shadow=&#8221;on&#8221;][et_pb_row column_structure=&#8221;2_3,1_3&#8243; _builder_version=&#8221;4.4.8&#8243;][et_pb_column type=&#8221;2_3&#8243; _builder_version=&#8221;4.4.8&#8243;][et_pb_text _builder_version=&#8221;4.4.8&#8243; text_font=&#8221;Noto Sans JP|||on|||||&#8221; text_text_color=&#8221;#d58c3d&#8221; text_font_size=&#8221;30px&#8221; text_letter_spacing=&#8221;2px&#8221; header_font=&#8221;Noto Sans JP||||||||&#8221; header_text_color=&#8221;#d58c3d&#8221; header_2_font=&#8221;Noto Sans||||||||&#8221; header_2_text_color=&#8221;#d58c3d&#8221; header_2_font_size=&#8221;30px&#8221; header_font_size_tablet=&#8221;&#8221; header_font_size_phone=&#8221;23px&#8221; header_font_size_last_edited=&#8221;on|phone&#8221; header_2_text_align_tablet=&#8221;&#8221; header_2_text_align_phone=&#8221;center&#8221; header_2_text_align_last_edited=&#8221;on|phone&#8221; header_2_font_size_tablet=&#8221;&#8221; header_2_font_size_phone=&#8221;32px&#8221; header_2_font_size_last_edited=&#8221;on|phone&#8221;]<\/p>\n<h2><strong>\u00c1rea de concentraci\u00f3n<\/strong><\/h2>\n<p>[\/et_pb_text][\/et_pb_column][et_pb_column type=&#8221;1_3&#8243; _builder_version=&#8221;4.4.8&#8243;][\/et_pb_column][\/et_pb_row][et_pb_row column_structure=&#8221;2_3,1_3&#8243; _builder_version=&#8221;4.4.8&#8243; custom_padding=&#8221;||0px|||&#8221;][et_pb_column type=&#8221;2_3&#8243; _builder_version=&#8221;4.4.8&#8243;][et_pb_cta button_url=&#8221;#&#8221; button_text=&#8221;DESCUBRE NUESTRAS L\u00cdNEAS DE INVESTIGACI\u00d3N&#8221; _builder_version=&#8221;4.4.8&#8243; body_font=&#8221;Noto Sans||||||||&#8221; body_text_align=&#8221;justify&#8221; background_color=&#8221;#233126&#8243; custom_button=&#8221;on&#8221; button_text_size=&#8221;16px&#8221; button_bg_color=&#8221;#405a3d&#8221; button_border_width=&#8221;0px&#8221; button_border_radius=&#8221;0px&#8221; button_font=&#8221;Noto Sans|700|||||||&#8221; button_icon=&#8221;%%20%%&#8221; button_alignment=&#8221;left&#8221; button_custom_margin=&#8221;1rem||||false|false&#8221; button_custom_padding=&#8221;|4px||4px|false|true&#8221; text_orientation=&#8221;justified&#8221; body_text_align_tablet=&#8221;&#8221; body_text_align_phone=&#8221;center&#8221; body_text_align_last_edited=&#8221;on|phone&#8221; body_font_size_tablet=&#8221;14px&#8221; body_font_size_last_edited=&#8221;off|tablet&#8221; body_line_height_tablet=&#8221;&#8221; body_line_height_phone=&#8221;1.4em&#8221; body_line_height_last_edited=&#8221;on|phone&#8221; button_text_size_tablet=&#8221;&#8221; button_text_size_phone=&#8221;14px&#8221; button_text_size_last_edited=&#8221;on|phone&#8221; button_alignment_tablet=&#8221;&#8221; button_alignment_phone=&#8221;center&#8221; button_alignment_last_edited=&#8221;on|phone&#8221; text_orientation_tablet=&#8221;&#8221; text_orientation_phone=&#8221;&#8221; text_orientation_last_edited=&#8221;on|desktop&#8221;]<\/p>\n<p><span>El curso se estructura en torno a una sola \u00e1rea de concentraci\u00f3n, SALUD COLECTIVA. El \u00e1rea produce saberes y saberes sobre el objeto \u201csalud\u201d, articulando diferentes disciplinas (epidemiolog\u00eda; ciencias sociales y humanas en salud; pol\u00edticas, planificaci\u00f3n y gesti\u00f3n de sistemas y servicios de salud) que lo contemplan desde diversos \u00e1ngulos; y un \u00e1mbito de pr\u00e1cticas, donde las acciones son realizadas en diferentes contextos por diferentes actores, dentro y fuera del espacio convencionalmente reconocido como \u201csector salud\u201d. <\/span><\/p>\n<p><span>Como campo de conocimiento, la Salud Colectiva estudia el fen\u00f3meno salud-enfermedad como un proceso social en las poblaciones; investiga la producci\u00f3n y distribuci\u00f3n de enfermedades en la sociedad como resultado de los procesos de producci\u00f3n y reproducci\u00f3n social; analiza las pr\u00e1cticas de salud en su articulaci\u00f3n con otras pr\u00e1cticas sociales; busca comprender las formas en que la sociedad identifica sus necesidades y problemas de salud, busca explicarlos y se organiza para enfrentarlos.<\/span><\/p>\n<p><span> El programa tiene como objetivo profundizar el conocimiento t\u00e9cnico y acad\u00e9mico en salud colectiva en el contexto amaz\u00f3nico, combinado con el desarrollo de competencias y habilidades en la realizaci\u00f3n de estudios en el \u00e1rea de Salud P\u00fablica.<\/span><\/p>\n<p>[\/et_pb_cta][\/et_pb_column][et_pb_column type=&#8221;1_3&#8243; _builder_version=&#8221;4.4.8&#8243;][\/et_pb_column][\/et_pb_row][et_pb_row disabled_on=&#8221;off|off|on&#8221; _builder_version=&#8221;4.4.8&#8243; transform_scale_tablet=&#8221;&#8221; transform_scale_phone=&#8221;&#8221; transform_scale_last_edited=&#8221;on|tablet&#8221; transform_translate=&#8221;0px|-141px&#8221; transform_translate_tablet=&#8221;&#8221; transform_translate_phone=&#8221;0px|-60px&#8221; transform_translate_last_edited=&#8221;on|phone&#8221; transform_translate_linked=&#8221;off&#8221; transform_rotate_tablet=&#8221;&#8221; transform_rotate_phone=&#8221;&#8221; transform_rotate_last_edited=&#8221;on|tablet&#8221; transform_skew_tablet=&#8221;&#8221; transform_skew_phone=&#8221;&#8221; transform_skew_last_edited=&#8221;on|tablet&#8221; transform_origin_tablet=&#8221;&#8221; transform_origin_phone=&#8221;&#8221; transform_origin_last_edited=&#8221;on|tablet&#8221; transform_styles_last_edited=&#8221;on|phone&#8221; width=&#8221;100%&#8221; custom_margin=&#8221;||-51px||false|false&#8221; custom_padding=&#8221;0px||0px||false|false&#8221; transform_styles_tablet=&#8221;&#8221; transform_styles_phone=&#8221;&#8221;][et_pb_column type=&#8221;4_4&#8243; _builder_version=&#8221;4.4.8&#8243;][et_pb_image src=&#8221;http:\/\/ppgsc.uea.edu.br\/wp-content\/uploads\/2021\/12\/background.png&#8221; title_text=&#8221;background&#8221; _builder_version=&#8221;4.4.8&#8243; custom_padding=&#8221;|0px||0px|false|false&#8221;][\/et_pb_image][\/et_pb_column][\/et_pb_row][\/et_pb_section]<\/p>\n","protected":false},"excerpt":{"rendered":"<p>NoticiasMant\u00e9ngase al tanto de todo lo que sucede en PPGSCEventos<div class=\"mec-wrap mec-skin-list-container  \" id=\"mec_skin_274868\">\r\n    \r\n    \r\n        <div class=\"mec-skin-list-events-container\" id=\"mec_skin_events_274868\">\r\n        Nenhum evento encontrado!    <\/div>\r\n        \r\n        \r\n<\/div>\u00c1rea de concentraci\u00f3nEl curso se estructura en torno a una sola \u00e1rea de concentraci\u00f3n, SALUD COLECTIVA. El \u00e1rea produce saberes y saberes sobre el objeto \u201csalud\u201d, articulando diferentes disciplinas (epidemiolog\u00eda; ciencias sociales y humanas en salud; pol\u00edticas, planificaci\u00f3n y gesti\u00f3n de sistemas y servicios de [&hellip;]<\/p>\n","protected":false},"author":1,"featured_media":275711,"parent":0,"menu_order":0,"comment_status":"closed","ping_status":"closed","template":"","meta":{"_et_pb_use_builder":"on","_et_pb_old_content":"","_et_gb_content_width":"","om_disable_all_campaigns":false,"footnotes":""},"class_list":["post-275954","page","type-page","status-publish","has-post-thumbnail","hentry"],"aioseo_notices":[],"_links":{"self":[{"href":"http:\/\/ppgsc.uea.edu.br\/index.php\/wp-json\/wp\/v2\/pages\/275954","targetHints":{"allow":["GET"]}}],"collection":[{"href":"http:\/\/ppgsc.uea.edu.br\/index.php\/wp-json\/wp\/v2\/pages"}],"about":[{"href":"http:\/\/ppgsc.uea.edu.br\/index.php\/wp-json\/wp\/v2\/types\/page"}],"author":[{"embeddable":true,"href":"http:\/\/ppgsc.uea.edu.br\/index.php\/wp-json\/wp\/v2\/users\/1"}],"replies":[{"embeddable":true,"href":"http:\/\/ppgsc.uea.edu.br\/index.php\/wp-json\/wp\/v2\/comments?post=275954"}],"version-history":[{"count":3,"href":"http:\/\/ppgsc.uea.edu.br\/index.php\/wp-json\/wp\/v2\/pages\/275954\/revisions"}],"predecessor-version":[{"id":277580,"href":"http:\/\/ppgsc.uea.edu.br\/index.php\/wp-json\/wp\/v2\/pages\/275954\/revisions\/277580"}],"wp:featuredmedia":[{"embeddable":true,"href":"http:\/\/ppgsc.uea.edu.br\/index.php\/wp-json\/wp\/v2\/media\/275711"}],"wp:attachment":[{"href":"http:\/\/ppgsc.uea.edu.br\/index.php\/wp-json\/wp\/v2\/media?parent=275954"}],"curies":[{"name":"wp","href":"https:\/\/api.w.org\/{rel}","templated":true}]}}